{"id":23135,"date":"2022-08-09T11:50:57","date_gmt":"2022-08-09T11:50:57","guid":{"rendered":"https:\/\/bondvigilantes.com\/deutsch\/?page_id=23135"},"modified":"2022-08-09T12:04:30","modified_gmt":"2022-08-09T12:04:30","slug":"rechtliche-hinweise","status":"publish","type":"page","link":"https:\/\/bondvigilantes.com\/deutsch\/rechtliche-hinweise\/","title":{"rendered":"Rechtliche Hinweise"},"content":{"rendered":"\n<p>Die Informationen in diesem Blog sind ausschlie\u00dflich f\u00fcr Investment-Experten bestimmt und nicht zur Weiterleitung an andere Personen oder als Grundlage f\u00fcr Anlageentscheidungen gedacht.&nbsp;In diesem Blog erscheinen Kommentierungen und Ansichten zu Themen rund um die Anleihem\u00e4rkte. Die Blogger sind Mitglieder des Anleiheteams von M&amp;G und stellen diese Informationen Investment-Experten zur Verf\u00fcgung, die ihre Kenntnisse \u00fcber diese M\u00e4rkte vertiefen m\u00f6chten. Die in den Blog-Beitr\u00e4gen enthaltenen Informationen sind nicht als Beratung oder Empfehlung bez\u00fcglich einer Anlageentscheidung zu verstehen.<\/p>\n\n\n\n<p>Die Blog-Beitr\u00e4ge stellen nicht die Einsch\u00e4tzungen, Absichten, Pl\u00e4ne oder Strategien von M&amp;G plc oder den mit ihr verbundenen Gesellschaften dar, sondern ausschlie\u00dflich die pers\u00f6nliche Meinung des jeweiligen Autors.<\/p>\n\n\n\n<p>Unangemessene Kommentare werden nach freiem Ermessen des Autors gel\u00f6scht oder bearbeitet.<\/p>\n\n\n\n<p>Dieser Blog kann Empfehlungen oder Aussagen Dritter enthalten bzw. zu fremden Webseiten mit entsprechendem Inhalt verlinkt sein. M&amp;G \u00fcbernimmt keinerlei Gew\u00e4hr f\u00fcr die Genauigkeit, Vollst\u00e4ndigkeit, Aktualit\u00e4t oder Angemessenheit solcher Informationen. Diese Informationen wurden bzw. werden von uns weder \u00fcberpr\u00fcft noch aktualisiert. Wir weisen Sie deshalb explizit darauf hin, dass die Nutzung solcher Informationen auf eigenes Risiko erfolgt. Dar\u00fcber hinaus k\u00f6nnen einige der in diesem Blog ver\u00f6ffentlichten Informationen von Dritten erstellt bzw. bereitgestellt worden sein und sind ggf. nicht von uns \u00fcberpr\u00fcft worden. M&amp;G \u00fcbernimmt keinerlei Haftung f\u00fcr die Erstellung oder Bereitstellung solcher Informationen in diesem Blog. Des Weiteren wird keine Gew\u00e4hrleistung f\u00fcr die Genauigkeit, Angemessenheit oder Vollst\u00e4ndigkeit dieser Informationen \u00fcbernommen.<\/p>\n\n\n\n<p>Mit Ausnahme der ebenfalls von M&amp;G betriebenen Website iViewtv.com dienen die in diesem Blog bereitgestellten Links ausschlie\u00dflich der Information. Wir \u00fcbernehmen keinerlei Verantwortung oder Haftung f\u00fcr Webseiten, auf die von unserem Blog aus zugegriffen wird. Die \u00fcber diese Links zug\u00e4nglichen Webseiten werden von uns weder kontrolliert noch \u00fcberpr\u00fcft. Bitte beachten Sie beim Verlassen unseres Blogs mittels eines solchen Links, dass wir keinerlei Einfluss auf den Inhalt der Zielwebseite haben. Deshalb k\u00f6nnen wir f\u00fcr den Schutz bzw. die Geheimhaltung von Daten, die Sie beim Besuch solcher Webseiten zur Verf\u00fcgung stellen, keinerlei Verantwortung \u00fcbernehmen. Die Webseiten unterliegen auch nicht unseren Nutzungsbedingungen. Wir raten daher zur Vorsicht bei der Nutzung dieser Webseiten und empfehlen Ihnen, sich \u00fcber die jeweiligen Ma\u00dfnahmen zum Datenschutz zu informieren.<br>Das Vorhandensein einer Werbeanzeige in diesem Blog stellt keine Empfehlung der darin angebotenen Waren, Dienste oder Webseiten dar.<\/p>\n\n\n\n<p>Das Vorhandensein einer Werbeanzeige in diesem Blog stellt keine Empfehlung seitens M&amp;G f\u00fcr die darin angebotenen Waren, Dienste oder Webseiten dar.<\/p>\n\n\n\n<p>Es wird keine Haftung f\u00fcr den Gebrauch bzw. Missbrauch der in diesem Blog enthaltenen Informationen \u00fcbernommen.<\/p>\n\n\n\n<p>Die Zuverl\u00e4ssigkeit und Sicherheit von Internet und E-Mail kann bekanntlich nicht garantiert werden. Wir empfehlen Ihnen daher, vertrauliche Informationen nicht per E-Mail an uns zu senden. Wenn Sie trotzdem vertrauliche Informationen schicken, erfolgt dies auf eigenes Risiko. Anweisungen, die von Ihnen per E-Mail bzw. \u00fcber diesen Blog geschickt werden, werden ausschlie\u00dflich auf Ihr Risiko verarbeitet.<\/p>\n\n\n\n<p>M&amp;G ist bestrebt, die m\u00f6glichst volle Verf\u00fcgbarkeit dieses Blogs zu gew\u00e4hrleisten. Daf\u00fcr kann jedoch keine Garantie \u00fcbernommen werden. Der Inhalt dieses Blogs kann sich jederzeit \u00e4ndern. Die zuk\u00fcnftige Verf\u00fcgbarkeit der \u00fcber den Blog angebotenen Dienste kann nicht garantiert werden.<\/p>\n\n\n\n<h2 class=\"wp-block-heading\">Urheberrechte<\/h2>\n\n\n\n<p>Sofern nichts anderes angegeben ist, sind alle Informationen, Texte, Bilder und Layouts Alleineigentum von M&amp;G. Sie d\u00fcrfen Ausz\u00fcge von dieser Webseite ausschlie\u00dflich f\u00fcr Ihren eigenen Gebrauch ausdrucken, kopieren, herunterladen oder zeitweise speichern. Voraussetzung ist dabei, dass Sie evtl. vorhandene Hinweise zu unserem Urheberrecht weder \u00e4ndern noch entfernen. S\u00e4mtliche Eigentumsrechte verbleiben bei M&amp;G. Es werden keinerlei Rechte auf Sie \u00fcbertragen.<\/p>\n\n\n\n<h2 class=\"wp-block-heading\">Ihre Nutzung dieses Blogs<\/h2>\n\n\n\n<p>Sie verpflichten sich dazu:<\/p>\n\n\n\n<ul class=\"wp-block-list\"><li>keine Informationen in diesem Blog zu platzieren, die beleidigend, gesetzeswidrig, verleumderisch, pornographisch, diskriminierend oder in anderer Weise anst\u00f6\u00dfig sind,<\/li><li>keine Informationen zu senden oder in diesem Blog zu platzieren, die einen Virus oder andere sch\u00e4dliche Inhalte enthalten,<\/li><li>den Inhalt dieses Blogs nicht zu ver\u00e4ndern und nicht in den Betrieb des Blogs einzugreifen. Der Versuch, diesen Blog zu besch\u00e4digen, kann eine Straftat darstellen. Wir behalten uns das Recht vor, bei derartigen Vergehen Schadenersatz zu fordern.<\/li><\/ul>\n\n\n\n<h2 class=\"wp-block-heading\">E-Mails<\/h2>\n\n\n\n<p>F\u00fcr von uns an Sie gesandte E-Mails gilt als Eingang der Zeitpunkt der Absendung. Es besteht f\u00fcr uns keine Verpflichtung, von Ihnen eine Eingangsbest\u00e4tigung f\u00fcr solche E-Mails zu verlangen. Wir haften ungeachtet der Ursache nicht f\u00fcr die versp\u00e4tete Zustellung bzw. den Verlust solcher E-Mails. Mit dem Versenden von Schriftverkehr an Ihre E-Mail-Adresse versto\u00dfen wir gegen keinerlei Ihnen gegen\u00fcber bestehende Verpflichtung zur Wahrung der Vertraulichkeit. Dies gilt auch dann, wenn die E-Mail von einer anderen Person gelesen wird.<\/p>\n\n\n\n<p>F\u00fcr von Ihnen an uns gesandte E-Mails gilt als Eingang der Zeitpunkt des Eingangs der Nachricht auf einem unserer Computersysteme.<\/p>\n","protected":false},"excerpt":{"rendered":"<p>Die Informationen in diesem Blog sind ausschlie\u00dflich f\u00fcr Investment-Experten bestimmt und nicht zur Weiterleitung an andere Personen oder als Grundlage f\u00fcr Anlageentscheidungen gedacht.&nbsp;In diesem Blog erscheinen Kommentierungen und Ansichten zu Themen rund um die Anleihem\u00e4rkte. Die Blogger sind Mitglieder des Anleiheteams von M&amp;G und stellen diese Informationen Investment-Experten zur Verf\u00fcgung, die ihre Kenntnisse \u00fcber diese M\u00e4rkte vertiefen m\u00f6chten. Die in den Blog-Beitr\u00e4gen enthaltenen Informationen sind nicht als Beratung oder Empfehlung bez\u00fcglich einer Anlageentscheidung zu verstehen. Die Blog-Beitr\u00e4ge stellen nicht die Einsch\u00e4tzungen, Absichten, Pl\u00e4ne oder Strategien&#8230;<\/p>\n","protected":false},"author":169,"featured_media":0,"parent":0,"menu_order":0,"comment_status":"closed","ping_status":"closed","template":"template-page.php","meta":{"_acf_changed":false,"footnotes":""},"class_list":["post-23135","page","type-page","status-publish","hentry"],"acf":[],"yoast_head":"<!-- This site is optimized with the Yoast SEO Premium plugin v25.8 (Yoast SEO v27.2) - https:\/\/yoast.com\/product\/yoast-seo-premium-wordpress\/ -->\n<title>Rechtliche Hinweise - Deutsch<\/title>\n<meta name=\"description\" content=\"Die Informationen in diesem Blog sind ausschlie\u00dflich f\u00fcr Investment-Experten bestimmt und nicht zur Weiterleitung an andere Personen oder als Grundlage\" \/>\n<meta name=\"robots\" content=\"index, follow, max-snippet:-1, max-image-preview:large, max-video-preview:-1\" \/>\n<link rel=\"canonical\" href=\"https:\/\/bondvigilantes.com\/deutsch\/rechtliche-hinweise\/\" \/>\n<meta name=\"twitter:label1\" content=\"Est. reading time\" \/>\n\t<meta name=\"twitter:data1\" content=\"5 Minuten\" \/>\n<script type=\"application\/ld+json\" class=\"yoast-schema-graph\">{\"@context\":\"https:\/\/schema.org\",\"@graph\":[{\"@type\":\"WebPage\",\"@id\":\"https:\/\/bondvigilantes.com\/deutsch\/rechtliche-hinweise\/\",\"url\":\"https:\/\/bondvigilantes.com\/deutsch\/rechtliche-hinweise\/\",\"name\":\"Rechtliche Hinweise - Deutsch\",\"isPartOf\":{\"@id\":\"https:\/\/bondvigilantes.com\/deutsch\/#website\"},\"datePublished\":\"2022-08-09T11:50:57+00:00\",\"dateModified\":\"2022-08-09T12:04:30+00:00\",\"description\":\"Die Informationen in diesem Blog sind ausschlie\u00dflich f\u00fcr Investment-Experten bestimmt und nicht zur Weiterleitung an andere Personen oder als Grundlage\",\"breadcrumb\":{\"@id\":\"https:\/\/bondvigilantes.com\/deutsch\/rechtliche-hinweise\/#breadcrumb\"},\"inLanguage\":\"de-DE\",\"potentialAction\":[{\"@type\":\"ReadAction\",\"target\":[\"https:\/\/bondvigilantes.com\/deutsch\/rechtliche-hinweise\/\"]}]},{\"@type\":\"BreadcrumbList\",\"@id\":\"https:\/\/bondvigilantes.com\/deutsch\/rechtliche-hinweise\/#breadcrumb\",\"itemListElement\":[{\"@type\":\"ListItem\",\"position\":1,\"name\":\"Home\",\"item\":\"https:\/\/bondvigilantes.com\/deutsch\/\"},{\"@type\":\"ListItem\",\"position\":2,\"name\":\"Rechtliche Hinweise\"}]},{\"@type\":\"WebSite\",\"@id\":\"https:\/\/bondvigilantes.com\/deutsch\/#website\",\"url\":\"https:\/\/bondvigilantes.com\/deutsch\/\",\"name\":\"Deutsch\",\"description\":\"M&amp;G\",\"potentialAction\":[{\"@type\":\"SearchAction\",\"target\":{\"@type\":\"EntryPoint\",\"urlTemplate\":\"https:\/\/bondvigilantes.com\/deutsch\/?s={search_term_string}\"},\"query-input\":{\"@type\":\"PropertyValueSpecification\",\"valueRequired\":true,\"valueName\":\"search_term_string\"}}],\"inLanguage\":\"de-DE\"}]}<\/script>\n<!-- \/ Yoast SEO Premium plugin. -->","yoast_head_json":{"title":"Rechtliche Hinweise - Deutsch","description":"Die Informationen in diesem Blog sind ausschlie\u00dflich f\u00fcr Investment-Experten bestimmt und nicht zur Weiterleitung an andere Personen oder als Grundlage","robots":{"index":"index","follow":"follow","max-snippet":"max-snippet:-1","max-image-preview":"max-image-preview:large","max-video-preview":"max-video-preview:-1"},"canonical":"https:\/\/bondvigilantes.com\/deutsch\/rechtliche-hinweise\/","twitter_misc":{"Est. reading time":"5 Minuten"},"schema":{"@context":"https:\/\/schema.org","@graph":[{"@type":"WebPage","@id":"https:\/\/bondvigilantes.com\/deutsch\/rechtliche-hinweise\/","url":"https:\/\/bondvigilantes.com\/deutsch\/rechtliche-hinweise\/","name":"Rechtliche Hinweise - Deutsch","isPartOf":{"@id":"https:\/\/bondvigilantes.com\/deutsch\/#website"},"datePublished":"2022-08-09T11:50:57+00:00","dateModified":"2022-08-09T12:04:30+00:00","description":"Die Informationen in diesem Blog sind ausschlie\u00dflich f\u00fcr Investment-Experten bestimmt und nicht zur Weiterleitung an andere Personen oder als Grundlage","breadcrumb":{"@id":"https:\/\/bondvigilantes.com\/deutsch\/rechtliche-hinweise\/#breadcrumb"},"inLanguage":"de-DE","potentialAction":[{"@type":"ReadAction","target":["https:\/\/bondvigilantes.com\/deutsch\/rechtliche-hinweise\/"]}]},{"@type":"BreadcrumbList","@id":"https:\/\/bondvigilantes.com\/deutsch\/rechtliche-hinweise\/#breadcrumb","itemListElement":[{"@type":"ListItem","position":1,"name":"Home","item":"https:\/\/bondvigilantes.com\/deutsch\/"},{"@type":"ListItem","position":2,"name":"Rechtliche Hinweise"}]},{"@type":"WebSite","@id":"https:\/\/bondvigilantes.com\/deutsch\/#website","url":"https:\/\/bondvigilantes.com\/deutsch\/","name":"Deutsch","description":"M&amp;G","potentialAction":[{"@type":"SearchAction","target":{"@type":"EntryPoint","urlTemplate":"https:\/\/bondvigilantes.com\/deutsch\/?s={search_term_string}"},"query-input":{"@type":"PropertyValueSpecification","valueRequired":true,"valueName":"search_term_string"}}],"inLanguage":"de-DE"}]}},"_links":{"self":[{"href":"https:\/\/bondvigilantes.com\/deutsch\/wp-json\/wp\/v2\/pages\/23135","targetHints":{"allow":["GET"]}}],"collection":[{"href":"https:\/\/bondvigilantes.com\/deutsch\/wp-json\/wp\/v2\/pages"}],"about":[{"href":"https:\/\/bondvigilantes.com\/deutsch\/wp-json\/wp\/v2\/types\/page"}],"author":[{"embeddable":true,"href":"https:\/\/bondvigilantes.com\/deutsch\/wp-json\/wp\/v2\/users\/169"}],"replies":[{"embeddable":true,"href":"https:\/\/bondvigilantes.com\/deutsch\/wp-json\/wp\/v2\/comments?post=23135"}],"version-history":[{"count":0,"href":"https:\/\/bondvigilantes.com\/deutsch\/wp-json\/wp\/v2\/pages\/23135\/revisions"}],"wp:attachment":[{"href":"https:\/\/bondvigilantes.com\/deutsch\/wp-json\/wp\/v2\/media?parent=23135"}],"curies":[{"name":"wp","href":"https:\/\/api.w.org\/{rel}","templated":true}]}}