{"id":23148,"date":"2022-08-09T18:49:13","date_gmt":"2022-08-09T18:49:13","guid":{"rendered":"https:\/\/bondvigilantes.com\/deutsch\/?page_id=23148"},"modified":"2026-03-30T16:04:07","modified_gmt":"2026-03-30T16:04:07","slug":"contact-us","status":"publish","type":"page","link":"https:\/\/bondvigilantes.com\/deutsch\/contact-us\/","title":{"rendered":"contact us"},"content":{"rendered":"\n<div class=\"wp-block-columns is-layout-flex wp-container-core-columns-is-layout-9d6595d7 wp-block-columns-is-layout-flex\">\n<div class=\"wp-block-column message-us-column is-layout-flow wp-block-column-is-layout-flow\">\n<div class=\"wp-block-group\"><div class=\"wp-block-group__inner-container is-layout-flow wp-block-group-is-layout-flow\">\n<div class=\"wp-block-group message-us-content\"><div class=\"wp-block-group__inner-container is-layout-flow wp-block-group-is-layout-flow\">\n<h2 class=\"wp-block-heading has-text-align-center\" id=\"h-eine-nachricht-von-uns\">Eine Nachricht von uns<\/h2>\n\n\n\n<div class=\"wp-block-group copy\"><div class=\"wp-block-group__inner-container is-layout-flow wp-block-group-is-layout-flow\">\n<p>Falls es ein bestimmtes Thema gibt, mit dem wir uns befassen sollten, dann kontaktieren Sie uns bitte. Oberste Priorit\u00e4t ist nat\u00fcrlich die Verm\u00f6gensverwaltung f\u00fcr unsere Kunden; wir werden also vielleicht nicht immer sofort reagieren k\u00f6nnen. Wir freuen uns aber immer \u00fcber Feedback von unseren Lesern. Sagen Sie uns ruhig ganz ehrlich Ihre Meinung!<\/p>\n\n\n\n<p>Bond Vigilantes,<br>M&amp;G Investments<\/p>\n<\/div><\/div>\n<\/div><\/div>\n<\/div><\/div>\n\n\n\n<div class=\"wp-block-group email-us-column\"><div class=\"wp-block-group__inner-container is-layout-flow wp-block-group-is-layout-flow\">\n<h2 class=\"wp-block-heading\" id=\"h-e-mail\">E-Mail<\/h2>\n\n\n\n<div class=\"wp-block-group contact-mailto\"><div class=\"wp-block-group__inner-container is-layout-flow wp-block-group-is-layout-flow\">\n<figure class=\"wp-block-image size-full\"><a href=\"https:\/\/bondvigilantes.com\/wp-content\/uploads\/2022\/07\/Group-293@2x.png\" data-rel=\"lightbox-image-0\" data-rl_title=\"\" data-rl_caption=\"\" title=\"\"><img decoding=\"async\" src=\"https:\/\/bondvigilantes.com\/wp-content\/uploads\/2022\/07\/Group-293@2x.png\" alt=\"\" class=\"wp-image-23067\" \/><\/a><\/figure>\n\n\n\n<p><a href=\"mailto:bondvigilates@mandg.com\">bondvigilates@mandg.com<\/a><\/p>\n<\/div><\/div>\n<\/div><\/div>\n<\/div>\n\n\n\n<div class=\"wp-block-column contact-follow-us-column is-layout-flow wp-block-column-is-layout-flow\">\n<div class=\"wp-block-group\"><div class=\"wp-block-group__inner-container is-layout-flow wp-block-group-is-layout-flow\">\n<h2 class=\"wp-block-heading contact-follow-us-big-heading\" id=\"h-folgen-sie-uns\">Folgen Sie uns<\/h2>\n\n\n\n<div class=\"wp-block-group linkedin-section\"><div class=\"wp-block-group__inner-container is-layout-flow wp-block-group-is-layout-flow\">\n<h3 class=\"wp-block-heading follow-on-linkedin-header\" id=\"h-folgen-sie-uns-auf-linkedin\">Folgen Sie uns auf LinkedIn<\/h3>\n\n\n\n<p>Bleiben Sie auf dem Laufenden mit unseren neuesten LinkedIn Beitr\u00e4gen<\/p>\n\n\n\n<div class=\"wp-block-group follow-us-link\"><div class=\"wp-block-group__inner-container is-layout-flow wp-block-group-is-layout-flow\">\n<figure class=\"wp-block-image size-full for-lightmode\"><a href=\"https:\/\/bondvigilantes.com\/wp-content\/uploads\/2022\/07\/iconmonstr-linkedin-1@2x.png\" data-rel=\"lightbox-image-1\" data-rl_title=\"\" data-rl_caption=\"\" title=\"\"><img decoding=\"async\" src=\"https:\/\/bondvigilantes.com\/wp-content\/uploads\/2022\/07\/iconmonstr-linkedin-1@2x.png\" alt=\"\" class=\"wp-image-23069\" \/><\/a><\/figure>\n\n\n\n<figure class=\"wp-block-image size-full for-darkmode\"><a href=\"https:\/\/bondvigilantes.com\/deutsch\/wp-content\/uploads\/sites\/3\/2022\/08\/MicrosoftTeams-image-34.png\" data-rel=\"lightbox-image-2\" data-rl_title=\"\" data-rl_caption=\"\" title=\"\"><img loading=\"lazy\" decoding=\"async\" width=\"110\" height=\"100\" src=\"https:\/\/bondvigilantes.com\/deutsch\/wp-content\/uploads\/sites\/3\/2022\/08\/MicrosoftTeams-image-34.png\" alt=\"\" class=\"wp-image-23189\" \/><\/a><\/figure>\n\n\n\n<p><a href=\"https:\/\/www.linkedin.com\/showcase\/bond-vigilantes\">Folgen Sie uns<\/a><\/p>\n<\/div><\/div>\n<\/div><\/div>\n\n\n\n<div class=\"wp-block-group linkedin-section\"><div class=\"wp-block-group__inner-container is-layout-flow wp-block-group-is-layout-flow\">\n<h3 class=\"wp-block-heading follow-on-linkedin-header\" id=\"h-debattieren-sie-mit-uns-auf-twitter\">Debattieren Sie mit uns auf Twitter<\/h3>\n\n\n\n<p>Beteiligen Sie sich aktiv an der Diskussion auf unserem Twitter-Kanal<\/p>\n\n\n\n<div class=\"wp-block-group follow-us-link\"><div class=\"wp-block-group__inner-container is-layout-flow wp-block-group-is-layout-flow\">\n<figure class=\"wp-block-image size-full for-lightmode\"><a href=\"https:\/\/bondvigilantes.com\/wp-content\/uploads\/2022\/07\/iconmonstr-twitter-1@2x.png\" data-rel=\"lightbox-image-3\" data-rl_title=\"\" data-rl_caption=\"\" title=\"\"><img decoding=\"async\" src=\"https:\/\/bondvigilantes.com\/wp-content\/uploads\/2022\/07\/iconmonstr-twitter-1@2x.png\" alt=\"\" class=\"wp-image-23068\" \/><\/a><\/figure>\n\n\n\n<figure class=\"wp-block-image size-full for-darkmode\"><a href=\"https:\/\/bondvigilantes.com\/deutsch\/wp-content\/uploads\/sites\/3\/2022\/08\/MicrosoftTeams-image-35.png\" data-rel=\"lightbox-image-4\" data-rl_title=\"\" data-rl_caption=\"\" title=\"\"><img loading=\"lazy\" decoding=\"async\" width=\"132\" height=\"100\" src=\"https:\/\/bondvigilantes.com\/deutsch\/wp-content\/uploads\/sites\/3\/2022\/08\/MicrosoftTeams-image-35.png\" alt=\"\" class=\"wp-image-23190\" \/><\/a><\/figure>\n\n\n\n<p><a href=\"https:\/\/twitter.com\/bondvigilantes\">Folgen Sie uns<\/a><\/p>\n<\/div><\/div>\n<\/div><\/div>\n<\/div><\/div>\n<\/div>\n<\/div>\n","protected":false},"excerpt":{"rendered":"<p>Eine Nachricht von uns Falls es ein bestimmtes Thema gibt, mit dem wir uns befassen sollten, dann kontaktieren Sie uns bitte. Oberste Priorit\u00e4t ist nat\u00fcrlich die Verm\u00f6gensverwaltung f\u00fcr unsere Kunden; wir werden also vielleicht nicht immer sofort reagieren k\u00f6nnen. Wir freuen uns aber immer \u00fcber Feedback von unseren Lesern. Sagen Sie uns ruhig ganz ehrlich Ihre Meinung! Bond Vigilantes,M&amp;G Investments E-Mail bondvigilates@mandg.com Folgen Sie uns Folgen Sie uns auf LinkedIn Bleiben Sie auf dem Laufenden mit unseren neuesten LinkedIn Beitr\u00e4gen Folgen Sie uns Debattieren Sie&#8230;<\/p>\n","protected":false},"author":169,"featured_media":0,"parent":0,"menu_order":0,"comment_status":"closed","ping_status":"closed","template":"template-page.php","meta":{"_acf_changed":false,"footnotes":""},"class_list":["post-23148","page","type-page","status-publish","hentry"],"acf":[],"yoast_head":"<!-- This site is optimized with the Yoast SEO Premium plugin v25.8 (Yoast SEO v27.4) - https:\/\/yoast.com\/product\/yoast-seo-premium-wordpress\/ -->\n<title>contact us - Deutsch<\/title>\n<meta name=\"description\" content=\"Eine Nachricht von uns Falls es ein bestimmtes Thema gibt, mit dem wir uns befassen sollten, dann kontaktieren Sie uns bitte. Oberste Priorit\u00e4t ist\" \/>\n<meta name=\"robots\" content=\"index, follow, max-snippet:-1, max-image-preview:large, max-video-preview:-1\" \/>\n<link rel=\"canonical\" href=\"https:\/\/bondvigilantes.com\/deutsch\/contact-us\/\" \/>\n<meta name=\"twitter:label1\" content=\"Est. reading time\" \/>\n\t<meta name=\"twitter:data1\" content=\"2 Minuten\" \/>\n<script type=\"application\/ld+json\" class=\"yoast-schema-graph\">{\"@context\":\"https:\\\/\\\/schema.org\",\"@graph\":[{\"@type\":\"WebPage\",\"@id\":\"https:\\\/\\\/bondvigilantes.com\\\/deutsch\\\/contact-us\\\/\",\"url\":\"https:\\\/\\\/bondvigilantes.com\\\/deutsch\\\/contact-us\\\/\",\"name\":\"contact us - Deutsch\",\"isPartOf\":{\"@id\":\"https:\\\/\\\/bondvigilantes.com\\\/deutsch\\\/#website\"},\"primaryImageOfPage\":{\"@id\":\"https:\\\/\\\/bondvigilantes.com\\\/deutsch\\\/contact-us\\\/#primaryimage\"},\"image\":{\"@id\":\"https:\\\/\\\/bondvigilantes.com\\\/deutsch\\\/contact-us\\\/#primaryimage\"},\"thumbnailUrl\":\"https:\\\/\\\/bondvigilantes.com\\\/wp-content\\\/uploads\\\/2022\\\/07\\\/Group-293@2x.png\",\"datePublished\":\"2022-08-09T18:49:13+00:00\",\"dateModified\":\"2026-03-30T16:04:07+00:00\",\"description\":\"Eine Nachricht von uns Falls es ein bestimmtes Thema gibt, mit dem wir uns befassen sollten, dann kontaktieren Sie uns bitte. Oberste Priorit\u00e4t ist\",\"breadcrumb\":{\"@id\":\"https:\\\/\\\/bondvigilantes.com\\\/deutsch\\\/contact-us\\\/#breadcrumb\"},\"inLanguage\":\"de-DE\",\"potentialAction\":[{\"@type\":\"ReadAction\",\"target\":[\"https:\\\/\\\/bondvigilantes.com\\\/deutsch\\\/contact-us\\\/\"]}]},{\"@type\":\"ImageObject\",\"inLanguage\":\"de-DE\",\"@id\":\"https:\\\/\\\/bondvigilantes.com\\\/deutsch\\\/contact-us\\\/#primaryimage\",\"url\":\"https:\\\/\\\/bondvigilantes.com\\\/wp-content\\\/uploads\\\/2022\\\/07\\\/Group-293@2x.png\",\"contentUrl\":\"https:\\\/\\\/bondvigilantes.com\\\/wp-content\\\/uploads\\\/2022\\\/07\\\/Group-293@2x.png\"},{\"@type\":\"BreadcrumbList\",\"@id\":\"https:\\\/\\\/bondvigilantes.com\\\/deutsch\\\/contact-us\\\/#breadcrumb\",\"itemListElement\":[{\"@type\":\"ListItem\",\"position\":1,\"name\":\"Home\",\"item\":\"https:\\\/\\\/bondvigilantes.com\\\/deutsch\\\/\"},{\"@type\":\"ListItem\",\"position\":2,\"name\":\"contact us\"}]},{\"@type\":\"WebSite\",\"@id\":\"https:\\\/\\\/bondvigilantes.com\\\/deutsch\\\/#website\",\"url\":\"https:\\\/\\\/bondvigilantes.com\\\/deutsch\\\/\",\"name\":\"Deutsch\",\"description\":\"M&amp;G\",\"potentialAction\":[{\"@type\":\"SearchAction\",\"target\":{\"@type\":\"EntryPoint\",\"urlTemplate\":\"https:\\\/\\\/bondvigilantes.com\\\/deutsch\\\/?s={search_term_string}\"},\"query-input\":{\"@type\":\"PropertyValueSpecification\",\"valueRequired\":true,\"valueName\":\"search_term_string\"}}],\"inLanguage\":\"de-DE\"}]}<\/script>\n<!-- \/ Yoast SEO Premium plugin. -->","yoast_head_json":{"title":"contact us - Deutsch","description":"Eine Nachricht von uns Falls es ein bestimmtes Thema gibt, mit dem wir uns befassen sollten, dann kontaktieren Sie uns bitte. Oberste Priorit\u00e4t ist","robots":{"index":"index","follow":"follow","max-snippet":"max-snippet:-1","max-image-preview":"max-image-preview:large","max-video-preview":"max-video-preview:-1"},"canonical":"https:\/\/bondvigilantes.com\/deutsch\/contact-us\/","twitter_misc":{"Est. reading time":"2 Minuten"},"schema":{"@context":"https:\/\/schema.org","@graph":[{"@type":"WebPage","@id":"https:\/\/bondvigilantes.com\/deutsch\/contact-us\/","url":"https:\/\/bondvigilantes.com\/deutsch\/contact-us\/","name":"contact us - Deutsch","isPartOf":{"@id":"https:\/\/bondvigilantes.com\/deutsch\/#website"},"primaryImageOfPage":{"@id":"https:\/\/bondvigilantes.com\/deutsch\/contact-us\/#primaryimage"},"image":{"@id":"https:\/\/bondvigilantes.com\/deutsch\/contact-us\/#primaryimage"},"thumbnailUrl":"https:\/\/bondvigilantes.com\/wp-content\/uploads\/2022\/07\/Group-293@2x.png","datePublished":"2022-08-09T18:49:13+00:00","dateModified":"2026-03-30T16:04:07+00:00","description":"Eine Nachricht von uns Falls es ein bestimmtes Thema gibt, mit dem wir uns befassen sollten, dann kontaktieren Sie uns bitte. Oberste Priorit\u00e4t ist","breadcrumb":{"@id":"https:\/\/bondvigilantes.com\/deutsch\/contact-us\/#breadcrumb"},"inLanguage":"de-DE","potentialAction":[{"@type":"ReadAction","target":["https:\/\/bondvigilantes.com\/deutsch\/contact-us\/"]}]},{"@type":"ImageObject","inLanguage":"de-DE","@id":"https:\/\/bondvigilantes.com\/deutsch\/contact-us\/#primaryimage","url":"https:\/\/bondvigilantes.com\/wp-content\/uploads\/2022\/07\/Group-293@2x.png","contentUrl":"https:\/\/bondvigilantes.com\/wp-content\/uploads\/2022\/07\/Group-293@2x.png"},{"@type":"BreadcrumbList","@id":"https:\/\/bondvigilantes.com\/deutsch\/contact-us\/#breadcrumb","itemListElement":[{"@type":"ListItem","position":1,"name":"Home","item":"https:\/\/bondvigilantes.com\/deutsch\/"},{"@type":"ListItem","position":2,"name":"contact us"}]},{"@type":"WebSite","@id":"https:\/\/bondvigilantes.com\/deutsch\/#website","url":"https:\/\/bondvigilantes.com\/deutsch\/","name":"Deutsch","description":"M&amp;G","potentialAction":[{"@type":"SearchAction","target":{"@type":"EntryPoint","urlTemplate":"https:\/\/bondvigilantes.com\/deutsch\/?s={search_term_string}"},"query-input":{"@type":"PropertyValueSpecification","valueRequired":true,"valueName":"search_term_string"}}],"inLanguage":"de-DE"}]}},"_links":{"self":[{"href":"https:\/\/bondvigilantes.com\/deutsch\/wp-json\/wp\/v2\/pages\/23148","targetHints":{"allow":["GET"]}}],"collection":[{"href":"https:\/\/bondvigilantes.com\/deutsch\/wp-json\/wp\/v2\/pages"}],"about":[{"href":"https:\/\/bondvigilantes.com\/deutsch\/wp-json\/wp\/v2\/types\/page"}],"author":[{"embeddable":true,"href":"https:\/\/bondvigilantes.com\/deutsch\/wp-json\/wp\/v2\/users\/169"}],"replies":[{"embeddable":true,"href":"https:\/\/bondvigilantes.com\/deutsch\/wp-json\/wp\/v2\/comments?post=23148"}],"version-history":[{"count":0,"href":"https:\/\/bondvigilantes.com\/deutsch\/wp-json\/wp\/v2\/pages\/23148\/revisions"}],"wp:attachment":[{"href":"https:\/\/bondvigilantes.com\/deutsch\/wp-json\/wp\/v2\/media?parent=23148"}],"curies":[{"name":"wp","href":"https:\/\/api.w.org\/{rel}","templated":true}]}}