{"id":3194,"date":"2016-02-18T14:38:54","date_gmt":"2016-02-18T14:38:54","guid":{"rendered":"https:\/\/www.bondvigilantes.com\/deutsch\/?page_id=3194"},"modified":"2016-05-10T13:22:07","modified_gmt":"2016-05-10T13:22:07","slug":"bond-vigilantes-roadshow-2016","status":"publish","type":"page","link":"https:\/\/bondvigilantes.com\/deutsch\/bond-vigilantes-roadshow-2016\/","title":{"rendered":"Bond Vigilantes Day 2016"},"content":{"rendered":"<h2>Das Anleihen-Expertenforum<\/h2>\n<p>Vielen Dank f\u00fcr Ihr Interesse an unserem Bond Vigilantes Day 2016. Hier k\u00f6nnen Sie die Pr\u00e4sentationen der Veranstaltung im PDF-Format herunterladen:<\/p>\n<p>Dr. Wolfgang Bauer &#8211; <a href=\"https:\/\/bondvigilantes.com\/wp-content\/uploads\/sites\/3\/2021\/12\/M-G-Dr-Wolfgang-Bauer-Mai-16.pdf\" target=\"_blank\">Perspektiven f\u00fcr die Rentenm\u00e4rkte in 2016<\/a><\/p>\n<p>Claudia Calich &#8211; <a href=\"https:\/\/bondvigilantes.com\/wp-content\/uploads\/sites\/3\/2021\/12\/M-G-Claudia-Calich-Mai-16.pdf\" target=\"_blank\">Ein Schwellenl\u00e4nderrentenfonds der \u201ebesten Ideen\u201c<\/a><\/p>\n<p>James Tomlins &#8211; <a href=\"https:\/\/bondvigilantes.com\/wp-content\/uploads\/sites\/3\/2021\/12\/M-G-James-Tomlins-Mai-16.pdf\" target=\"_blank\">Ein neues Konzept f\u00fcr ein Umfeld steigender Zinsen<\/a><\/p>\n<h2>Profile der Sprecher<\/h2>\n<p><a href=\"https:\/\/bondvigilantes.com\/wp-content\/uploads\/sites\/3\/2021\/12\/claudia_calich_100.png\" rel=\"attachment wp-att-2363\" data-rel=\"lightbox-image-0\" data-rl_title=\"\" data-rl_caption=\"\" title=\"\"><img loading=\"lazy\" decoding=\"async\" class=\"size-full wp-image-2363 alignleft\" style=\"padding: 0;margin-left: 40px\" src=\"https:\/\/bondvigilantes.com\/wp-content\/uploads\/sites\/3\/2021\/12\/claudia_calich_100.png\" alt=\"claudia_calich_100\" width=\"100\" height=\"100\" \/><\/a><\/p>\n<p style=\"clear: left\"><strong>Claudia Calich<\/strong> kam im Oktober 2013 als Spezialistin f\u00fcr Schwellenmarktanleihen zu M&amp;G und wurde im Dezember 2013 zur Fondsmanagerin des M&amp;G Emerging Markets Bond Fund ernannt. Im Juli 2015 \u00fcbernahm sie zus\u00e4tzlich als Leitende Fondsmanagerin den M&amp;G Global Government Bond Fund und wurde zur Stellvertretenden Fondsmanagerin des M&amp;G Global Macro Bond Fund ernannt. Claudia verf\u00fcgt \u00fcber mehr als 20 Jahre Erfahrung mit Schwellenm\u00e4rkten und war zuletzt als Senior Portfolio Manager bei Invesco in New York t\u00e4tig. Davor arbeitete Sie in verschiedenen Positionen bei Oppenheimer Funds, Fuji Bank, Standard &amp; Poor\u2019s sowie Reuters. Claudia Calich schloss 1989 ihr Studium an der Susquehanna University mit einem BA Honours in Economics ab und besitzt \u00fcberdies einen Masterabschluss in International Economics der International University of Japan in Niigata.<\/p>\n<p><a href=\"https:\/\/bondvigilantes.com\/wp-content\/uploads\/sites\/3\/2021\/12\/james_tomlins_100.png\" rel=\"attachment wp-att-2366\" data-rel=\"lightbox-image-1\" data-rl_title=\"\" data-rl_caption=\"\" title=\"\"><img loading=\"lazy\" decoding=\"async\" class=\"size-full wp-image-2366 alignleft\" style=\"padding: 0;margin-left: 40px\" src=\"https:\/\/bondvigilantes.com\/wp-content\/uploads\/sites\/3\/2021\/12\/james_tomlins_100.png\" alt=\"james_tomlins_100\" width=\"100\" height=\"100\" \/><\/a><\/p>\n<p style=\"clear: left\"><strong>James Tomlins<\/strong> kam im Jahr 2011 zu M&amp;G und wurde noch im gleichen Jahr zum Fondsmanager des M&amp;G European High Yield Corporate Bond Fund ernannt. Im Januar 2014 wurde er Co-Manager des M&amp;G Global High Yield Bond Fund, nachdem er zuvor zwei Jahre als stellvertretender Fondsmanager des Fonds t\u00e4tig war. Seit seiner Auflegung im September 2014 managt James Tomlins au\u00dferdem den M&amp;G Global Floating Rate High Yield Fund. Er ist Spezialist f\u00fcr Hochzinsanleihen mit einer zehnj\u00e4hrigen Berufserfahrung in diesem Bereich. Zuvor hat er als Analyst und sp\u00e4ter auch als Fondsmanager bei Cazenove Capital Management gearbeitet. Vor seiner Zeit bei Cazenove war James Tomlins ein Jahr bei KBC Alternative Investment Management sowie davor drei Jahre lang bei Merrill Lynch Investment Managers t\u00e4tig. Tomlins ist Chartered Financial Analyst (CFA).<\/p>\n<p><a href=\"https:\/\/bondvigilantes.com\/wp-content\/uploads\/sites\/3\/2021\/12\/wolfgang_bauer_100.png\" rel=\"attachment wp-att-2374\" data-rel=\"lightbox-image-2\" data-rl_title=\"\" data-rl_caption=\"\" title=\"\"><img loading=\"lazy\" decoding=\"async\" class=\"size-full wp-image-2374 alignleft\" style=\"padding: 0;margin-left: 40px\" src=\"https:\/\/bondvigilantes.com\/wp-content\/uploads\/sites\/3\/2021\/12\/wolfgang_bauer_100.png\" alt=\"wolfgang_bauer_100\" width=\"100\" height=\"100\" \/><\/a><\/p>\n<p style=\"clear: left\"><strong>Wolfgang Bauer<\/strong> ist stellvertretender Fondsmanager des M&amp;G Global Corporate Bond Fund und des M&amp;G European Corporate Bond Fund. Seit Anfang des Jahres ist er Mitglied des Retail Fixed Interest\u00a0Teams von M&amp;G und dort schwerpunktm\u00e4\u00dfig f\u00fcr US-amerikanische Investment-Grade-Unternehmensanleihen zust\u00e4ndig. Wolfgang Bauer hat an der University of Cambridge in Chemie promoviert und kam 2012 im Rahmen des M&amp;G Investment Graduate Programme zu M&amp;G. Nachdem er verschiedene Gesch\u00e4ftsbereiche durchlaufen hat, wurde er im August 2013 als Analyst Mitglied des Real Estate Finance Teams, ehe er im Januar 2014 die Position eines Junior-Fondsmanagers im Retail Fixed Interest\u00a0Team \u00fcbernahm.<\/p>\n<h2 style=\"clear: left\">Kontakt<\/h2>\n<p>Sollten Sie Fragen zu dieser Veranstaltung haben, kontaktieren Sie uns wie folgt:<\/p>\n<p><strong>Telefon:<\/strong> +49 69 1338 6720<br \/>\n<strong>E-Mail:<\/strong> <a href=\"mailto:info@mandg.de\">info@mandg.de<\/a><\/p>\n","protected":false},"excerpt":{"rendered":"<p>Das Anleihen-Expertenforum Vielen Dank f\u00fcr Ihr Interesse an unserem Bond Vigilantes Day 2016. Hier k\u00f6nnen Sie die Pr\u00e4sentationen der Veranstaltung im PDF-Format herunterladen: Dr. Wolfgang Bauer &#8211; Perspektiven f\u00fcr die Rentenm\u00e4rkte in 2016 Claudia Calich &#8211; Ein Schwellenl\u00e4nderrentenfonds der \u201ebesten Ideen\u201c James Tomlins &#8211; Ein neues Konzept f\u00fcr ein Umfeld steigender Zinsen Profile der Sprecher Claudia Calich kam im Oktober 2013 als Spezialistin f\u00fcr Schwellenmarktanleihen zu M&amp;G und wurde im Dezember 2013 zur Fondsmanagerin des M&amp;G Emerging Markets Bond Fund ernannt. Im Juli 2015 \u00fcbernahm&#8230;<\/p>\n","protected":false},"author":48,"featured_media":0,"parent":0,"menu_order":0,"comment_status":"closed","ping_status":"closed","template":"","meta":{"_acf_changed":false,"footnotes":""},"class_list":["post-3194","page","type-page","status-publish","hentry"],"acf":[],"yoast_head":"<!-- This site is optimized with the Yoast SEO Premium plugin v25.8 (Yoast SEO v27.6) - https:\/\/yoast.com\/product\/yoast-seo-premium-wordpress\/ -->\n<title>Bond Vigilantes Day 2016 - Deutsch<\/title>\n<meta name=\"description\" content=\"Das Anleihen-Expertenforum Vielen Dank f\u00fcr Ihr Interesse an unserem Bond Vigilantes Day 2016. Hier k\u00f6nnen Sie die Pr\u00e4sentationen der Veranstaltung im\" \/>\n<meta name=\"robots\" content=\"index, follow, max-snippet:-1, max-image-preview:large, max-video-preview:-1\" \/>\n<link rel=\"canonical\" href=\"https:\/\/bondvigilantes.com\/deutsch\/bond-vigilantes-roadshow-2016\/\" \/>\n<meta name=\"twitter:label1\" content=\"Est. reading time\" \/>\n\t<meta name=\"twitter:data1\" content=\"2 Minuten\" \/>\n<script type=\"application\/ld+json\" class=\"yoast-schema-graph\">{\"@context\":\"https:\\\/\\\/schema.org\",\"@graph\":[{\"@type\":\"WebPage\",\"@id\":\"https:\\\/\\\/bondvigilantes.com\\\/deutsch\\\/bond-vigilantes-roadshow-2016\\\/\",\"url\":\"https:\\\/\\\/bondvigilantes.com\\\/deutsch\\\/bond-vigilantes-roadshow-2016\\\/\",\"name\":\"Bond Vigilantes Day 2016 - Deutsch\",\"isPartOf\":{\"@id\":\"https:\\\/\\\/bondvigilantes.com\\\/deutsch\\\/#website\"},\"primaryImageOfPage\":{\"@id\":\"https:\\\/\\\/bondvigilantes.com\\\/deutsch\\\/bond-vigilantes-roadshow-2016\\\/#primaryimage\"},\"image\":{\"@id\":\"https:\\\/\\\/bondvigilantes.com\\\/deutsch\\\/bond-vigilantes-roadshow-2016\\\/#primaryimage\"},\"thumbnailUrl\":\"https:\\\/\\\/bondvigilantes.com\\\/wp-content\\\/uploads\\\/sites\\\/3\\\/2021\\\/12\\\/claudia_calich_100.png\",\"datePublished\":\"2016-02-18T14:38:54+00:00\",\"dateModified\":\"2016-05-10T13:22:07+00:00\",\"description\":\"Das Anleihen-Expertenforum Vielen Dank f\u00fcr Ihr Interesse an unserem Bond Vigilantes Day 2016. Hier k\u00f6nnen Sie die Pr\u00e4sentationen der Veranstaltung im\",\"breadcrumb\":{\"@id\":\"https:\\\/\\\/bondvigilantes.com\\\/deutsch\\\/bond-vigilantes-roadshow-2016\\\/#breadcrumb\"},\"inLanguage\":\"de-DE\",\"potentialAction\":[{\"@type\":\"ReadAction\",\"target\":[\"https:\\\/\\\/bondvigilantes.com\\\/deutsch\\\/bond-vigilantes-roadshow-2016\\\/\"]}]},{\"@type\":\"ImageObject\",\"inLanguage\":\"de-DE\",\"@id\":\"https:\\\/\\\/bondvigilantes.com\\\/deutsch\\\/bond-vigilantes-roadshow-2016\\\/#primaryimage\",\"url\":\"https:\\\/\\\/bondvigilantes.com\\\/wp-content\\\/uploads\\\/sites\\\/3\\\/2021\\\/12\\\/claudia_calich_100.png\",\"contentUrl\":\"https:\\\/\\\/bondvigilantes.com\\\/wp-content\\\/uploads\\\/sites\\\/3\\\/2021\\\/12\\\/claudia_calich_100.png\"},{\"@type\":\"BreadcrumbList\",\"@id\":\"https:\\\/\\\/bondvigilantes.com\\\/deutsch\\\/bond-vigilantes-roadshow-2016\\\/#breadcrumb\",\"itemListElement\":[{\"@type\":\"ListItem\",\"position\":1,\"name\":\"Home\",\"item\":\"https:\\\/\\\/bondvigilantes.com\\\/deutsch\\\/\"},{\"@type\":\"ListItem\",\"position\":2,\"name\":\"Bond Vigilantes Day 2016\"}]},{\"@type\":\"WebSite\",\"@id\":\"https:\\\/\\\/bondvigilantes.com\\\/deutsch\\\/#website\",\"url\":\"https:\\\/\\\/bondvigilantes.com\\\/deutsch\\\/\",\"name\":\"Deutsch\",\"description\":\"M&amp;G\",\"potentialAction\":[{\"@type\":\"SearchAction\",\"target\":{\"@type\":\"EntryPoint\",\"urlTemplate\":\"https:\\\/\\\/bondvigilantes.com\\\/deutsch\\\/?s={search_term_string}\"},\"query-input\":{\"@type\":\"PropertyValueSpecification\",\"valueRequired\":true,\"valueName\":\"search_term_string\"}}],\"inLanguage\":\"de-DE\"}]}<\/script>\n<!-- \/ Yoast SEO Premium plugin. -->","yoast_head_json":{"title":"Bond Vigilantes Day 2016 - Deutsch","description":"Das Anleihen-Expertenforum Vielen Dank f\u00fcr Ihr Interesse an unserem Bond Vigilantes Day 2016. Hier k\u00f6nnen Sie die Pr\u00e4sentationen der Veranstaltung im","robots":{"index":"index","follow":"follow","max-snippet":"max-snippet:-1","max-image-preview":"max-image-preview:large","max-video-preview":"max-video-preview:-1"},"canonical":"https:\/\/bondvigilantes.com\/deutsch\/bond-vigilantes-roadshow-2016\/","twitter_misc":{"Est. reading time":"2 Minuten"},"schema":{"@context":"https:\/\/schema.org","@graph":[{"@type":"WebPage","@id":"https:\/\/bondvigilantes.com\/deutsch\/bond-vigilantes-roadshow-2016\/","url":"https:\/\/bondvigilantes.com\/deutsch\/bond-vigilantes-roadshow-2016\/","name":"Bond Vigilantes Day 2016 - Deutsch","isPartOf":{"@id":"https:\/\/bondvigilantes.com\/deutsch\/#website"},"primaryImageOfPage":{"@id":"https:\/\/bondvigilantes.com\/deutsch\/bond-vigilantes-roadshow-2016\/#primaryimage"},"image":{"@id":"https:\/\/bondvigilantes.com\/deutsch\/bond-vigilantes-roadshow-2016\/#primaryimage"},"thumbnailUrl":"https:\/\/bondvigilantes.com\/wp-content\/uploads\/sites\/3\/2021\/12\/claudia_calich_100.png","datePublished":"2016-02-18T14:38:54+00:00","dateModified":"2016-05-10T13:22:07+00:00","description":"Das Anleihen-Expertenforum Vielen Dank f\u00fcr Ihr Interesse an unserem Bond Vigilantes Day 2016. Hier k\u00f6nnen Sie die Pr\u00e4sentationen der Veranstaltung im","breadcrumb":{"@id":"https:\/\/bondvigilantes.com\/deutsch\/bond-vigilantes-roadshow-2016\/#breadcrumb"},"inLanguage":"de-DE","potentialAction":[{"@type":"ReadAction","target":["https:\/\/bondvigilantes.com\/deutsch\/bond-vigilantes-roadshow-2016\/"]}]},{"@type":"ImageObject","inLanguage":"de-DE","@id":"https:\/\/bondvigilantes.com\/deutsch\/bond-vigilantes-roadshow-2016\/#primaryimage","url":"https:\/\/bondvigilantes.com\/wp-content\/uploads\/sites\/3\/2021\/12\/claudia_calich_100.png","contentUrl":"https:\/\/bondvigilantes.com\/wp-content\/uploads\/sites\/3\/2021\/12\/claudia_calich_100.png"},{"@type":"BreadcrumbList","@id":"https:\/\/bondvigilantes.com\/deutsch\/bond-vigilantes-roadshow-2016\/#breadcrumb","itemListElement":[{"@type":"ListItem","position":1,"name":"Home","item":"https:\/\/bondvigilantes.com\/deutsch\/"},{"@type":"ListItem","position":2,"name":"Bond Vigilantes Day 2016"}]},{"@type":"WebSite","@id":"https:\/\/bondvigilantes.com\/deutsch\/#website","url":"https:\/\/bondvigilantes.com\/deutsch\/","name":"Deutsch","description":"M&amp;G","potentialAction":[{"@type":"SearchAction","target":{"@type":"EntryPoint","urlTemplate":"https:\/\/bondvigilantes.com\/deutsch\/?s={search_term_string}"},"query-input":{"@type":"PropertyValueSpecification","valueRequired":true,"valueName":"search_term_string"}}],"inLanguage":"de-DE"}]}},"_links":{"self":[{"href":"https:\/\/bondvigilantes.com\/deutsch\/wp-json\/wp\/v2\/pages\/3194","targetHints":{"allow":["GET"]}}],"collection":[{"href":"https:\/\/bondvigilantes.com\/deutsch\/wp-json\/wp\/v2\/pages"}],"about":[{"href":"https:\/\/bondvigilantes.com\/deutsch\/wp-json\/wp\/v2\/types\/page"}],"author":[{"embeddable":true,"href":"https:\/\/bondvigilantes.com\/deutsch\/wp-json\/wp\/v2\/users\/48"}],"replies":[{"embeddable":true,"href":"https:\/\/bondvigilantes.com\/deutsch\/wp-json\/wp\/v2\/comments?post=3194"}],"version-history":[{"count":0,"href":"https:\/\/bondvigilantes.com\/deutsch\/wp-json\/wp\/v2\/pages\/3194\/revisions"}],"wp:attachment":[{"href":"https:\/\/bondvigilantes.com\/deutsch\/wp-json\/wp\/v2\/media?parent=3194"}],"curies":[{"name":"wp","href":"https:\/\/api.w.org\/{rel}","templated":true}]}}