{"id":4,"date":"2012-06-29T09:30:04","date_gmt":"2012-06-29T09:30:04","guid":{"rendered":"https:\/\/www.bondvigilantes.com\/de\/?page_id=4"},"modified":"2022-10-11T10:35:31","modified_gmt":"2022-10-11T10:35:31","slug":"uber-diesen-blog","status":"publish","type":"page","link":"https:\/\/bondvigilantes.com\/deutsch\/uber-diesen-blog\/","title":{"rendered":"\u00dcber diesen Blog"},"content":{"rendered":"\n<section  class=\"about-us\">\n    <div class=\"container\">\n        <div class=\"row\">\n            <div class=\"col-md-12\">\n                <div class=\"card article-content-ctn\">\n                                            <div class=\"card-body copy-top\">\n                                                            <section class=\"article-header\">\n                                    <div class=\"article-header-copy\">\n                                        <h1>2006 wurde Bond Vigilantes zum ersten Mal ver\u00f6ffentlicht, da sah die Welt noch ganz anders aus.<\/h1>\n                                    <\/div>\n                                <\/section>\n                                                        <div class=\"card-text\">\n                                <p><strong>Als wir Ende 2006 unseren Blog starteten, sah die Welt ganz anders aus. Auch der Ausdruck \u201eBond Vigilantes\u201c (f\u00fcr Anleger, die aus Protest gegen eine ihrer Meinung nach inflation\u00e4re Geld- und Finanzpolitik Anleihen verkaufen oder gar nicht erst kaufen) war aus der Mode gekommen. Themen unseres Blogs in den ersten beiden Monaten seines Bestehens waren die ersten Anzeichen einer Schw\u00e4che am H\u00e4usermarkt in Chicago, unsere Sorgen \u00fcber die aggressive Kreditvergabe der britischen Banken und die neuen Entwicklungen am aufgeheizten CDO-Markt. Es war aber immer noch eine Zeit, in der die Zentralbanker nach einer zwei Jahrzehnte dauernden Schlacht den Krieg gegen die Inflation \u201egewonnen\u201c hatten, in der das Wort \u201eStaatsschuldenkrise\u201c nur im Zusammenhang mit Schwellenl\u00e4ndern in den Mund genommen wurde und in der Lehman Brothers und Bear Stearns zur Cr\u00e8me de la Cr\u00e8me der globalen Investmentbanken z\u00e4hlten.<\/strong><\/p>\n<p>F\u00fcnfzehn Jahre sp\u00e4ter sieht die Welt ganz anders aus. Angesichts des weltweiten Inflationsdrucks nach der Covid-19-Pandemie erleben viele Anleger zum ersten Mal ein Umfeld mit steigenden Zinsen und Renditen. Auch die Notenbanker stehen vor der enormen Herausforderung, das heikle Gleichgewicht zwischen der F\u00f6rderung des Wachstums und der Verankerung der Inflation in der N\u00e4he ihrer Ziele aufrechtzuerhalten.<\/p>\n                            <\/div>\n                        <\/div>\n                                                                <div class=\"card-body copy-middle\">\n                                                            <section class=\"article-header article-header-right\">\n                                    <div class=\"article-header-copy\">\n                                        <h2>&#8222;Fr\u00fcher dachte ich, wenn es eine Reinkarnation g\u00e4be, w\u00fcrde ich als Pr\u00e4sident oder als Papst oder als ein &#8220;400er Baseballschl\u00e4ger&#8220; wiedergeboren werden, aber jetzt m\u00f6chte ich als Rentenmarkt wieder zur\u00fcckkommen. Man kann jeden beeindrucken.&#8220;<\/h2>\n<p>James Carville<\/p>\n                                    <\/div>\n                                <\/section>\n                                                        <div class=\"card-text\">\n                                <p>In einer Zeit, in der die Bev\u00f6lkerung wegen des m\u00e4\u00dfigen Einkommenswachstums einerseits und h\u00f6herer G\u00fcterpreise andererseits den G\u00fcrtel enger schnallen muss, f\u00fchlt man sich als selbst ernannter \u201eBond Vigilante\u201c ein bisschen unwohl. Darf es sein, dass die M\u00e4rkte so viel Macht haben, wie James Carville in einem ber\u00fchmten Zitat behauptet? Ist ein AAA-Rating mehr wert als eine halbe Million Arbeitspl\u00e4tze? Ist stabile Inflation wichtiger als Wachstum?<\/p>\n<p>In unserem Blog beziehen wir Stellung zu den Themen, die Anleiheinvestoren am Herzen liegen \u2013 Inflation, Zinss\u00e4tze, die Weltwirtschaft und die Rentenm\u00e4rkte selbst. In den letzten 15 Jahren hat unser Team \u00fcber den Wert von Hochzinsanleihen, die Aussichten f\u00fcr Schwellenmarktanleihen und die neuen Entwicklungen an den M\u00e4rkten f\u00fcr inflationsgebundene Anleihen gebloggt. Wir besch\u00e4ftigen uns auch mit dem Markt f\u00fcr Investment-Grade-Unternehmensanleihen. Als guter Bond Vigilante sollte man negative Verhaltenstrends von Regierungen <em>und<\/em> Unternehmen erkennen.<\/p>\n                            <\/div>\n                        <\/div>\n                                                                <div class=\"card-body copy-bottom\">\n                            <div class=\"card-text\">\n                                <p>Wir danken Ihnen daher f\u00fcr Ihr Interesse an diesem Blog. Hoffen wir, dass die Rentenm\u00e4rkte interessant, aber nicht zu interessant bleiben.<\/p>\n<h3><strong>Jim Leaviss<\/strong><\/h3>\n\n                                                                    <div class=\"wrapper-button text-center\">\n                                        <a class=\"btn btn-primary\" href=\"https:\/\/bondvigilantes.com\/deutsch\/contact-us\/\" target=\"_self\">Get in touch<\/a>\n                                    <\/div>\n                                                            <\/div>\n                        <\/div>\n                                    <\/div>\n            <\/div>\n        <\/div>\n    <\/div>\n<\/section>","protected":false},"excerpt":{"rendered":"","protected":false},"author":1,"featured_media":0,"parent":0,"menu_order":0,"comment_status":"open","ping_status":"open","template":"","meta":{"_acf_changed":false,"footnotes":""},"class_list":["post-4","page","type-page","status-publish","hentry"],"acf":[],"yoast_head":"<!-- This site is optimized with the Yoast SEO Premium plugin v25.8 (Yoast SEO v27.4) - https:\/\/yoast.com\/product\/yoast-seo-premium-wordpress\/ -->\n<title>\u00dcber diesen Blog - Deutsch<\/title>\n<meta name=\"robots\" content=\"index, follow, max-snippet:-1, max-image-preview:large, max-video-preview:-1\" \/>\n<link rel=\"canonical\" href=\"https:\/\/bondvigilantes.com\/deutsch\/uber-diesen-blog\/\" \/>\n<script type=\"application\/ld+json\" class=\"yoast-schema-graph\">{\"@context\":\"https:\\\/\\\/schema.org\",\"@graph\":[{\"@type\":\"WebPage\",\"@id\":\"https:\\\/\\\/bondvigilantes.com\\\/deutsch\\\/uber-diesen-blog\\\/\",\"url\":\"https:\\\/\\\/bondvigilantes.com\\\/deutsch\\\/uber-diesen-blog\\\/\",\"name\":\"\u00dcber diesen Blog - Deutsch\",\"isPartOf\":{\"@id\":\"https:\\\/\\\/bondvigilantes.com\\\/deutsch\\\/#website\"},\"datePublished\":\"2012-06-29T09:30:04+00:00\",\"dateModified\":\"2022-10-11T10:35:31+00:00\",\"breadcrumb\":{\"@id\":\"https:\\\/\\\/bondvigilantes.com\\\/deutsch\\\/uber-diesen-blog\\\/#breadcrumb\"},\"inLanguage\":\"de-DE\",\"potentialAction\":[{\"@type\":\"ReadAction\",\"target\":[\"https:\\\/\\\/bondvigilantes.com\\\/deutsch\\\/uber-diesen-blog\\\/\"]}]},{\"@type\":\"BreadcrumbList\",\"@id\":\"https:\\\/\\\/bondvigilantes.com\\\/deutsch\\\/uber-diesen-blog\\\/#breadcrumb\",\"itemListElement\":[{\"@type\":\"ListItem\",\"position\":1,\"name\":\"Home\",\"item\":\"https:\\\/\\\/bondvigilantes.com\\\/deutsch\\\/\"},{\"@type\":\"ListItem\",\"position\":2,\"name\":\"\u00dcber diesen Blog\"}]},{\"@type\":\"WebSite\",\"@id\":\"https:\\\/\\\/bondvigilantes.com\\\/deutsch\\\/#website\",\"url\":\"https:\\\/\\\/bondvigilantes.com\\\/deutsch\\\/\",\"name\":\"Deutsch\",\"description\":\"M&amp;G\",\"potentialAction\":[{\"@type\":\"SearchAction\",\"target\":{\"@type\":\"EntryPoint\",\"urlTemplate\":\"https:\\\/\\\/bondvigilantes.com\\\/deutsch\\\/?s={search_term_string}\"},\"query-input\":{\"@type\":\"PropertyValueSpecification\",\"valueRequired\":true,\"valueName\":\"search_term_string\"}}],\"inLanguage\":\"de-DE\"}]}<\/script>\n<!-- \/ Yoast SEO Premium plugin. -->","yoast_head_json":{"title":"\u00dcber diesen Blog - Deutsch","robots":{"index":"index","follow":"follow","max-snippet":"max-snippet:-1","max-image-preview":"max-image-preview:large","max-video-preview":"max-video-preview:-1"},"canonical":"https:\/\/bondvigilantes.com\/deutsch\/uber-diesen-blog\/","schema":{"@context":"https:\/\/schema.org","@graph":[{"@type":"WebPage","@id":"https:\/\/bondvigilantes.com\/deutsch\/uber-diesen-blog\/","url":"https:\/\/bondvigilantes.com\/deutsch\/uber-diesen-blog\/","name":"\u00dcber diesen Blog - Deutsch","isPartOf":{"@id":"https:\/\/bondvigilantes.com\/deutsch\/#website"},"datePublished":"2012-06-29T09:30:04+00:00","dateModified":"2022-10-11T10:35:31+00:00","breadcrumb":{"@id":"https:\/\/bondvigilantes.com\/deutsch\/uber-diesen-blog\/#breadcrumb"},"inLanguage":"de-DE","potentialAction":[{"@type":"ReadAction","target":["https:\/\/bondvigilantes.com\/deutsch\/uber-diesen-blog\/"]}]},{"@type":"BreadcrumbList","@id":"https:\/\/bondvigilantes.com\/deutsch\/uber-diesen-blog\/#breadcrumb","itemListElement":[{"@type":"ListItem","position":1,"name":"Home","item":"https:\/\/bondvigilantes.com\/deutsch\/"},{"@type":"ListItem","position":2,"name":"\u00dcber diesen Blog"}]},{"@type":"WebSite","@id":"https:\/\/bondvigilantes.com\/deutsch\/#website","url":"https:\/\/bondvigilantes.com\/deutsch\/","name":"Deutsch","description":"M&amp;G","potentialAction":[{"@type":"SearchAction","target":{"@type":"EntryPoint","urlTemplate":"https:\/\/bondvigilantes.com\/deutsch\/?s={search_term_string}"},"query-input":{"@type":"PropertyValueSpecification","valueRequired":true,"valueName":"search_term_string"}}],"inLanguage":"de-DE"}]}},"_links":{"self":[{"href":"https:\/\/bondvigilantes.com\/deutsch\/wp-json\/wp\/v2\/pages\/4","targetHints":{"allow":["GET"]}}],"collection":[{"href":"https:\/\/bondvigilantes.com\/deutsch\/wp-json\/wp\/v2\/pages"}],"about":[{"href":"https:\/\/bondvigilantes.com\/deutsch\/wp-json\/wp\/v2\/types\/page"}],"author":[{"embeddable":true,"href":"https:\/\/bondvigilantes.com\/deutsch\/wp-json\/wp\/v2\/users\/1"}],"replies":[{"embeddable":true,"href":"https:\/\/bondvigilantes.com\/deutsch\/wp-json\/wp\/v2\/comments?post=4"}],"version-history":[{"count":0,"href":"https:\/\/bondvigilantes.com\/deutsch\/wp-json\/wp\/v2\/pages\/4\/revisions"}],"wp:attachment":[{"href":"https:\/\/bondvigilantes.com\/deutsch\/wp-json\/wp\/v2\/media?parent=4"}],"curies":[{"name":"wp","href":"https:\/\/api.w.org\/{rel}","templated":true}]}}