{"id":85,"date":"2012-07-27T10:53:07","date_gmt":"2012-07-27T10:53:07","guid":{"rendered":"https:\/\/www.bondvigilantes.com\/deutsch\/?page_id=85"},"modified":"2019-09-27T08:32:01","modified_gmt":"2019-09-27T08:32:01","slug":"terms-conditions","status":"publish","type":"page","link":"https:\/\/bondvigilantes.com\/deutsch\/terms-conditions\/","title":{"rendered":"Nutzungsbedingungen und rechtliche Hinweise"},"content":{"rendered":"<p>Dieser Blog ist herausgegeben von M&amp;G Securities Limited, einer Tochtergesellschaft von M&amp;G FA Limited. M&amp;G FA Limited wurde in England gegr\u00fcndet und ist dort eingetragen. Eingetragener Sitz: 10 Fenchurch Avenue, London, EC3M 5AG. Registriert in England unter der Nr. 1048359. Unter der Ust-IdNr. GB235 3237 81 registriert. M&amp;G Securities Limited wird von der Financial Conduct Authority autorisiert und beaufsichtigt. M&amp;G Securities Limited ist im Register der FCA unter der Nr. 122057 (www.fsa.gov.uk\/register\/) eingetragen. Eingetragener Sitz: 10 Fenchurch Avenue, London, EC3M 5AG. Registriert in England unter der Nr. 90776 und unter der Ust-IdNr. GB235 3237 81 registriert.<\/p>\n<p>Die Informationen in diesem Blog sind nur f\u00fcr Investment-Experten in den folgenden L\u00e4ndern bestimmt: \u00d6sterreich, Belgien, D\u00e4nemark, Finnland, Frankreich, Deutschland, Italien, Luxemburg, Norwegen, Spanien, Niederlande, Schweden und Gro\u00dfbritannien. Sie richten sich au\u00dferdem an professionelle Anleger in Hongkong, institutionelle Anleger in Singapur sowie qualifizierte Anleger in der Schweiz.<\/p>\n<p>Der Blog ist f\u00fcr keine andere Art von Anleger (einschlie\u00dflich Privatanleger) bestimmt und keine au\u00dfer den oben aufgef\u00fchrten Personen sollten sich auf die auf dieser Website enthaltenen Informationen verlassen. Die Informationen in diesem Blog sind nicht als Angebot oder Aufforderung zum Kauf oder Verkauf von Wertpapieren oder Anlagen in den betreffenden L\u00e4ndern zu verstehen.<\/p>\n<p>Der Blog richtet sich nicht an Personen in den USA. Die Anteile der Fonds von M&amp;G wurden und werden auch in Zukunft nicht gem\u00e4\u00df dem United States Securities Act von 1933 in der jeweils aktuellen Fassung registriert bzw. gem\u00e4\u00df den in einem Bundesstaat der Vereinigten Staaten geltenden Wertpapiergesetzen registriert oder zugelassen. Sie d\u00fcrfen weder direkt noch indirekt an Anleger in den Vereinigten Staaten bzw. an oder f\u00fcr Rechnung von US-Personen angeboten, verkauft, \u00fcbertragen oder geliefert werden, au\u00dfer unter bestimmten eingeschr\u00e4nkten Umst\u00e4nden im Rahmen einer Transaktion, f\u00fcr die die jeweiligen Registrierungs- bzw. Zulassungsanforderungen nicht gelten. Die Anteile wurden von der US Securities and Exchange Commission, einer bundesstaatlichen Wertpapieraufsichtsbeh\u00f6rde in den Vereinigten Staaten, oder einer sonstigen US-Aufsichtsbeh\u00f6rde weder zugelassen noch wurde eine solche Zulassung verweigert. Dar\u00fcber hinaus hat keine der vorgenannten Beh\u00f6rden zum Angebot der Anteile oder der Richtigkeit bzw. Geeignetheit des Verkaufsprospektes Stellung genommen bzw. eine Empfehlung abgegeben. Die Fonds werden nicht gem\u00e4\u00df dem United States Investment Company Act von 1940 in seiner aktuellen Fassung registriert.<\/p>\n<h2><strong>Dieser Blog und seine Dienste<\/strong><\/h2>\n<p>Wir behalten uns vor, die Informationen oder Dienste, die im Rahmen dieses Blogs angeboten werden (einschlie\u00dflich dieser Nutzungsbedingungen) sowie deren Verf\u00fcgbarkeit zu \u00e4ndern bzw. diesen Blog um zus\u00e4tzliche Dienste zu erweitern. Etwaige \u00c4nderungen werden rechtzeitig auf diesem Blog angek\u00fcndigt.<\/p>\n<p>Sie ben\u00f6tigen sowohl eine geeignete Computerausr\u00fcstung als auch entsprechende Software f\u00fcr den Zugang zu diesem Blog. F\u00fcr alle Telefon- und Internetkosten sowie andere Kosten, die durch den Zugang oder die Nutzung dieses Blogs entstehen, sind Sie selbst verantwortlich.<\/p>\n<p>Ein Link zu diesem Blog darf nicht ohne vorherige schriftliche Genehmigung eingerichtet werden.<\/p>\n<h2><strong>Pers\u00f6nliche Daten<\/strong><\/h2>\n<p>Die mit diesem Formular gesammelten personenbezogenen Daten werden nur zu dem Zweck gespeichert, eine Verbindung zwischen Ihnen und Ihrem Kommentar herzustellen.<\/p>\n","protected":false},"excerpt":{"rendered":"<p>Dieser Blog ist herausgegeben von M&amp;G Securities Limited, einer Tochtergesellschaft von M&amp;G FA Limited. M&amp;G FA Limited wurde in England gegr\u00fcndet und ist dort eingetragen. Eingetragener Sitz: 10 Fenchurch Avenue, London, EC3M 5AG. Registriert in England unter der Nr. 1048359. Unter der Ust-IdNr. GB235 3237 81 registriert. M&amp;G Securities Limited wird von der Financial Conduct Authority autorisiert und beaufsichtigt. M&amp;G Securities Limited ist im Register der FCA unter der Nr. 122057 (www.fsa.gov.uk\/register\/) eingetragen. Eingetragener Sitz: 10 Fenchurch Avenue, London, EC3M 5AG. Registriert in England unter&#8230;<\/p>\n","protected":false},"author":1,"featured_media":0,"parent":0,"menu_order":0,"comment_status":"open","ping_status":"open","template":"","meta":{"_acf_changed":false,"footnotes":""},"class_list":["post-85","page","type-page","status-publish","hentry"],"acf":[],"yoast_head":"<!-- This site is optimized with the Yoast SEO Premium plugin v25.8 (Yoast SEO v27.4) - https:\/\/yoast.com\/product\/yoast-seo-premium-wordpress\/ -->\n<title>Nutzungsbedingungen und rechtliche Hinweise - Deutsch<\/title>\n<meta name=\"description\" content=\"Dieser Blog ist herausgegeben von M&amp;G Securities Limited, einer Tochtergesellschaft von M&amp;G FA Limited. M&amp;G FA Limited wurde in England\" \/>\n<meta name=\"robots\" content=\"index, follow, max-snippet:-1, max-image-preview:large, max-video-preview:-1\" \/>\n<link rel=\"canonical\" href=\"https:\/\/bondvigilantes.com\/deutsch\/terms-conditions\/\" \/>\n<meta name=\"twitter:label1\" content=\"Est. reading time\" \/>\n\t<meta name=\"twitter:data1\" content=\"3 Minuten\" \/>\n<script type=\"application\/ld+json\" class=\"yoast-schema-graph\">{\"@context\":\"https:\\\/\\\/schema.org\",\"@graph\":[{\"@type\":\"WebPage\",\"@id\":\"https:\\\/\\\/bondvigilantes.com\\\/deutsch\\\/terms-conditions\\\/\",\"url\":\"https:\\\/\\\/bondvigilantes.com\\\/deutsch\\\/terms-conditions\\\/\",\"name\":\"Nutzungsbedingungen und rechtliche Hinweise - Deutsch\",\"isPartOf\":{\"@id\":\"https:\\\/\\\/bondvigilantes.com\\\/deutsch\\\/#website\"},\"datePublished\":\"2012-07-27T10:53:07+00:00\",\"dateModified\":\"2019-09-27T08:32:01+00:00\",\"description\":\"Dieser Blog ist herausgegeben von M&amp;G Securities Limited, einer Tochtergesellschaft von M&amp;G FA Limited. M&amp;G FA Limited wurde in England\",\"breadcrumb\":{\"@id\":\"https:\\\/\\\/bondvigilantes.com\\\/deutsch\\\/terms-conditions\\\/#breadcrumb\"},\"inLanguage\":\"de-DE\",\"potentialAction\":[{\"@type\":\"ReadAction\",\"target\":[\"https:\\\/\\\/bondvigilantes.com\\\/deutsch\\\/terms-conditions\\\/\"]}]},{\"@type\":\"BreadcrumbList\",\"@id\":\"https:\\\/\\\/bondvigilantes.com\\\/deutsch\\\/terms-conditions\\\/#breadcrumb\",\"itemListElement\":[{\"@type\":\"ListItem\",\"position\":1,\"name\":\"Home\",\"item\":\"https:\\\/\\\/bondvigilantes.com\\\/deutsch\\\/\"},{\"@type\":\"ListItem\",\"position\":2,\"name\":\"Nutzungsbedingungen und rechtliche Hinweise\"}]},{\"@type\":\"WebSite\",\"@id\":\"https:\\\/\\\/bondvigilantes.com\\\/deutsch\\\/#website\",\"url\":\"https:\\\/\\\/bondvigilantes.com\\\/deutsch\\\/\",\"name\":\"Deutsch\",\"description\":\"M&amp;G\",\"potentialAction\":[{\"@type\":\"SearchAction\",\"target\":{\"@type\":\"EntryPoint\",\"urlTemplate\":\"https:\\\/\\\/bondvigilantes.com\\\/deutsch\\\/?s={search_term_string}\"},\"query-input\":{\"@type\":\"PropertyValueSpecification\",\"valueRequired\":true,\"valueName\":\"search_term_string\"}}],\"inLanguage\":\"de-DE\"}]}<\/script>\n<!-- \/ Yoast SEO Premium plugin. -->","yoast_head_json":{"title":"Nutzungsbedingungen und rechtliche Hinweise - Deutsch","description":"Dieser Blog ist herausgegeben von M&amp;G Securities Limited, einer Tochtergesellschaft von M&amp;G FA Limited. M&amp;G FA Limited wurde in England","robots":{"index":"index","follow":"follow","max-snippet":"max-snippet:-1","max-image-preview":"max-image-preview:large","max-video-preview":"max-video-preview:-1"},"canonical":"https:\/\/bondvigilantes.com\/deutsch\/terms-conditions\/","twitter_misc":{"Est. reading time":"3 Minuten"},"schema":{"@context":"https:\/\/schema.org","@graph":[{"@type":"WebPage","@id":"https:\/\/bondvigilantes.com\/deutsch\/terms-conditions\/","url":"https:\/\/bondvigilantes.com\/deutsch\/terms-conditions\/","name":"Nutzungsbedingungen und rechtliche Hinweise - Deutsch","isPartOf":{"@id":"https:\/\/bondvigilantes.com\/deutsch\/#website"},"datePublished":"2012-07-27T10:53:07+00:00","dateModified":"2019-09-27T08:32:01+00:00","description":"Dieser Blog ist herausgegeben von M&amp;G Securities Limited, einer Tochtergesellschaft von M&amp;G FA Limited. M&amp;G FA Limited wurde in England","breadcrumb":{"@id":"https:\/\/bondvigilantes.com\/deutsch\/terms-conditions\/#breadcrumb"},"inLanguage":"de-DE","potentialAction":[{"@type":"ReadAction","target":["https:\/\/bondvigilantes.com\/deutsch\/terms-conditions\/"]}]},{"@type":"BreadcrumbList","@id":"https:\/\/bondvigilantes.com\/deutsch\/terms-conditions\/#breadcrumb","itemListElement":[{"@type":"ListItem","position":1,"name":"Home","item":"https:\/\/bondvigilantes.com\/deutsch\/"},{"@type":"ListItem","position":2,"name":"Nutzungsbedingungen und rechtliche Hinweise"}]},{"@type":"WebSite","@id":"https:\/\/bondvigilantes.com\/deutsch\/#website","url":"https:\/\/bondvigilantes.com\/deutsch\/","name":"Deutsch","description":"M&amp;G","potentialAction":[{"@type":"SearchAction","target":{"@type":"EntryPoint","urlTemplate":"https:\/\/bondvigilantes.com\/deutsch\/?s={search_term_string}"},"query-input":{"@type":"PropertyValueSpecification","valueRequired":true,"valueName":"search_term_string"}}],"inLanguage":"de-DE"}]}},"_links":{"self":[{"href":"https:\/\/bondvigilantes.com\/deutsch\/wp-json\/wp\/v2\/pages\/85","targetHints":{"allow":["GET"]}}],"collection":[{"href":"https:\/\/bondvigilantes.com\/deutsch\/wp-json\/wp\/v2\/pages"}],"about":[{"href":"https:\/\/bondvigilantes.com\/deutsch\/wp-json\/wp\/v2\/types\/page"}],"author":[{"embeddable":true,"href":"https:\/\/bondvigilantes.com\/deutsch\/wp-json\/wp\/v2\/users\/1"}],"replies":[{"embeddable":true,"href":"https:\/\/bondvigilantes.com\/deutsch\/wp-json\/wp\/v2\/comments?post=85"}],"version-history":[{"count":0,"href":"https:\/\/bondvigilantes.com\/deutsch\/wp-json\/wp\/v2\/pages\/85\/revisions"}],"wp:attachment":[{"href":"https:\/\/bondvigilantes.com\/deutsch\/wp-json\/wp\/v2\/media?parent=85"}],"curies":[{"name":"wp","href":"https:\/\/api.w.org\/{rel}","templated":true}]}}