{"id":15,"date":"2014-01-21T14:20:37","date_gmt":"2014-01-21T14:20:37","guid":{"rendered":"https:\/\/www.bondvigilantes.com\/espanol\/?page_id=15"},"modified":"2014-01-21T14:20:37","modified_gmt":"2014-01-21T14:20:37","slug":"normas-del-blog","status":"publish","type":"page","link":"https:\/\/bondvigilantes.com\/espanol\/normas-del-blog\/","title":{"rendered":"Normas del Blog"},"content":{"rendered":"<p>Por favor, utilice su nombre real cuando publique un comentario.<\/p>\n<p>M&#038;G se reserva el derecho de editar los comentarios antes de publicarlos. Nos reservamos el derecho de eliminar comentarios que:<\/p>\n<ul>\n<li>Contengan palabras soeces u otro tipo de lenguaje ofensivo.<\/li>\n<li>Infrinjan la ley o aprueben o alienten actividades ilegales. Esto incluye infracci\u00f3n de los derechos de propiedad, difamaci\u00f3n o desacato a la justicia.<\/li>\n<li>Suplanten la personalidad de otro.<\/li>\n<li>Env\u00eden repetidamente el mismo o similar mensaje.<\/li>\n<li>No est\u00e9n relacionados con el tema.<\/li>\n<li>Incluyan informaci\u00f3n de contacto como el n\u00famero de tel\u00e9fono, o la direcci\u00f3n de email o de correo postal.<\/li>\n<li>Contengan links a sitios web que el autor considere inapropiados.<\/li>\n<li>Creamos que no encajan o no son apropiados para el blog.<\/li>\n<\/ul>\n","protected":false},"excerpt":{"rendered":"<p>Por favor, utilice su nombre real cuando publique un comentario. M&#038;G se reserva el derecho de editar los comentarios antes de publicarlos. Nos reservamos el derecho de eliminar comentarios que: Contengan palabras soeces u otro tipo de lenguaje ofensivo. Infrinjan la ley o aprueben o alienten actividades ilegales. Esto incluye infracci\u00f3n de los derechos de propiedad, difamaci\u00f3n o desacato a la justicia. Suplanten la personalidad de otro. Env\u00eden repetidamente el mismo o similar mensaje. No est\u00e9n relacionados con el tema. Incluyan informaci\u00f3n de contacto como&#8230;<\/p>\n","protected":false},"author":1,"featured_media":0,"parent":0,"menu_order":0,"comment_status":"open","ping_status":"open","template":"","meta":{"_acf_changed":false,"footnotes":""},"class_list":["post-15","page","type-page","status-publish","hentry"],"acf":[],"yoast_head":"<!-- This site is optimized with the Yoast SEO Premium plugin v25.8 (Yoast SEO v27.4) - https:\/\/yoast.com\/product\/yoast-seo-premium-wordpress\/ -->\n<title>Normas del Blog - Espa\u00f1ol<\/title>\n<meta name=\"description\" content=\"Por favor, utilice su nombre real cuando publique un comentario. M&amp;G se reserva el derecho de editar los comentarios antes de publicarlos. Nos reservamos\" \/>\n<meta name=\"robots\" content=\"index, follow, max-snippet:-1, max-image-preview:large, max-video-preview:-1\" \/>\n<link rel=\"canonical\" href=\"https:\/\/bondvigilantes.com\/espanol\/normas-del-blog\/\" \/>\n<meta name=\"twitter:label1\" content=\"Est. reading time\" \/>\n\t<meta name=\"twitter:data1\" content=\"1 minuto\" \/>\n<script type=\"application\/ld+json\" class=\"yoast-schema-graph\">{\"@context\":\"https:\\\/\\\/schema.org\",\"@graph\":[{\"@type\":\"WebPage\",\"@id\":\"https:\\\/\\\/bondvigilantes.com\\\/espanol\\\/normas-del-blog\\\/\",\"url\":\"https:\\\/\\\/bondvigilantes.com\\\/espanol\\\/normas-del-blog\\\/\",\"name\":\"Normas del Blog - Espa\u00f1ol\",\"isPartOf\":{\"@id\":\"https:\\\/\\\/bondvigilantes.com\\\/espanol\\\/#website\"},\"datePublished\":\"2014-01-21T14:20:37+00:00\",\"description\":\"Por favor, utilice su nombre real cuando publique un comentario. M&G se reserva el derecho de editar los comentarios antes de publicarlos. Nos reservamos\",\"breadcrumb\":{\"@id\":\"https:\\\/\\\/bondvigilantes.com\\\/espanol\\\/normas-del-blog\\\/#breadcrumb\"},\"inLanguage\":\"es\",\"potentialAction\":[{\"@type\":\"ReadAction\",\"target\":[\"https:\\\/\\\/bondvigilantes.com\\\/espanol\\\/normas-del-blog\\\/\"]}]},{\"@type\":\"BreadcrumbList\",\"@id\":\"https:\\\/\\\/bondvigilantes.com\\\/espanol\\\/normas-del-blog\\\/#breadcrumb\",\"itemListElement\":[{\"@type\":\"ListItem\",\"position\":1,\"name\":\"Portada\",\"item\":\"https:\\\/\\\/bondvigilantes.com\\\/espanol\\\/\"},{\"@type\":\"ListItem\",\"position\":2,\"name\":\"Normas del Blog\"}]},{\"@type\":\"WebSite\",\"@id\":\"https:\\\/\\\/bondvigilantes.com\\\/espanol\\\/#website\",\"url\":\"https:\\\/\\\/bondvigilantes.com\\\/espanol\\\/\",\"name\":\"Espa\u00f1ol\",\"description\":\"M&amp;G\",\"potentialAction\":[{\"@type\":\"SearchAction\",\"target\":{\"@type\":\"EntryPoint\",\"urlTemplate\":\"https:\\\/\\\/bondvigilantes.com\\\/espanol\\\/?s={search_term_string}\"},\"query-input\":{\"@type\":\"PropertyValueSpecification\",\"valueRequired\":true,\"valueName\":\"search_term_string\"}}],\"inLanguage\":\"es\"}]}<\/script>\n<!-- \/ Yoast SEO Premium plugin. -->","yoast_head_json":{"title":"Normas del Blog - Espa\u00f1ol","description":"Por favor, utilice su nombre real cuando publique un comentario. M&G se reserva el derecho de editar los comentarios antes de publicarlos. Nos reservamos","robots":{"index":"index","follow":"follow","max-snippet":"max-snippet:-1","max-image-preview":"max-image-preview:large","max-video-preview":"max-video-preview:-1"},"canonical":"https:\/\/bondvigilantes.com\/espanol\/normas-del-blog\/","twitter_misc":{"Est. reading time":"1 minuto"},"schema":{"@context":"https:\/\/schema.org","@graph":[{"@type":"WebPage","@id":"https:\/\/bondvigilantes.com\/espanol\/normas-del-blog\/","url":"https:\/\/bondvigilantes.com\/espanol\/normas-del-blog\/","name":"Normas del Blog - Espa\u00f1ol","isPartOf":{"@id":"https:\/\/bondvigilantes.com\/espanol\/#website"},"datePublished":"2014-01-21T14:20:37+00:00","description":"Por favor, utilice su nombre real cuando publique un comentario. M&G se reserva el derecho de editar los comentarios antes de publicarlos. Nos reservamos","breadcrumb":{"@id":"https:\/\/bondvigilantes.com\/espanol\/normas-del-blog\/#breadcrumb"},"inLanguage":"es","potentialAction":[{"@type":"ReadAction","target":["https:\/\/bondvigilantes.com\/espanol\/normas-del-blog\/"]}]},{"@type":"BreadcrumbList","@id":"https:\/\/bondvigilantes.com\/espanol\/normas-del-blog\/#breadcrumb","itemListElement":[{"@type":"ListItem","position":1,"name":"Portada","item":"https:\/\/bondvigilantes.com\/espanol\/"},{"@type":"ListItem","position":2,"name":"Normas del Blog"}]},{"@type":"WebSite","@id":"https:\/\/bondvigilantes.com\/espanol\/#website","url":"https:\/\/bondvigilantes.com\/espanol\/","name":"Espa\u00f1ol","description":"M&amp;G","potentialAction":[{"@type":"SearchAction","target":{"@type":"EntryPoint","urlTemplate":"https:\/\/bondvigilantes.com\/espanol\/?s={search_term_string}"},"query-input":{"@type":"PropertyValueSpecification","valueRequired":true,"valueName":"search_term_string"}}],"inLanguage":"es"}]}},"_links":{"self":[{"href":"https:\/\/bondvigilantes.com\/espanol\/wp-json\/wp\/v2\/pages\/15","targetHints":{"allow":["GET"]}}],"collection":[{"href":"https:\/\/bondvigilantes.com\/espanol\/wp-json\/wp\/v2\/pages"}],"about":[{"href":"https:\/\/bondvigilantes.com\/espanol\/wp-json\/wp\/v2\/types\/page"}],"author":[{"embeddable":true,"href":"https:\/\/bondvigilantes.com\/espanol\/wp-json\/wp\/v2\/users\/1"}],"replies":[{"embeddable":true,"href":"https:\/\/bondvigilantes.com\/espanol\/wp-json\/wp\/v2\/comments?post=15"}],"version-history":[{"count":0,"href":"https:\/\/bondvigilantes.com\/espanol\/wp-json\/wp\/v2\/pages\/15\/revisions"}],"wp:attachment":[{"href":"https:\/\/bondvigilantes.com\/espanol\/wp-json\/wp\/v2\/media?parent=15"}],"curies":[{"name":"wp","href":"https:\/\/api.w.org\/{rel}","templated":true}]}}