{"id":23131,"date":"2022-08-09T13:24:24","date_gmt":"2022-08-09T13:24:24","guid":{"rendered":"https:\/\/bondvigilantes.com\/espanol\/?page_id=23131"},"modified":"2022-08-09T13:24:25","modified_gmt":"2022-08-09T13:24:25","slug":"aviso-legal","status":"publish","type":"page","link":"https:\/\/bondvigilantes.com\/espanol\/aviso-legal\/","title":{"rendered":"Aviso legal"},"content":{"rendered":"\n<p><strong>Exclusivamente para inversores profesionales. Prohibida su posterior distribuci\u00f3n. Ninguna otra persona o entidad debe utilizar la informaci\u00f3n contenida en este blog.<\/strong>&nbsp;Este blog ofrece comentarios y puntos de vista sobre los mercados de renta fija. Elaborado por el equipo de renta fija de M&amp;G, esta informaci\u00f3n est\u00e1 destinada a los inversores profesionales que deseen completar sus conocimientos acerca de estos mercados. La informaci\u00f3n que aparece en el blog no debe considerarse como un consejo o recomendaci\u00f3n para realizar una inversi\u00f3n.<\/p>\n\n\n\n<p>Este blog no representa los pensamientos, intenciones, planes o estrategias de M&amp;G plc ni de las compa\u00f1\u00edas asociadas. Se trata \u00fanicamente de la opini\u00f3n personal del autor.<\/p>\n\n\n\n<p>Los comentarios inapropiados ser\u00e1n borrados o editados a discreci\u00f3n del autor.<\/p>\n\n\n\n<p>Este blog puede contener links a recomendaciones o afirmaciones de terceros. M&amp;G no se responsabiliza de la exactitud, pertinencia, oportunidad o completitud de esta informaci\u00f3n y no hemos revisado, ni actualizado esta informaci\u00f3n ni vamos a hacerlo. Le advertimos que cualquier uso que haga de esta informaci\u00f3n es bajo su responsabilidad. Algunas de las informaciones contenidas en este blog pueden tambi\u00e9n haber sido escritas o proporcionadas por terceros y no haber sido revisadas y verificadas por nosotros. Por lo tanto, M&amp;G excluye cualquier responsabilidad que provenga de la preparaci\u00f3n o provisi\u00f3n de la informaci\u00f3n para este blog y no garantiza la exactitud, idoneidad, o completitud de ninguna de estas informaciones.<\/p>\n\n\n\n<p>Con la excepci\u00f3n de la plataforma iviewtv.com (que tambi\u00e9n est\u00e1 gestionada por M&amp;G), los links que ofrecemos desde este blog a otros sitios web se ofrecen s\u00f3lo a t\u00edtulo informativo. No asumimos ninguna responsabilidad con respecto a ning\u00fan sitio web al que se acceda a trav\u00e9s de nuestro blog. No monitorizamos ni revisamos ninguno de los sitios web a los que se accede por medio de estos links. Una vez que haya utilizado estos links para abandonar este blog, tenga en cuenta que no tenemos ning\u00fan control sobre ese otro sitio web. Por lo tanto, no podemos ser responsables de la protecci\u00f3n y privacidad de ninguna informaci\u00f3n que usted proporcione mientras visita estos sitios web, que no se rigen por nuestros T\u00e9rminos y Condiciones. Deber\u00e1 tener consultar y tener presentes las condiciones de privacidad aplicables al sitio web en cuesti\u00f3n.<\/p>\n\n\n\n<p>La presencia de un anuncio en este blog no debe considerarse como una recomendaci\u00f3n por parte de M&amp;G de los productos, servicios o sitios web anunciados.<\/p>\n\n\n\n<p>No asumimos ninguna responsabilidad por el uso, o mal uso, de la informaci\u00f3n que aparece en este blog.<\/p>\n\n\n\n<p>Como probablemente ya sepa, los emails a trav\u00e9s de internet no pueden garantizarse y no son seguros. Recomendamos que no nos env\u00ede informaci\u00f3n confidencial por correo electr\u00f3nico. Si decide enviar informaci\u00f3n confidencial, lo har\u00e1 bajo su responsabilidad. Las instrucciones que env\u00ede a trav\u00e9s de email, y a este blog, son procesadas exclusivamente bajo su responsabilidad.<\/p>\n\n\n\n<p>Aunque M&amp;G hace todos los esfuerzos razonables para mantener la disponibilidad de este blog no podemos garantizarlo. Este blog puede tambi\u00e9n cambiar de vez en cuando, y no podemos garantizar la continuaci\u00f3n de los servicios ofrecidos a trav\u00e9s de \u00e9l.<\/p>\n\n\n\n<h2 class=\"wp-block-heading\">Derechos de propiedad intelectual<\/h2>\n\n\n\n<p>Excepto cuando se indique lo contrario, toda la informaci\u00f3n, texto, im\u00e1genes y gr\u00e1ficos son de nuestra propiedad de manera exclusiva. S\u00f3lo se le permite imprimir, copiar, descargar o almacenar temporalmente extractos de este sitio web para su uso personal, siempre que no cambie ni elimine los avisos de copyright. Toda la informaci\u00f3n de propiedad intelectual y de otro tipo deber\u00e1 continuar en nuestro poder y ninguno de los derechos pasar\u00e1 a usted.<\/p>\n\n\n\n<h3 class=\"wp-block-heading\">El uso de este blog<\/h3>\n\n\n\n<p>Est\u00e1 de acuerdo en que NO:<\/p>\n\n\n\n<ul class=\"wp-block-list\"><li>Compartir\u00e1 en este blog informaci\u00f3n que sea abusiva, ilegal, difamatoria, pornogr\u00e1fica, discriminatoria u ofensiva en alg\u00fan sentido;<\/li><li>Enviar\u00e1 o compartir\u00e1 informaci\u00f3n que contenga virus u otros contenidos da\u00f1inos;<\/li><li>Interferir\u00e1 con la gesti\u00f3n o contenido de este blog. Cualquier intento de da\u00f1ar este blog puede ser ilegal y nos reservamos el derecho de demandar por da\u00f1os al infractor.<\/li><\/ul>\n\n\n\n<h3 class=\"wp-block-heading\">Emails<\/h3>\n\n\n\n<p>Se considerar\u00e1n como recibidas todas las comunicaciones que le enviemos por email inmediatamente despu\u00e9s de su env\u00edo. No estaremos obligados a esperar una confirmaci\u00f3n o recibo por su parte con respecto a estos emails. No seremos responsables por los retrasos o fallos en la entrega (por cualquier motivo) de uno de estos emails. Si hemos dirigido estas comunicaciones a su direcci\u00f3n de correo electr\u00f3nico, no habremos quebrantado ning\u00fan deber de confidencialidad al que usted tenga derecho, aunque sean vistos por otra persona.<\/p>\n\n\n\n<p>Las comunicaciones que nos env\u00ede por email, se considerar\u00e1n recibidas desde su recepci\u00f3n real por medio de un sistema bajo nuestro control.<\/p>\n","protected":false},"excerpt":{"rendered":"<p>Exclusivamente para inversores profesionales. Prohibida su posterior distribuci\u00f3n. Ninguna otra persona o entidad debe utilizar la informaci\u00f3n contenida en este blog.&nbsp;Este blog ofrece comentarios y puntos de vista sobre los mercados de renta fija. Elaborado por el equipo de renta fija de M&amp;G, esta informaci\u00f3n est\u00e1 destinada a los inversores profesionales que deseen completar sus conocimientos acerca de estos mercados. La informaci\u00f3n que aparece en el blog no debe considerarse como un consejo o recomendaci\u00f3n para realizar una inversi\u00f3n. Este blog no representa los pensamientos,&#8230;<\/p>\n","protected":false},"author":169,"featured_media":0,"parent":0,"menu_order":0,"comment_status":"closed","ping_status":"closed","template":"template-page.php","meta":{"_acf_changed":false,"footnotes":""},"class_list":["post-23131","page","type-page","status-publish","hentry"],"acf":[],"yoast_head":"<!-- This site is optimized with the Yoast SEO Premium plugin v25.8 (Yoast SEO v27.3) - https:\/\/yoast.com\/product\/yoast-seo-premium-wordpress\/ -->\n<title>Aviso legal - Espa\u00f1ol<\/title>\n<meta name=\"description\" content=\"Exclusivamente para inversores profesionales. Prohibida su posterior distribuci\u00f3n. Ninguna otra persona o entidad debe utilizar la informaci\u00f3n contenida\" \/>\n<meta name=\"robots\" content=\"index, follow, max-snippet:-1, max-image-preview:large, max-video-preview:-1\" \/>\n<link rel=\"canonical\" href=\"https:\/\/bondvigilantes.com\/espanol\/aviso-legal\/\" \/>\n<meta name=\"twitter:label1\" content=\"Est. reading time\" \/>\n\t<meta name=\"twitter:data1\" content=\"4 minutos\" \/>\n<script type=\"application\/ld+json\" class=\"yoast-schema-graph\">{\"@context\":\"https:\\\/\\\/schema.org\",\"@graph\":[{\"@type\":\"WebPage\",\"@id\":\"https:\\\/\\\/bondvigilantes.com\\\/espanol\\\/aviso-legal\\\/\",\"url\":\"https:\\\/\\\/bondvigilantes.com\\\/espanol\\\/aviso-legal\\\/\",\"name\":\"Aviso legal - Espa\u00f1ol\",\"isPartOf\":{\"@id\":\"https:\\\/\\\/bondvigilantes.com\\\/espanol\\\/#website\"},\"datePublished\":\"2022-08-09T13:24:24+00:00\",\"dateModified\":\"2022-08-09T13:24:25+00:00\",\"description\":\"Exclusivamente para inversores profesionales. Prohibida su posterior distribuci\u00f3n. Ninguna otra persona o entidad debe utilizar la informaci\u00f3n contenida\",\"breadcrumb\":{\"@id\":\"https:\\\/\\\/bondvigilantes.com\\\/espanol\\\/aviso-legal\\\/#breadcrumb\"},\"inLanguage\":\"es\",\"potentialAction\":[{\"@type\":\"ReadAction\",\"target\":[\"https:\\\/\\\/bondvigilantes.com\\\/espanol\\\/aviso-legal\\\/\"]}]},{\"@type\":\"BreadcrumbList\",\"@id\":\"https:\\\/\\\/bondvigilantes.com\\\/espanol\\\/aviso-legal\\\/#breadcrumb\",\"itemListElement\":[{\"@type\":\"ListItem\",\"position\":1,\"name\":\"Portada\",\"item\":\"https:\\\/\\\/bondvigilantes.com\\\/espanol\\\/\"},{\"@type\":\"ListItem\",\"position\":2,\"name\":\"Aviso legal\"}]},{\"@type\":\"WebSite\",\"@id\":\"https:\\\/\\\/bondvigilantes.com\\\/espanol\\\/#website\",\"url\":\"https:\\\/\\\/bondvigilantes.com\\\/espanol\\\/\",\"name\":\"Espa\u00f1ol\",\"description\":\"M&amp;G\",\"potentialAction\":[{\"@type\":\"SearchAction\",\"target\":{\"@type\":\"EntryPoint\",\"urlTemplate\":\"https:\\\/\\\/bondvigilantes.com\\\/espanol\\\/?s={search_term_string}\"},\"query-input\":{\"@type\":\"PropertyValueSpecification\",\"valueRequired\":true,\"valueName\":\"search_term_string\"}}],\"inLanguage\":\"es\"}]}<\/script>\n<!-- \/ Yoast SEO Premium plugin. -->","yoast_head_json":{"title":"Aviso legal - Espa\u00f1ol","description":"Exclusivamente para inversores profesionales. Prohibida su posterior distribuci\u00f3n. Ninguna otra persona o entidad debe utilizar la informaci\u00f3n contenida","robots":{"index":"index","follow":"follow","max-snippet":"max-snippet:-1","max-image-preview":"max-image-preview:large","max-video-preview":"max-video-preview:-1"},"canonical":"https:\/\/bondvigilantes.com\/espanol\/aviso-legal\/","twitter_misc":{"Est. reading time":"4 minutos"},"schema":{"@context":"https:\/\/schema.org","@graph":[{"@type":"WebPage","@id":"https:\/\/bondvigilantes.com\/espanol\/aviso-legal\/","url":"https:\/\/bondvigilantes.com\/espanol\/aviso-legal\/","name":"Aviso legal - Espa\u00f1ol","isPartOf":{"@id":"https:\/\/bondvigilantes.com\/espanol\/#website"},"datePublished":"2022-08-09T13:24:24+00:00","dateModified":"2022-08-09T13:24:25+00:00","description":"Exclusivamente para inversores profesionales. Prohibida su posterior distribuci\u00f3n. Ninguna otra persona o entidad debe utilizar la informaci\u00f3n contenida","breadcrumb":{"@id":"https:\/\/bondvigilantes.com\/espanol\/aviso-legal\/#breadcrumb"},"inLanguage":"es","potentialAction":[{"@type":"ReadAction","target":["https:\/\/bondvigilantes.com\/espanol\/aviso-legal\/"]}]},{"@type":"BreadcrumbList","@id":"https:\/\/bondvigilantes.com\/espanol\/aviso-legal\/#breadcrumb","itemListElement":[{"@type":"ListItem","position":1,"name":"Portada","item":"https:\/\/bondvigilantes.com\/espanol\/"},{"@type":"ListItem","position":2,"name":"Aviso legal"}]},{"@type":"WebSite","@id":"https:\/\/bondvigilantes.com\/espanol\/#website","url":"https:\/\/bondvigilantes.com\/espanol\/","name":"Espa\u00f1ol","description":"M&amp;G","potentialAction":[{"@type":"SearchAction","target":{"@type":"EntryPoint","urlTemplate":"https:\/\/bondvigilantes.com\/espanol\/?s={search_term_string}"},"query-input":{"@type":"PropertyValueSpecification","valueRequired":true,"valueName":"search_term_string"}}],"inLanguage":"es"}]}},"_links":{"self":[{"href":"https:\/\/bondvigilantes.com\/espanol\/wp-json\/wp\/v2\/pages\/23131","targetHints":{"allow":["GET"]}}],"collection":[{"href":"https:\/\/bondvigilantes.com\/espanol\/wp-json\/wp\/v2\/pages"}],"about":[{"href":"https:\/\/bondvigilantes.com\/espanol\/wp-json\/wp\/v2\/types\/page"}],"author":[{"embeddable":true,"href":"https:\/\/bondvigilantes.com\/espanol\/wp-json\/wp\/v2\/users\/169"}],"replies":[{"embeddable":true,"href":"https:\/\/bondvigilantes.com\/espanol\/wp-json\/wp\/v2\/comments?post=23131"}],"version-history":[{"count":0,"href":"https:\/\/bondvigilantes.com\/espanol\/wp-json\/wp\/v2\/pages\/23131\/revisions"}],"wp:attachment":[{"href":"https:\/\/bondvigilantes.com\/espanol\/wp-json\/wp\/v2\/media?parent=23131"}],"curies":[{"name":"wp","href":"https:\/\/api.w.org\/{rel}","templated":true}]}}