{"id":23135,"date":"2022-08-09T13:32:35","date_gmt":"2022-08-09T13:32:35","guid":{"rendered":"https:\/\/bondvigilantes.com\/espanol\/?page_id=23135"},"modified":"2022-08-09T13:32:35","modified_gmt":"2022-08-09T13:32:35","slug":"accesibilidad","status":"publish","type":"page","link":"https:\/\/bondvigilantes.com\/espanol\/accesibilidad\/","title":{"rendered":"Accesibilidad"},"content":{"rendered":"\n<h1 class=\"wp-block-heading\">Estamos comprometidos a brindar acceso a todo el mundo a nuestras experiencias.<\/h1>\n\n\n\n<p>Para nosotros, mejorar la accesibilidad y la facilidad de uso de nuestras experiencias digitales es un elemento crucial a la hora de dise\u00f1arlas. Queremos crear una experiencia cuyo uso resulte f\u00e1cil a cualquier persona, con independencia de su habilidad.<\/p>\n\n\n\n<p>Conscientes de que el logro de una buena base de accesibilidad supondr\u00e1 una mejora para todos nuestros usuarios, adoptamos un enfoque de dise\u00f1o universal e integramos este aspecto en nuestro proceso de dise\u00f1o.<\/p>\n\n\n\n<p>Nuestro sitio web www.mandg.com es flexible y adaptable a las preferencias o necesidades de distintos usuarios, y accesible a trav\u00e9s de un abanico de tecnolog\u00edas que abarca dispositivos m\u00f3viles y ayuda t\u00e9cnica.<\/p>\n\n\n\n<p>En el marco de nuestro compromiso con la accesibilidad, nos aseguramos de que nuestro sitio web es compatible con:<\/p>\n\n\n\n<ul class=\"wp-block-list\"><li>Versiones recientes de lectores de pantalla populares.<\/li><li>Magnificadores de pantalla de sistemas operativos.<\/li><li>Software de reconocimiento de voz.<\/li><li>Paquetes de voz de sistemas operativos.<br><\/li><\/ul>\n\n\n\n<p><strong>Pautas de accesibilidad al contenido web (WCAG) 2.1, nivel de adecuaci\u00f3n AA<\/strong><\/p>\n\n\n\n<p>Este sitio se ha dise\u00f1ado para adherirse al nivel de adecuaci\u00f3n AA de las Pautas de accesibilidad al contenido web (WCAG) 2.1. Empleamos sus 4 principios b\u00e1sicos, con lo que nuestro sitio web deber\u00eda ser:<\/p>\n\n\n\n<p><strong>Perceptible:<\/strong>&nbsp;la informaci\u00f3n y los componentes de la interfaz de usuario deben ser mostrados a los usuarios de forma que estos puedan percibirlos.<\/p>\n\n\n\n<p><strong>Manejable:<\/strong>&nbsp;los componentes de la interfaz de usuario y de la navegaci\u00f3n deben poder manejarse.<\/p>\n\n\n\n<p><strong>Comprensible:<\/strong>&nbsp;la informaci\u00f3n y el funcionamiento de la interfaz de usuario deben ser comprensibles.<\/p>\n\n\n\n<p><strong>Robusto:<\/strong>&nbsp;el contenido deber ser suficientemente robusto para que pueda ser bien interpretado por una amplia variedad de agentes de usuario, incluidas tecnolog\u00edas de asistencia.<\/p>\n\n\n\n<p>Buscamos continuamente formas de mejorar nuestras experiencias futuras, con lo que si encuentra usted algo que pueda mejorarse, nos encantar\u00eda que&nbsp;<a href=\"mailto:mg.website@mandg.com\" target=\"_blank\" rel=\"noreferrer noopener\">nos lo comunicara<\/a>.<\/p>\n","protected":false},"excerpt":{"rendered":"<p>Estamos comprometidos a brindar acceso a todo el mundo a nuestras experiencias. Para nosotros, mejorar la accesibilidad y la facilidad de uso de nuestras experiencias digitales es un elemento crucial a la hora de dise\u00f1arlas. Queremos crear una experiencia cuyo uso resulte f\u00e1cil a cualquier persona, con independencia de su habilidad. Conscientes de que el logro de una buena base de accesibilidad supondr\u00e1 una mejora para todos nuestros usuarios, adoptamos un enfoque de dise\u00f1o universal e integramos este aspecto en nuestro proceso de dise\u00f1o. Nuestro&#8230;<\/p>\n","protected":false},"author":169,"featured_media":0,"parent":0,"menu_order":0,"comment_status":"closed","ping_status":"closed","template":"template-page.php","meta":{"_acf_changed":false,"footnotes":""},"class_list":["post-23135","page","type-page","status-publish","hentry"],"acf":[],"yoast_head":"<!-- This site is optimized with the Yoast SEO Premium plugin v25.8 (Yoast SEO v27.4) - https:\/\/yoast.com\/product\/yoast-seo-premium-wordpress\/ -->\n<title>Accesibilidad - Espa\u00f1ol<\/title>\n<meta name=\"description\" content=\"Estamos comprometidos a brindar acceso a todo el mundo a nuestras experiencias. Para nosotros, mejorar la accesibilidad y la facilidad de uso de nuestras\" \/>\n<meta name=\"robots\" content=\"index, follow, max-snippet:-1, max-image-preview:large, max-video-preview:-1\" \/>\n<link rel=\"canonical\" href=\"https:\/\/bondvigilantes.com\/espanol\/accesibilidad\/\" \/>\n<meta name=\"twitter:label1\" content=\"Est. reading time\" \/>\n\t<meta name=\"twitter:data1\" content=\"2 minutos\" \/>\n<script type=\"application\/ld+json\" class=\"yoast-schema-graph\">{\"@context\":\"https:\\\/\\\/schema.org\",\"@graph\":[{\"@type\":\"WebPage\",\"@id\":\"https:\\\/\\\/bondvigilantes.com\\\/espanol\\\/accesibilidad\\\/\",\"url\":\"https:\\\/\\\/bondvigilantes.com\\\/espanol\\\/accesibilidad\\\/\",\"name\":\"Accesibilidad - Espa\u00f1ol\",\"isPartOf\":{\"@id\":\"https:\\\/\\\/bondvigilantes.com\\\/espanol\\\/#website\"},\"datePublished\":\"2022-08-09T13:32:35+00:00\",\"description\":\"Estamos comprometidos a brindar acceso a todo el mundo a nuestras experiencias. Para nosotros, mejorar la accesibilidad y la facilidad de uso de nuestras\",\"breadcrumb\":{\"@id\":\"https:\\\/\\\/bondvigilantes.com\\\/espanol\\\/accesibilidad\\\/#breadcrumb\"},\"inLanguage\":\"es\",\"potentialAction\":[{\"@type\":\"ReadAction\",\"target\":[\"https:\\\/\\\/bondvigilantes.com\\\/espanol\\\/accesibilidad\\\/\"]}]},{\"@type\":\"BreadcrumbList\",\"@id\":\"https:\\\/\\\/bondvigilantes.com\\\/espanol\\\/accesibilidad\\\/#breadcrumb\",\"itemListElement\":[{\"@type\":\"ListItem\",\"position\":1,\"name\":\"Portada\",\"item\":\"https:\\\/\\\/bondvigilantes.com\\\/espanol\\\/\"},{\"@type\":\"ListItem\",\"position\":2,\"name\":\"Accesibilidad\"}]},{\"@type\":\"WebSite\",\"@id\":\"https:\\\/\\\/bondvigilantes.com\\\/espanol\\\/#website\",\"url\":\"https:\\\/\\\/bondvigilantes.com\\\/espanol\\\/\",\"name\":\"Espa\u00f1ol\",\"description\":\"M&amp;G\",\"potentialAction\":[{\"@type\":\"SearchAction\",\"target\":{\"@type\":\"EntryPoint\",\"urlTemplate\":\"https:\\\/\\\/bondvigilantes.com\\\/espanol\\\/?s={search_term_string}\"},\"query-input\":{\"@type\":\"PropertyValueSpecification\",\"valueRequired\":true,\"valueName\":\"search_term_string\"}}],\"inLanguage\":\"es\"}]}<\/script>\n<!-- \/ Yoast SEO Premium plugin. -->","yoast_head_json":{"title":"Accesibilidad - Espa\u00f1ol","description":"Estamos comprometidos a brindar acceso a todo el mundo a nuestras experiencias. Para nosotros, mejorar la accesibilidad y la facilidad de uso de nuestras","robots":{"index":"index","follow":"follow","max-snippet":"max-snippet:-1","max-image-preview":"max-image-preview:large","max-video-preview":"max-video-preview:-1"},"canonical":"https:\/\/bondvigilantes.com\/espanol\/accesibilidad\/","twitter_misc":{"Est. reading time":"2 minutos"},"schema":{"@context":"https:\/\/schema.org","@graph":[{"@type":"WebPage","@id":"https:\/\/bondvigilantes.com\/espanol\/accesibilidad\/","url":"https:\/\/bondvigilantes.com\/espanol\/accesibilidad\/","name":"Accesibilidad - Espa\u00f1ol","isPartOf":{"@id":"https:\/\/bondvigilantes.com\/espanol\/#website"},"datePublished":"2022-08-09T13:32:35+00:00","description":"Estamos comprometidos a brindar acceso a todo el mundo a nuestras experiencias. Para nosotros, mejorar la accesibilidad y la facilidad de uso de nuestras","breadcrumb":{"@id":"https:\/\/bondvigilantes.com\/espanol\/accesibilidad\/#breadcrumb"},"inLanguage":"es","potentialAction":[{"@type":"ReadAction","target":["https:\/\/bondvigilantes.com\/espanol\/accesibilidad\/"]}]},{"@type":"BreadcrumbList","@id":"https:\/\/bondvigilantes.com\/espanol\/accesibilidad\/#breadcrumb","itemListElement":[{"@type":"ListItem","position":1,"name":"Portada","item":"https:\/\/bondvigilantes.com\/espanol\/"},{"@type":"ListItem","position":2,"name":"Accesibilidad"}]},{"@type":"WebSite","@id":"https:\/\/bondvigilantes.com\/espanol\/#website","url":"https:\/\/bondvigilantes.com\/espanol\/","name":"Espa\u00f1ol","description":"M&amp;G","potentialAction":[{"@type":"SearchAction","target":{"@type":"EntryPoint","urlTemplate":"https:\/\/bondvigilantes.com\/espanol\/?s={search_term_string}"},"query-input":{"@type":"PropertyValueSpecification","valueRequired":true,"valueName":"search_term_string"}}],"inLanguage":"es"}]}},"_links":{"self":[{"href":"https:\/\/bondvigilantes.com\/espanol\/wp-json\/wp\/v2\/pages\/23135","targetHints":{"allow":["GET"]}}],"collection":[{"href":"https:\/\/bondvigilantes.com\/espanol\/wp-json\/wp\/v2\/pages"}],"about":[{"href":"https:\/\/bondvigilantes.com\/espanol\/wp-json\/wp\/v2\/types\/page"}],"author":[{"embeddable":true,"href":"https:\/\/bondvigilantes.com\/espanol\/wp-json\/wp\/v2\/users\/169"}],"replies":[{"embeddable":true,"href":"https:\/\/bondvigilantes.com\/espanol\/wp-json\/wp\/v2\/comments?post=23135"}],"version-history":[{"count":0,"href":"https:\/\/bondvigilantes.com\/espanol\/wp-json\/wp\/v2\/pages\/23135\/revisions"}],"wp:attachment":[{"href":"https:\/\/bondvigilantes.com\/espanol\/wp-json\/wp\/v2\/media?parent=23135"}],"curies":[{"name":"wp","href":"https:\/\/api.w.org\/{rel}","templated":true}]}}