{"id":7,"date":"2014-01-21T11:39:56","date_gmt":"2014-01-21T11:39:56","guid":{"rendered":"https:\/\/www.bondvigilantes.com\/espanol\/?page_id=7"},"modified":"2022-10-11T10:40:09","modified_gmt":"2022-10-11T10:40:09","slug":"sobre-este-blog","status":"publish","type":"page","link":"https:\/\/bondvigilantes.com\/espanol\/sobre-este-blog\/","title":{"rendered":"Sobre este blog"},"content":{"rendered":"\n<section  class=\"about-us\">\n    <div class=\"container\">\n        <div class=\"row\">\n            <div class=\"col-md-12\">\n                <div class=\"card article-content-ctn\">\n                                            <div class=\"card-body copy-top\">\n                                                            <section class=\"article-header\">\n                                    <div class=\"article-header-copy\">\n                                        <h1>Bond Vigilantes arranc\u00f3 su andadura en 2006, cuando el mundo parec\u00eda bastante diferente<\/h1>\n                                    <\/div>\n                                <\/section>\n                                                        <div class=\"card-text\">\n                                <p><strong>Cuando lanzamos el blog \u00abBond Vigilantes\u00bb a finales de 2006, el mundo parec\u00eda muy diferente, e incluso el t\u00e9rmino \u00abvigilantes de bonos\u00bb hab\u00eda ca\u00eddo en desuso. Si echamos la vista atr\u00e1s a los primeros meses de nuestro blog, escrib\u00edamos sobre los primeros indicios de debilidad en el mercado de la vivienda de Chicago, nuestra preocupaci\u00f3n por la desmedida concesi\u00f3n de pr\u00e9stamos por parte de los bancos brit\u00e1nicos y las novedades del saturado mercado de CDO. Pero segu\u00eda siendo un mundo en el que los bancos centrales hab\u00edan \u00abganado\u00bb la guerra contra \u00a0la inflaci\u00f3n tras dos d\u00e9cadas de batalla, en el que el t\u00e9rmino \u00abcrisis de deuda soberana\u00bb \u00fanicamente se utilizaba en relaci\u00f3n con los mercados y tanto Lehman Brothers y Bear Stearns lideraban la tabla de los bancos de inversi\u00f3n globales.<\/strong><\/p>\n<p>Quince a\u00f1os despu\u00e9s, el mundo parece un lugar muy diferente. Con las presiones inflacionistas globales que siguieron a la pandemia de la Covid-19, muchos inversores est\u00e1n teniendo su primera experiencia real en un entorno de tipos y rendimientos crecientes. De la misma forma, los banqueros centrales se enfrentan a un enorme reto para mantener el delicado equilibrio entre el fomento del crecimiento y el anclaje de la inflaci\u00f3n cerca de sus objetivos.<\/p>\n                            <\/div>\n                        <\/div>\n                                                                <div class=\"card-body copy-middle\">\n                                                            <section class=\"article-header article-header-right\">\n                                    <div class=\"article-header-copy\">\n                                        <h2>\u00abSol\u00eda pensar que si existiera la reencarnaci\u00f3n, querr\u00eda volver como el presidente o el Papa o un bateador de b\u00e9isbol de .400. Pero ahora quiero volver como el mercado de bonos. Puedes intimidar a todo el mundo\u201d<\/h2>\n<p>James Carville<\/p>\n                                    <\/div>\n                                <\/section>\n                                                        <div class=\"card-text\">\n                                <p>Cuando la poblaci\u00f3n siente la presi\u00f3n desde dos direcciones \u2015un mediocre crecimiento de los ingresos y un encarecimiento de los productos\u2015, ser un autoproclamado \u00abvigilante de bonos\u00bb resulta algo inc\u00f3modo. \u00bfEs correcto que los mercados tengan el poder que mencionaba James Carville en su famosa cita? \u00bfVale una calificaci\u00f3n de cr\u00e9dito AAA m\u00e1s que medio mill\u00f3n de empleos? \u00bfUna inflaci\u00f3n estable es m\u00e1s importante que el crecimiento?<\/p>\n<p>Este blog est\u00e1 aqu\u00ed para que podamos compartir nuestras perspectivas sobre las cosas que importan a los inversores en renta fija \u2015inflaci\u00f3n, tipos de inter\u00e9s y la econom\u00eda global\u2015, as\u00ed como para hablar de los propios mercados de renta fija. A lo largo de los \u00faltimos 15 a\u00f1os, nuestro equipo ha crecido, hemos publicado posts sobre el valor en los bonos high yield, las perspectivas de la renta fija emergente y las novedades de los mercados de bonos ligados a la inflaci\u00f3n. Tambi\u00e9n queremos dar a conocer nuestras perspectivas sobre los mercados tradicionales de bonos corporativos con grado de inversi\u00f3n: ser un buen vigilante de bonos deber\u00eda tambi\u00e9n consistir en saber detectar las tendencias de deterioro tanto en las compa\u00f1\u00edas como en los gobiernos.<\/p>\n                            <\/div>\n                        <\/div>\n                                                                <div class=\"card-body copy-bottom\">\n                            <div class=\"card-text\">\n                                <p>As\u00ed que os queremos dar las gracias por seguir apoyando este blog y esperamos que los mercados de renta fija sigan siendo interesantes, pero no demasiado.<\/p>\n<h3><strong>Jim Leaviss<\/strong><\/h3>\n\n                                                                    <div class=\"wrapper-button text-center\">\n                                        <a class=\"btn btn-primary\" href=\"https:\/\/bondvigilantes.com\/espanol\/contact-us\/\" target=\"_self\">Get in touch<\/a>\n                                    <\/div>\n                                                            <\/div>\n                        <\/div>\n                                    <\/div>\n            <\/div>\n        <\/div>\n    <\/div>\n<\/section>","protected":false},"excerpt":{"rendered":"","protected":false},"author":1,"featured_media":0,"parent":0,"menu_order":0,"comment_status":"open","ping_status":"open","template":"","meta":{"_acf_changed":false,"footnotes":""},"class_list":["post-7","page","type-page","status-publish","hentry"],"acf":[],"yoast_head":"<!-- This site is optimized with the Yoast SEO Premium plugin v25.8 (Yoast SEO v27.6) - https:\/\/yoast.com\/product\/yoast-seo-premium-wordpress\/ -->\n<title>Sobre este blog - Espa\u00f1ol<\/title>\n<meta name=\"robots\" content=\"index, follow, max-snippet:-1, max-image-preview:large, max-video-preview:-1\" \/>\n<link rel=\"canonical\" href=\"https:\/\/bondvigilantes.com\/espanol\/sobre-este-blog\/\" \/>\n<script type=\"application\/ld+json\" class=\"yoast-schema-graph\">{\"@context\":\"https:\\\/\\\/schema.org\",\"@graph\":[{\"@type\":\"WebPage\",\"@id\":\"https:\\\/\\\/bondvigilantes.com\\\/espanol\\\/sobre-este-blog\\\/\",\"url\":\"https:\\\/\\\/bondvigilantes.com\\\/espanol\\\/sobre-este-blog\\\/\",\"name\":\"Sobre este blog - Espa\u00f1ol\",\"isPartOf\":{\"@id\":\"https:\\\/\\\/bondvigilantes.com\\\/espanol\\\/#website\"},\"datePublished\":\"2014-01-21T11:39:56+00:00\",\"dateModified\":\"2022-10-11T10:40:09+00:00\",\"breadcrumb\":{\"@id\":\"https:\\\/\\\/bondvigilantes.com\\\/espanol\\\/sobre-este-blog\\\/#breadcrumb\"},\"inLanguage\":\"es\",\"potentialAction\":[{\"@type\":\"ReadAction\",\"target\":[\"https:\\\/\\\/bondvigilantes.com\\\/espanol\\\/sobre-este-blog\\\/\"]}]},{\"@type\":\"BreadcrumbList\",\"@id\":\"https:\\\/\\\/bondvigilantes.com\\\/espanol\\\/sobre-este-blog\\\/#breadcrumb\",\"itemListElement\":[{\"@type\":\"ListItem\",\"position\":1,\"name\":\"Portada\",\"item\":\"https:\\\/\\\/bondvigilantes.com\\\/espanol\\\/\"},{\"@type\":\"ListItem\",\"position\":2,\"name\":\"Sobre este blog\"}]},{\"@type\":\"WebSite\",\"@id\":\"https:\\\/\\\/bondvigilantes.com\\\/espanol\\\/#website\",\"url\":\"https:\\\/\\\/bondvigilantes.com\\\/espanol\\\/\",\"name\":\"Espa\u00f1ol\",\"description\":\"M&amp;G\",\"potentialAction\":[{\"@type\":\"SearchAction\",\"target\":{\"@type\":\"EntryPoint\",\"urlTemplate\":\"https:\\\/\\\/bondvigilantes.com\\\/espanol\\\/?s={search_term_string}\"},\"query-input\":{\"@type\":\"PropertyValueSpecification\",\"valueRequired\":true,\"valueName\":\"search_term_string\"}}],\"inLanguage\":\"es\"}]}<\/script>\n<!-- \/ Yoast SEO Premium plugin. -->","yoast_head_json":{"title":"Sobre este blog - Espa\u00f1ol","robots":{"index":"index","follow":"follow","max-snippet":"max-snippet:-1","max-image-preview":"max-image-preview:large","max-video-preview":"max-video-preview:-1"},"canonical":"https:\/\/bondvigilantes.com\/espanol\/sobre-este-blog\/","schema":{"@context":"https:\/\/schema.org","@graph":[{"@type":"WebPage","@id":"https:\/\/bondvigilantes.com\/espanol\/sobre-este-blog\/","url":"https:\/\/bondvigilantes.com\/espanol\/sobre-este-blog\/","name":"Sobre este blog - Espa\u00f1ol","isPartOf":{"@id":"https:\/\/bondvigilantes.com\/espanol\/#website"},"datePublished":"2014-01-21T11:39:56+00:00","dateModified":"2022-10-11T10:40:09+00:00","breadcrumb":{"@id":"https:\/\/bondvigilantes.com\/espanol\/sobre-este-blog\/#breadcrumb"},"inLanguage":"es","potentialAction":[{"@type":"ReadAction","target":["https:\/\/bondvigilantes.com\/espanol\/sobre-este-blog\/"]}]},{"@type":"BreadcrumbList","@id":"https:\/\/bondvigilantes.com\/espanol\/sobre-este-blog\/#breadcrumb","itemListElement":[{"@type":"ListItem","position":1,"name":"Portada","item":"https:\/\/bondvigilantes.com\/espanol\/"},{"@type":"ListItem","position":2,"name":"Sobre este blog"}]},{"@type":"WebSite","@id":"https:\/\/bondvigilantes.com\/espanol\/#website","url":"https:\/\/bondvigilantes.com\/espanol\/","name":"Espa\u00f1ol","description":"M&amp;G","potentialAction":[{"@type":"SearchAction","target":{"@type":"EntryPoint","urlTemplate":"https:\/\/bondvigilantes.com\/espanol\/?s={search_term_string}"},"query-input":{"@type":"PropertyValueSpecification","valueRequired":true,"valueName":"search_term_string"}}],"inLanguage":"es"}]}},"_links":{"self":[{"href":"https:\/\/bondvigilantes.com\/espanol\/wp-json\/wp\/v2\/pages\/7","targetHints":{"allow":["GET"]}}],"collection":[{"href":"https:\/\/bondvigilantes.com\/espanol\/wp-json\/wp\/v2\/pages"}],"about":[{"href":"https:\/\/bondvigilantes.com\/espanol\/wp-json\/wp\/v2\/types\/page"}],"author":[{"embeddable":true,"href":"https:\/\/bondvigilantes.com\/espanol\/wp-json\/wp\/v2\/users\/1"}],"replies":[{"embeddable":true,"href":"https:\/\/bondvigilantes.com\/espanol\/wp-json\/wp\/v2\/comments?post=7"}],"version-history":[{"count":0,"href":"https:\/\/bondvigilantes.com\/espanol\/wp-json\/wp\/v2\/pages\/7\/revisions"}],"wp:attachment":[{"href":"https:\/\/bondvigilantes.com\/espanol\/wp-json\/wp\/v2\/media?parent=7"}],"curies":[{"name":"wp","href":"https:\/\/api.w.org\/{rel}","templated":true}]}}