{"id":11,"date":"2013-12-10T14:38:44","date_gmt":"2013-12-10T14:38:44","guid":{"rendered":"https:\/\/www.bondvigilantes.com\/francais\/?page_id=11"},"modified":"2022-10-11T10:32:35","modified_gmt":"2022-10-11T10:32:35","slug":"a-propos-du-blog","status":"publish","type":"page","link":"https:\/\/bondvigilantes.com\/francais\/a-propos-du-blog\/","title":{"rendered":"A propos de ce blog"},"content":{"rendered":"\n<section  class=\"about-us\">\n    <div class=\"container\">\n        <div class=\"row\">\n            <div class=\"col-md-12\">\n                <div class=\"card article-content-ctn\">\n                                            <div class=\"card-body copy-top\">\n                                                            <section class=\"article-header\">\n                                    <div class=\"article-header-copy\">\n                                        <h1>Bond Vigilantes a d\u00e9but\u00e9 en 2006, quand le monde semblait bien diff\u00e9rent.<\/h1>\n                                    <\/div>\n                                <\/section>\n                                                        <div class=\"card-text\">\n                                <p><strong>Lorsque nous avons lanc\u00e9 le blog Bond Vigilantes \u00e0 la fin de l&rsquo;ann\u00e9e 2006, le monde \u00e9tait relativement diff\u00e9rent \u2013 et m\u00eame le terme \u00ab\u00a0bond vigilantes\u00a0\u00bb \u00e9tait devenu obsol\u00e8te. Durant les deux premiers mois de fonctionnement de notre blog, nous r\u00e9digions des billets \u00e0 propos des premiers signes d&rsquo;acc\u00e8s de faiblesse du march\u00e9 immobilier r\u00e9sidentiel de Chicago, de nos inqui\u00e9tudes li\u00e9es \u00e0 l&rsquo;importance des cr\u00e9dits accord\u00e9s par les banques britanniques et des faits nouveaux sur le march\u00e9 \u00ab\u00a0surchauff\u00e9\u00a0\u00bb des CDO. Mais, il s&rsquo;agissait l\u00e0 encore d&rsquo;un monde dans lequel les banques centrales avaient \u00ab\u00a0gagn\u00e9\u00a0\u00bb la guerre contre l&rsquo;inflation apr\u00e8s deux d\u00e9cennies d&rsquo;une \u00e2pre bataille, l&rsquo;expression \u00ab\u00a0crise de la dette souveraine\u00a0\u00bb n&rsquo;\u00e9tait utilis\u00e9e que par rapport aux pays \u00e9mergents et Lehman Brothers et Bear Stearns figuraient parmi les toutes premi\u00e8res banques d&rsquo;affaires de la plan\u00e8te.<\/strong><\/p>\n<p>Quinze ans plus tard, le monde semble bien diff\u00e9rent. Avec les pressions inflationnistes mondiales qui ont suivi la pand\u00e9mie de Covid-19, de nombreux investisseurs font leur premi\u00e8re vraie exp\u00e9rience d&rsquo;un environnement de hausse des taux et des rendements. De m\u00eame, les banques centrales sont confront\u00e9es au d\u00e9fi de taille de maintenir l&rsquo;\u00e9quilibre d\u00e9licat entre le soutien de la croissance et le maintien de l&rsquo;inflation \u00e0 un niveau proche de leurs objectifs.<\/p>\n                            <\/div>\n                        <\/div>\n                                                                <div class=\"card-body copy-middle\">\n                                                            <section class=\"article-header article-header-right\">\n                                    <div class=\"article-header-copy\">\n                                        <h2>\u00ab\u00a0Avant, je me disais que si la r\u00e9incarnation existait, je voulais revenir en tant que pr\u00e9sident, pape ou frappeur de ,400 au base-ball. Mais d\u00e9sormais, je veux revenir comme le march\u00e9 obligataire. Vous pouvez intimider tout le monde.\u00a0\u00bb<\/h2>\n<p>James Carville<\/p>\n                                    <\/div>\n                                <\/section>\n                                                        <div class=\"card-text\">\n                                <p>Dans un contexte o\u00f9 les populations sont tiraill\u00e9es entre une croissance des revenus m\u00e9diocre et une augmentation des prix des produits, \u00eatre un \u00ab\u00a0bond vigilante\u00a0\u00bb autoproclam\u00e9 n\u2019est pas si facile. Est-il souhaitable que les march\u00e9s puissent avoir le pouvoir d\u00e9nonc\u00e9 par James Carville dans sa c\u00e9l\u00e8bre citation\u00a0? Une notation de cr\u00e9dit AAA vaut-elle plus que 500\u00a0000 emplois\u00a0? Une inflation stable est-elle plus importante que la croissance\u00a0?<\/p>\n<p>Ainsi, ce blog a \u00e9t\u00e9 cr\u00e9\u00e9 afin de nous permettre de partager nos points de vue sur les divers sujets importants pour les investisseurs obligataires \u2013 l&rsquo;inflation, les taux d&rsquo;int\u00e9r\u00eat et l&rsquo;\u00e9conomie mondiale \u2013 ainsi que pour \u00e9changer sur l&rsquo;actualit\u00e9 des march\u00e9s obligataires eux-m\u00eames. Au cours des 15 derni\u00e8res ann\u00e9es, \u00e0 mesure que notre \u00e9quipe s&rsquo;est agrandie, nous avons pass\u00e9 en revue les atouts des obligations \u00e0 haut rendement, les perspectives de la dette \u00e9mergente et l&rsquo;\u00e9volution r\u00e9cente des march\u00e9s des obligations index\u00e9es sur l&rsquo;inflation. Nous n&rsquo;oublions pas pour autant d&rsquo;informer nos lecteurs de nos opinions et des tendances sur les march\u00e9s plus traditionnels des obligations d&rsquo;entreprises \u00ab investment grade \u00bb \u2013 \u00eatre un bon \u00ab\u00a0bond vigilante \u00bb revient \u00e9galement \u00e0 identifier la d\u00e9t\u00e9rioration des tendances des comportements des soci\u00e9t\u00e9s, au m\u00eame titre que des \u00c9tats.<\/p>\n                            <\/div>\n                        <\/div>\n                                                                <div class=\"card-body copy-bottom\">\n                            <div class=\"card-text\">\n                                <p>Merci donc de continuer \u00e0 soutenir ce blog, et esp\u00e9rons que les march\u00e9s obligataires restent int\u00e9ressants, mais pas trop int\u00e9ressants tout de m\u00eame.<\/p>\n<h3><strong>Jim Leaviss<\/strong><\/h3>\n\n                                                                    <div class=\"wrapper-button text-center\">\n                                        <a class=\"btn btn-primary\" href=\"https:\/\/bondvigilantes.com\/francais\/contact-us\/\" target=\"_self\">Get in touch<\/a>\n                                    <\/div>\n                                                            <\/div>\n                        <\/div>\n                                    <\/div>\n            <\/div>\n        <\/div>\n    <\/div>\n<\/section>","protected":false},"excerpt":{"rendered":"","protected":false},"author":1,"featured_media":0,"parent":0,"menu_order":0,"comment_status":"open","ping_status":"open","template":"","meta":{"_acf_changed":false,"footnotes":""},"class_list":["post-11","page","type-page","status-publish","hentry"],"acf":[],"yoast_head":"<!-- This site is optimized with the Yoast SEO Premium plugin v25.8 (Yoast SEO v27.4) - https:\/\/yoast.com\/product\/yoast-seo-premium-wordpress\/ -->\n<title>A propos de ce blog - Francais<\/title>\n<meta name=\"robots\" content=\"index, follow, max-snippet:-1, max-image-preview:large, max-video-preview:-1\" \/>\n<link rel=\"canonical\" href=\"https:\/\/bondvigilantes.com\/francais\/a-propos-du-blog\/\" \/>\n<script type=\"application\/ld+json\" class=\"yoast-schema-graph\">{\"@context\":\"https:\\\/\\\/schema.org\",\"@graph\":[{\"@type\":\"WebPage\",\"@id\":\"https:\\\/\\\/bondvigilantes.com\\\/francais\\\/a-propos-du-blog\\\/\",\"url\":\"https:\\\/\\\/bondvigilantes.com\\\/francais\\\/a-propos-du-blog\\\/\",\"name\":\"A propos de ce blog - Francais\",\"isPartOf\":{\"@id\":\"https:\\\/\\\/bondvigilantes.com\\\/francais\\\/#website\"},\"datePublished\":\"2013-12-10T14:38:44+00:00\",\"dateModified\":\"2022-10-11T10:32:35+00:00\",\"breadcrumb\":{\"@id\":\"https:\\\/\\\/bondvigilantes.com\\\/francais\\\/a-propos-du-blog\\\/#breadcrumb\"},\"inLanguage\":\"fr-FR\",\"potentialAction\":[{\"@type\":\"ReadAction\",\"target\":[\"https:\\\/\\\/bondvigilantes.com\\\/francais\\\/a-propos-du-blog\\\/\"]}]},{\"@type\":\"BreadcrumbList\",\"@id\":\"https:\\\/\\\/bondvigilantes.com\\\/francais\\\/a-propos-du-blog\\\/#breadcrumb\",\"itemListElement\":[{\"@type\":\"ListItem\",\"position\":1,\"name\":\"Accueil\",\"item\":\"https:\\\/\\\/bondvigilantes.com\\\/francais\\\/\"},{\"@type\":\"ListItem\",\"position\":2,\"name\":\"A propos de ce blog\"}]},{\"@type\":\"WebSite\",\"@id\":\"https:\\\/\\\/bondvigilantes.com\\\/francais\\\/#website\",\"url\":\"https:\\\/\\\/bondvigilantes.com\\\/francais\\\/\",\"name\":\"Francais\",\"description\":\"M&amp;G\",\"potentialAction\":[{\"@type\":\"SearchAction\",\"target\":{\"@type\":\"EntryPoint\",\"urlTemplate\":\"https:\\\/\\\/bondvigilantes.com\\\/francais\\\/?s={search_term_string}\"},\"query-input\":{\"@type\":\"PropertyValueSpecification\",\"valueRequired\":true,\"valueName\":\"search_term_string\"}}],\"inLanguage\":\"fr-FR\"}]}<\/script>\n<!-- \/ Yoast SEO Premium plugin. -->","yoast_head_json":{"title":"A propos de ce blog - Francais","robots":{"index":"index","follow":"follow","max-snippet":"max-snippet:-1","max-image-preview":"max-image-preview:large","max-video-preview":"max-video-preview:-1"},"canonical":"https:\/\/bondvigilantes.com\/francais\/a-propos-du-blog\/","schema":{"@context":"https:\/\/schema.org","@graph":[{"@type":"WebPage","@id":"https:\/\/bondvigilantes.com\/francais\/a-propos-du-blog\/","url":"https:\/\/bondvigilantes.com\/francais\/a-propos-du-blog\/","name":"A propos de ce blog - Francais","isPartOf":{"@id":"https:\/\/bondvigilantes.com\/francais\/#website"},"datePublished":"2013-12-10T14:38:44+00:00","dateModified":"2022-10-11T10:32:35+00:00","breadcrumb":{"@id":"https:\/\/bondvigilantes.com\/francais\/a-propos-du-blog\/#breadcrumb"},"inLanguage":"fr-FR","potentialAction":[{"@type":"ReadAction","target":["https:\/\/bondvigilantes.com\/francais\/a-propos-du-blog\/"]}]},{"@type":"BreadcrumbList","@id":"https:\/\/bondvigilantes.com\/francais\/a-propos-du-blog\/#breadcrumb","itemListElement":[{"@type":"ListItem","position":1,"name":"Accueil","item":"https:\/\/bondvigilantes.com\/francais\/"},{"@type":"ListItem","position":2,"name":"A propos de ce blog"}]},{"@type":"WebSite","@id":"https:\/\/bondvigilantes.com\/francais\/#website","url":"https:\/\/bondvigilantes.com\/francais\/","name":"Francais","description":"M&amp;G","potentialAction":[{"@type":"SearchAction","target":{"@type":"EntryPoint","urlTemplate":"https:\/\/bondvigilantes.com\/francais\/?s={search_term_string}"},"query-input":{"@type":"PropertyValueSpecification","valueRequired":true,"valueName":"search_term_string"}}],"inLanguage":"fr-FR"}]}},"_links":{"self":[{"href":"https:\/\/bondvigilantes.com\/francais\/wp-json\/wp\/v2\/pages\/11","targetHints":{"allow":["GET"]}}],"collection":[{"href":"https:\/\/bondvigilantes.com\/francais\/wp-json\/wp\/v2\/pages"}],"about":[{"href":"https:\/\/bondvigilantes.com\/francais\/wp-json\/wp\/v2\/types\/page"}],"author":[{"embeddable":true,"href":"https:\/\/bondvigilantes.com\/francais\/wp-json\/wp\/v2\/users\/1"}],"replies":[{"embeddable":true,"href":"https:\/\/bondvigilantes.com\/francais\/wp-json\/wp\/v2\/comments?post=11"}],"version-history":[{"count":0,"href":"https:\/\/bondvigilantes.com\/francais\/wp-json\/wp\/v2\/pages\/11\/revisions"}],"wp:attachment":[{"href":"https:\/\/bondvigilantes.com\/francais\/wp-json\/wp\/v2\/media?parent=11"}],"curies":[{"name":"wp","href":"https:\/\/api.w.org\/{rel}","templated":true}]}}