{"id":23132,"date":"2022-08-09T13:12:50","date_gmt":"2022-08-09T13:12:50","guid":{"rendered":"https:\/\/bondvigilantes.com\/francais\/?page_id=23132"},"modified":"2022-08-09T13:12:51","modified_gmt":"2022-08-09T13:12:51","slug":"laccessibilite","status":"publish","type":"page","link":"https:\/\/bondvigilantes.com\/francais\/laccessibilite\/","title":{"rendered":"L\u2019accessibilit\u00e9"},"content":{"rendered":"\n<p>Nos exp\u00e9riences num\u00e9riques sont con\u00e7ues dans le but d\u2019am\u00e9liorer l\u2019accessibilit\u00e9 et la convivialit\u00e9. Nous souhaitons cr\u00e9er une exp\u00e9rience facile pour tous.<\/p>\n\n\n\n<p>Nous adoptons une approche de conception universelle, et savons qu\u2019une mise en \u0153uvre intelligente des principes fondamentaux de l&rsquo;accessibilit\u00e9 aura un impact positif sur l\u2019ensemble de nos utilisateurs et deviendra simplement partie int\u00e9grante de notre processus de conception.&nbsp;<\/p>\n\n\n\n<p>Flexible et adapt\u00e9 aux besoins ou pr\u00e9f\u00e9rences des diff\u00e9rents utilisateurs, le site mandg.com est accessible depuis diverses technologies, dont les appareils mobiles ou les syst\u00e8mes d\u2019assistance technique.<\/p>\n\n\n\n<p>Dans le cadre de notre engagement en faveur de l&rsquo;accessibilit\u00e9, nous veillons \u00e0 ce que notre site Internet soit compatible avec&nbsp;:<\/p>\n\n\n\n<ul class=\"wp-block-list\"><li>Les derni\u00e8res versions des lecteurs d\u2019\u00e9cran les plus populaires<\/li><li>Les logiciels d\u2019agrandissement du syst\u00e8me d&rsquo;exploitation<\/li><li>Les logiciels de reconnaissance vocale<\/li><li>Les logiciels de commande vocale du syst\u00e8me d&rsquo;exploitation<br><\/li><\/ul>\n\n\n\n<p><strong>R\u00e8gles pour l\u2019accessibilit\u00e9 des contenus Web (WCAG)&nbsp;2.1, niveau&nbsp;AA<\/strong><br><br>Ce site a \u00e9t\u00e9 con\u00e7u de mani\u00e8re \u00e0 respecter le niveau&nbsp;AA des R\u00e8gles pour l\u2019accessibilit\u00e9 des contenus Web (WCAG)&nbsp;2.1.Selon les quatre principes de base de ces directives, notre site devrait \u00eatre&nbsp;:<br><strong><br>Perceptible<\/strong>&nbsp;&#8211; Les informations et les \u00e9l\u00e9ments de l&rsquo;interface utilisateur doivent \u00eatre pr\u00e9sent\u00e9s de mani\u00e8re \u00e0 \u00eatre perceptibles par les utilisateurs.<\/p>\n\n\n\n<p><strong>Utilisable<\/strong>&nbsp;&#8211; Les \u00e9l\u00e9ments de l\u2019interface utilisateur et la navigation doivent \u00eatre exploitables.<\/p>\n\n\n\n<p><strong>Compr\u00e9hensible<\/strong>&nbsp;&#8211; Les informations de l\u2019interface utilisateur et son fonctionnement doivent \u00eatre compr\u00e9hensibles.<\/p>\n\n\n\n<p><strong>Robuste<\/strong>&nbsp;&#8211; Le contenu doit \u00eatre suffisamment robuste pour pouvoir \u00eatre interpr\u00e9t\u00e9 de mani\u00e8re fiable par un grand nombre d\u2019agents utilisateurs, dont les syst\u00e8mes d\u2019assistance technique.<br><br>Nous recherchons toujours des moyens d\u2019am\u00e9liorer nos exp\u00e9riences futures. Aussi, si vous identifiez des axes d\u2019am\u00e9lioration, n\u2019h\u00e9sitez pas \u00e0 nous en&nbsp;<a href=\"mailto:mg.website@mandg.com\" target=\"_blank\" rel=\"noreferrer noopener\">faire part<\/a>.<\/p>\n","protected":false},"excerpt":{"rendered":"<p>Nos exp\u00e9riences num\u00e9riques sont con\u00e7ues dans le but d\u2019am\u00e9liorer l\u2019accessibilit\u00e9 et la convivialit\u00e9. Nous souhaitons cr\u00e9er une exp\u00e9rience facile pour tous. Nous adoptons une approche de conception universelle, et savons qu\u2019une mise en \u0153uvre intelligente des principes fondamentaux de l&rsquo;accessibilit\u00e9 aura un impact positif sur l\u2019ensemble de nos utilisateurs et deviendra simplement partie int\u00e9grante de notre processus de conception.&nbsp; Flexible et adapt\u00e9 aux besoins ou pr\u00e9f\u00e9rences des diff\u00e9rents utilisateurs, le site mandg.com est accessible depuis diverses technologies, dont les appareils mobiles ou les syst\u00e8mes d\u2019assistance&#8230;<\/p>\n","protected":false},"author":169,"featured_media":0,"parent":0,"menu_order":0,"comment_status":"closed","ping_status":"closed","template":"template-page.php","meta":{"_acf_changed":false,"footnotes":""},"class_list":["post-23132","page","type-page","status-publish","hentry"],"acf":[],"yoast_head":"<!-- This site is optimized with the Yoast SEO Premium plugin v25.8 (Yoast SEO v27.4) - https:\/\/yoast.com\/product\/yoast-seo-premium-wordpress\/ -->\n<title>L\u2019accessibilit\u00e9 - Francais<\/title>\n<meta name=\"description\" content=\"Nos exp\u00e9riences num\u00e9riques sont con\u00e7ues dans le but d\u2019am\u00e9liorer l\u2019accessibilit\u00e9 et la convivialit\u00e9. Nous souhaitons cr\u00e9er une exp\u00e9rience facile pour tous.\" \/>\n<meta name=\"robots\" content=\"index, follow, max-snippet:-1, max-image-preview:large, max-video-preview:-1\" \/>\n<link rel=\"canonical\" href=\"https:\/\/bondvigilantes.com\/francais\/laccessibilite\/\" \/>\n<meta name=\"twitter:label1\" content=\"Est. reading time\" \/>\n\t<meta name=\"twitter:data1\" content=\"2 minutes\" \/>\n<script type=\"application\/ld+json\" class=\"yoast-schema-graph\">{\"@context\":\"https:\\\/\\\/schema.org\",\"@graph\":[{\"@type\":\"WebPage\",\"@id\":\"https:\\\/\\\/bondvigilantes.com\\\/francais\\\/laccessibilite\\\/\",\"url\":\"https:\\\/\\\/bondvigilantes.com\\\/francais\\\/laccessibilite\\\/\",\"name\":\"L\u2019accessibilit\u00e9 - Francais\",\"isPartOf\":{\"@id\":\"https:\\\/\\\/bondvigilantes.com\\\/francais\\\/#website\"},\"datePublished\":\"2022-08-09T13:12:50+00:00\",\"dateModified\":\"2022-08-09T13:12:51+00:00\",\"description\":\"Nos exp\u00e9riences num\u00e9riques sont con\u00e7ues dans le but d\u2019am\u00e9liorer l\u2019accessibilit\u00e9 et la convivialit\u00e9. Nous souhaitons cr\u00e9er une exp\u00e9rience facile pour tous.\",\"breadcrumb\":{\"@id\":\"https:\\\/\\\/bondvigilantes.com\\\/francais\\\/laccessibilite\\\/#breadcrumb\"},\"inLanguage\":\"fr-FR\",\"potentialAction\":[{\"@type\":\"ReadAction\",\"target\":[\"https:\\\/\\\/bondvigilantes.com\\\/francais\\\/laccessibilite\\\/\"]}]},{\"@type\":\"BreadcrumbList\",\"@id\":\"https:\\\/\\\/bondvigilantes.com\\\/francais\\\/laccessibilite\\\/#breadcrumb\",\"itemListElement\":[{\"@type\":\"ListItem\",\"position\":1,\"name\":\"Accueil\",\"item\":\"https:\\\/\\\/bondvigilantes.com\\\/francais\\\/\"},{\"@type\":\"ListItem\",\"position\":2,\"name\":\"L\u2019accessibilit\u00e9\"}]},{\"@type\":\"WebSite\",\"@id\":\"https:\\\/\\\/bondvigilantes.com\\\/francais\\\/#website\",\"url\":\"https:\\\/\\\/bondvigilantes.com\\\/francais\\\/\",\"name\":\"Francais\",\"description\":\"M&amp;G\",\"potentialAction\":[{\"@type\":\"SearchAction\",\"target\":{\"@type\":\"EntryPoint\",\"urlTemplate\":\"https:\\\/\\\/bondvigilantes.com\\\/francais\\\/?s={search_term_string}\"},\"query-input\":{\"@type\":\"PropertyValueSpecification\",\"valueRequired\":true,\"valueName\":\"search_term_string\"}}],\"inLanguage\":\"fr-FR\"}]}<\/script>\n<!-- \/ Yoast SEO Premium plugin. -->","yoast_head_json":{"title":"L\u2019accessibilit\u00e9 - Francais","description":"Nos exp\u00e9riences num\u00e9riques sont con\u00e7ues dans le but d\u2019am\u00e9liorer l\u2019accessibilit\u00e9 et la convivialit\u00e9. Nous souhaitons cr\u00e9er une exp\u00e9rience facile pour tous.","robots":{"index":"index","follow":"follow","max-snippet":"max-snippet:-1","max-image-preview":"max-image-preview:large","max-video-preview":"max-video-preview:-1"},"canonical":"https:\/\/bondvigilantes.com\/francais\/laccessibilite\/","twitter_misc":{"Est. reading time":"2 minutes"},"schema":{"@context":"https:\/\/schema.org","@graph":[{"@type":"WebPage","@id":"https:\/\/bondvigilantes.com\/francais\/laccessibilite\/","url":"https:\/\/bondvigilantes.com\/francais\/laccessibilite\/","name":"L\u2019accessibilit\u00e9 - Francais","isPartOf":{"@id":"https:\/\/bondvigilantes.com\/francais\/#website"},"datePublished":"2022-08-09T13:12:50+00:00","dateModified":"2022-08-09T13:12:51+00:00","description":"Nos exp\u00e9riences num\u00e9riques sont con\u00e7ues dans le but d\u2019am\u00e9liorer l\u2019accessibilit\u00e9 et la convivialit\u00e9. Nous souhaitons cr\u00e9er une exp\u00e9rience facile pour tous.","breadcrumb":{"@id":"https:\/\/bondvigilantes.com\/francais\/laccessibilite\/#breadcrumb"},"inLanguage":"fr-FR","potentialAction":[{"@type":"ReadAction","target":["https:\/\/bondvigilantes.com\/francais\/laccessibilite\/"]}]},{"@type":"BreadcrumbList","@id":"https:\/\/bondvigilantes.com\/francais\/laccessibilite\/#breadcrumb","itemListElement":[{"@type":"ListItem","position":1,"name":"Accueil","item":"https:\/\/bondvigilantes.com\/francais\/"},{"@type":"ListItem","position":2,"name":"L\u2019accessibilit\u00e9"}]},{"@type":"WebSite","@id":"https:\/\/bondvigilantes.com\/francais\/#website","url":"https:\/\/bondvigilantes.com\/francais\/","name":"Francais","description":"M&amp;G","potentialAction":[{"@type":"SearchAction","target":{"@type":"EntryPoint","urlTemplate":"https:\/\/bondvigilantes.com\/francais\/?s={search_term_string}"},"query-input":{"@type":"PropertyValueSpecification","valueRequired":true,"valueName":"search_term_string"}}],"inLanguage":"fr-FR"}]}},"_links":{"self":[{"href":"https:\/\/bondvigilantes.com\/francais\/wp-json\/wp\/v2\/pages\/23132","targetHints":{"allow":["GET"]}}],"collection":[{"href":"https:\/\/bondvigilantes.com\/francais\/wp-json\/wp\/v2\/pages"}],"about":[{"href":"https:\/\/bondvigilantes.com\/francais\/wp-json\/wp\/v2\/types\/page"}],"author":[{"embeddable":true,"href":"https:\/\/bondvigilantes.com\/francais\/wp-json\/wp\/v2\/users\/169"}],"replies":[{"embeddable":true,"href":"https:\/\/bondvigilantes.com\/francais\/wp-json\/wp\/v2\/comments?post=23132"}],"version-history":[{"count":0,"href":"https:\/\/bondvigilantes.com\/francais\/wp-json\/wp\/v2\/pages\/23132\/revisions"}],"wp:attachment":[{"href":"https:\/\/bondvigilantes.com\/francais\/wp-json\/wp\/v2\/media?parent=23132"}],"curies":[{"name":"wp","href":"https:\/\/api.w.org\/{rel}","templated":true}]}}