{"id":23138,"date":"2022-08-09T18:51:12","date_gmt":"2022-08-09T18:51:12","guid":{"rendered":"https:\/\/bondvigilantes.com\/francais\/?page_id=23138"},"modified":"2026-03-30T16:05:43","modified_gmt":"2026-03-30T16:05:43","slug":"contact-us","status":"publish","type":"page","link":"https:\/\/bondvigilantes.com\/francais\/contact-us\/","title":{"rendered":"Contact Us"},"content":{"rendered":"\n<div class=\"wp-block-columns is-layout-flex wp-container-core-columns-is-layout-9d6595d7 wp-block-columns-is-layout-flex\">\n<div class=\"wp-block-column message-us-column is-layout-flow wp-block-column-is-layout-flow\">\n<div class=\"wp-block-group\"><div class=\"wp-block-group__inner-container is-layout-flow wp-block-group-is-layout-flow\">\n<div class=\"wp-block-group message-us-content\"><div class=\"wp-block-group__inner-container is-layout-flow wp-block-group-is-layout-flow\">\n<h2 class=\"wp-block-heading has-text-align-center\" id=\"h-un-message-de-notre-part\">Un message de notre part<\/h2>\n\n\n\n<div class=\"wp-block-group copy\"><div class=\"wp-block-group__inner-container is-layout-flow wp-block-group-is-layout-flow\">\n<p>N\u2019h\u00e9sitez pas \u00e0 nous contacter s\u2019il y a un point en particulier que vous souhaiteriez que nous examinions. G\u00e9rer les investissements de nos clients sera toujours notre priorit\u00e9 num\u00e9ro un ; aussi, il se peut que nous ne r\u00e9pondions pas imm\u00e9diatement, mais c\u2019est toujours un plaisir de recevoir les opinions de nos lecteurs, m\u00eame franches et directes !<\/p>\n\n\n\n<p>Bond Vigilantes<br>M&amp;G Investments<\/p>\n<\/div><\/div>\n<\/div><\/div>\n<\/div><\/div>\n\n\n\n<div class=\"wp-block-group email-us-column\"><div class=\"wp-block-group__inner-container is-layout-flow wp-block-group-is-layout-flow\">\n<h2 class=\"wp-block-heading\" id=\"h-nous-contacter-par-e-mail\">Nous contacter par e-mail<\/h2>\n\n\n\n<div class=\"wp-block-group contact-mailto\"><div class=\"wp-block-group__inner-container is-layout-flow wp-block-group-is-layout-flow\">\n<figure class=\"wp-block-image size-full\"><a href=\"https:\/\/bondvigilantes.com\/wp-content\/uploads\/2022\/07\/Group-293@2x.png\" data-rel=\"lightbox-gallery-rniMjniQ\" data-rl_title=\"\" data-rl_caption=\"\" title=\"\"><img decoding=\"async\" src=\"https:\/\/bondvigilantes.com\/wp-content\/uploads\/2022\/07\/Group-293@2x.png\" alt=\"\" class=\"wp-image-23067\" \/><\/a><\/figure>\n\n\n\n<p><a href=\"mailto:bondvigilates@mandg.com\">bondvigilates@mandg.com<\/a><\/p>\n<\/div><\/div>\n<\/div><\/div>\n<\/div>\n\n\n\n<div class=\"wp-block-column contact-follow-us-column is-layout-flow wp-block-column-is-layout-flow\">\n<div class=\"wp-block-group\"><div class=\"wp-block-group__inner-container is-layout-flow wp-block-group-is-layout-flow\">\n<h2 class=\"wp-block-heading contact-follow-us-big-heading\" id=\"h-follow-us\">Follow Us<\/h2>\n\n\n\n<div class=\"wp-block-group linkedin-section\"><div class=\"wp-block-group__inner-container is-layout-flow wp-block-group-is-layout-flow\">\n<h3 class=\"wp-block-heading follow-on-linkedin-header\" id=\"h-suivez-nous-sur-linkedin\">Suivez nous sur LinkedIn<\/h3>\n\n\n\n<p>You can also keep up to date with our recent updates on LinkedIn<\/p>\n\n\n\n<div class=\"wp-block-group follow-us-link\"><div class=\"wp-block-group__inner-container is-layout-flow wp-block-group-is-layout-flow\">\n<figure class=\"wp-block-image size-full for-lightmode\"><a href=\"https:\/\/bondvigilantes.com\/wp-content\/uploads\/2022\/07\/iconmonstr-linkedin-1@2x.png\" data-rel=\"lightbox-gallery-rniMjniQ\" data-rl_title=\"\" data-rl_caption=\"\" title=\"\"><img decoding=\"async\" src=\"https:\/\/bondvigilantes.com\/wp-content\/uploads\/2022\/07\/iconmonstr-linkedin-1@2x.png\" alt=\"\" class=\"wp-image-23069\" \/><\/a><\/figure>\n\n\n\n<figure class=\"wp-block-image size-full for-darkmode\"><a href=\"https:\/\/bondvigilantes.com\/francais\/wp-content\/uploads\/sites\/4\/2022\/08\/linkedin-icon-white.png\" data-rel=\"lightbox-gallery-rniMjniQ\" data-rl_title=\"linkedin-icon-white\" data-rl_caption=\"linkedin-icon-white\" title=\"linkedin-icon-white\"><img loading=\"lazy\" decoding=\"async\" width=\"110\" height=\"100\" src=\"https:\/\/bondvigilantes.com\/francais\/wp-content\/uploads\/sites\/4\/2022\/08\/linkedin-icon-white.png\" alt=\"\" class=\"wp-image-23178\" \/><\/a><\/figure>\n\n\n\n<p><a href=\"https:\/\/www.linkedin.com\/showcase\/bond-vigilantes\">Connect with us<\/a><\/p>\n<\/div><\/div>\n<\/div><\/div>\n\n\n\n<div class=\"wp-block-group linkedin-section\"><div class=\"wp-block-group__inner-container is-layout-flow wp-block-group-is-layout-flow\">\n<h3 class=\"wp-block-heading follow-on-linkedin-header\" id=\"h-join-the-debate-on-twitter\">Join the debate on Twitter<\/h3>\n\n\n\n<p>Get actively involved in the conversation on our Twitter channel<\/p>\n\n\n\n<div class=\"wp-block-group follow-us-link\"><div class=\"wp-block-group__inner-container is-layout-flow wp-block-group-is-layout-flow\">\n<figure class=\"wp-block-image size-full for-lightmode\"><a href=\"https:\/\/bondvigilantes.com\/wp-content\/uploads\/2022\/07\/iconmonstr-twitter-1@2x.png\" data-rel=\"lightbox-gallery-rniMjniQ\" data-rl_title=\"\" data-rl_caption=\"\" title=\"\"><img decoding=\"async\" src=\"https:\/\/bondvigilantes.com\/wp-content\/uploads\/2022\/07\/iconmonstr-twitter-1@2x.png\" alt=\"\" class=\"wp-image-23068\" \/><\/a><\/figure>\n\n\n\n<figure class=\"wp-block-image size-full for-darkmode\"><a href=\"https:\/\/bondvigilantes.com\/francais\/wp-content\/uploads\/sites\/4\/2022\/08\/twitter-icon-white.png\" data-rel=\"lightbox-gallery-rniMjniQ\" data-rl_title=\"twitter-icon-white\" data-rl_caption=\"twitter-icon-white\" title=\"twitter-icon-white\"><img loading=\"lazy\" decoding=\"async\" width=\"132\" height=\"100\" src=\"https:\/\/bondvigilantes.com\/francais\/wp-content\/uploads\/sites\/4\/2022\/08\/twitter-icon-white.png\" alt=\"\" class=\"wp-image-23179\" \/><\/a><\/figure>\n\n\n\n<p><a href=\"https:\/\/twitter.com\/bondvigilantes\">Follow us<\/a><\/p>\n<\/div><\/div>\n<\/div><\/div>\n<\/div><\/div>\n<\/div>\n<\/div>\n","protected":false},"excerpt":{"rendered":"<p>Un message de notre part N\u2019h\u00e9sitez pas \u00e0 nous contacter s\u2019il y a un point en particulier que vous souhaiteriez que nous examinions. G\u00e9rer les investissements de nos clients sera toujours notre priorit\u00e9 num\u00e9ro un ; aussi, il se peut que nous ne r\u00e9pondions pas imm\u00e9diatement, mais c\u2019est toujours un plaisir de recevoir les opinions de nos lecteurs, m\u00eame franches et directes ! Bond VigilantesM&amp;G Investments Nous contacter par e-mail bondvigilates@mandg.com Follow Us Suivez nous sur LinkedIn You can also keep up to date with&#8230;<\/p>\n","protected":false},"author":169,"featured_media":0,"parent":0,"menu_order":0,"comment_status":"closed","ping_status":"closed","template":"template-page.php","meta":{"_acf_changed":false,"footnotes":""},"class_list":["post-23138","page","type-page","status-publish","hentry"],"acf":[],"yoast_head":"<!-- This site is optimized with the Yoast SEO Premium plugin v25.8 (Yoast SEO v27.4) - https:\/\/yoast.com\/product\/yoast-seo-premium-wordpress\/ -->\n<title>Contact Us - Francais<\/title>\n<meta name=\"description\" content=\"Un message de notre part N\u2019h\u00e9sitez pas \u00e0 nous contacter s\u2019il y a un point en particulier que vous souhaiteriez que nous examinions. G\u00e9rer les\" \/>\n<meta name=\"robots\" content=\"index, follow, max-snippet:-1, max-image-preview:large, max-video-preview:-1\" \/>\n<link rel=\"canonical\" href=\"https:\/\/bondvigilantes.com\/francais\/contact-us\/\" \/>\n<meta name=\"twitter:label1\" content=\"Est. reading time\" \/>\n\t<meta name=\"twitter:data1\" content=\"2 minutes\" \/>\n<script type=\"application\/ld+json\" class=\"yoast-schema-graph\">{\"@context\":\"https:\\\/\\\/schema.org\",\"@graph\":[{\"@type\":\"WebPage\",\"@id\":\"https:\\\/\\\/bondvigilantes.com\\\/francais\\\/contact-us\\\/\",\"url\":\"https:\\\/\\\/bondvigilantes.com\\\/francais\\\/contact-us\\\/\",\"name\":\"Contact Us - Francais\",\"isPartOf\":{\"@id\":\"https:\\\/\\\/bondvigilantes.com\\\/francais\\\/#website\"},\"primaryImageOfPage\":{\"@id\":\"https:\\\/\\\/bondvigilantes.com\\\/francais\\\/contact-us\\\/#primaryimage\"},\"image\":{\"@id\":\"https:\\\/\\\/bondvigilantes.com\\\/francais\\\/contact-us\\\/#primaryimage\"},\"thumbnailUrl\":\"https:\\\/\\\/bondvigilantes.com\\\/wp-content\\\/uploads\\\/2022\\\/07\\\/Group-293@2x.png\",\"datePublished\":\"2022-08-09T18:51:12+00:00\",\"dateModified\":\"2026-03-30T16:05:43+00:00\",\"description\":\"Un message de notre part N\u2019h\u00e9sitez pas \u00e0 nous contacter s\u2019il y a un point en particulier que vous souhaiteriez que nous examinions. G\u00e9rer les\",\"breadcrumb\":{\"@id\":\"https:\\\/\\\/bondvigilantes.com\\\/francais\\\/contact-us\\\/#breadcrumb\"},\"inLanguage\":\"fr-FR\",\"potentialAction\":[{\"@type\":\"ReadAction\",\"target\":[\"https:\\\/\\\/bondvigilantes.com\\\/francais\\\/contact-us\\\/\"]}]},{\"@type\":\"ImageObject\",\"inLanguage\":\"fr-FR\",\"@id\":\"https:\\\/\\\/bondvigilantes.com\\\/francais\\\/contact-us\\\/#primaryimage\",\"url\":\"https:\\\/\\\/bondvigilantes.com\\\/wp-content\\\/uploads\\\/2022\\\/07\\\/Group-293@2x.png\",\"contentUrl\":\"https:\\\/\\\/bondvigilantes.com\\\/wp-content\\\/uploads\\\/2022\\\/07\\\/Group-293@2x.png\"},{\"@type\":\"BreadcrumbList\",\"@id\":\"https:\\\/\\\/bondvigilantes.com\\\/francais\\\/contact-us\\\/#breadcrumb\",\"itemListElement\":[{\"@type\":\"ListItem\",\"position\":1,\"name\":\"Accueil\",\"item\":\"https:\\\/\\\/bondvigilantes.com\\\/francais\\\/\"},{\"@type\":\"ListItem\",\"position\":2,\"name\":\"Contact Us\"}]},{\"@type\":\"WebSite\",\"@id\":\"https:\\\/\\\/bondvigilantes.com\\\/francais\\\/#website\",\"url\":\"https:\\\/\\\/bondvigilantes.com\\\/francais\\\/\",\"name\":\"Francais\",\"description\":\"M&amp;G\",\"potentialAction\":[{\"@type\":\"SearchAction\",\"target\":{\"@type\":\"EntryPoint\",\"urlTemplate\":\"https:\\\/\\\/bondvigilantes.com\\\/francais\\\/?s={search_term_string}\"},\"query-input\":{\"@type\":\"PropertyValueSpecification\",\"valueRequired\":true,\"valueName\":\"search_term_string\"}}],\"inLanguage\":\"fr-FR\"}]}<\/script>\n<!-- \/ Yoast SEO Premium plugin. -->","yoast_head_json":{"title":"Contact Us - Francais","description":"Un message de notre part N\u2019h\u00e9sitez pas \u00e0 nous contacter s\u2019il y a un point en particulier que vous souhaiteriez que nous examinions. G\u00e9rer les","robots":{"index":"index","follow":"follow","max-snippet":"max-snippet:-1","max-image-preview":"max-image-preview:large","max-video-preview":"max-video-preview:-1"},"canonical":"https:\/\/bondvigilantes.com\/francais\/contact-us\/","twitter_misc":{"Est. reading time":"2 minutes"},"schema":{"@context":"https:\/\/schema.org","@graph":[{"@type":"WebPage","@id":"https:\/\/bondvigilantes.com\/francais\/contact-us\/","url":"https:\/\/bondvigilantes.com\/francais\/contact-us\/","name":"Contact Us - Francais","isPartOf":{"@id":"https:\/\/bondvigilantes.com\/francais\/#website"},"primaryImageOfPage":{"@id":"https:\/\/bondvigilantes.com\/francais\/contact-us\/#primaryimage"},"image":{"@id":"https:\/\/bondvigilantes.com\/francais\/contact-us\/#primaryimage"},"thumbnailUrl":"https:\/\/bondvigilantes.com\/wp-content\/uploads\/2022\/07\/Group-293@2x.png","datePublished":"2022-08-09T18:51:12+00:00","dateModified":"2026-03-30T16:05:43+00:00","description":"Un message de notre part N\u2019h\u00e9sitez pas \u00e0 nous contacter s\u2019il y a un point en particulier que vous souhaiteriez que nous examinions. G\u00e9rer les","breadcrumb":{"@id":"https:\/\/bondvigilantes.com\/francais\/contact-us\/#breadcrumb"},"inLanguage":"fr-FR","potentialAction":[{"@type":"ReadAction","target":["https:\/\/bondvigilantes.com\/francais\/contact-us\/"]}]},{"@type":"ImageObject","inLanguage":"fr-FR","@id":"https:\/\/bondvigilantes.com\/francais\/contact-us\/#primaryimage","url":"https:\/\/bondvigilantes.com\/wp-content\/uploads\/2022\/07\/Group-293@2x.png","contentUrl":"https:\/\/bondvigilantes.com\/wp-content\/uploads\/2022\/07\/Group-293@2x.png"},{"@type":"BreadcrumbList","@id":"https:\/\/bondvigilantes.com\/francais\/contact-us\/#breadcrumb","itemListElement":[{"@type":"ListItem","position":1,"name":"Accueil","item":"https:\/\/bondvigilantes.com\/francais\/"},{"@type":"ListItem","position":2,"name":"Contact Us"}]},{"@type":"WebSite","@id":"https:\/\/bondvigilantes.com\/francais\/#website","url":"https:\/\/bondvigilantes.com\/francais\/","name":"Francais","description":"M&amp;G","potentialAction":[{"@type":"SearchAction","target":{"@type":"EntryPoint","urlTemplate":"https:\/\/bondvigilantes.com\/francais\/?s={search_term_string}"},"query-input":{"@type":"PropertyValueSpecification","valueRequired":true,"valueName":"search_term_string"}}],"inLanguage":"fr-FR"}]}},"_links":{"self":[{"href":"https:\/\/bondvigilantes.com\/francais\/wp-json\/wp\/v2\/pages\/23138","targetHints":{"allow":["GET"]}}],"collection":[{"href":"https:\/\/bondvigilantes.com\/francais\/wp-json\/wp\/v2\/pages"}],"about":[{"href":"https:\/\/bondvigilantes.com\/francais\/wp-json\/wp\/v2\/types\/page"}],"author":[{"embeddable":true,"href":"https:\/\/bondvigilantes.com\/francais\/wp-json\/wp\/v2\/users\/169"}],"replies":[{"embeddable":true,"href":"https:\/\/bondvigilantes.com\/francais\/wp-json\/wp\/v2\/comments?post=23138"}],"version-history":[{"count":0,"href":"https:\/\/bondvigilantes.com\/francais\/wp-json\/wp\/v2\/pages\/23138\/revisions"}],"wp:attachment":[{"href":"https:\/\/bondvigilantes.com\/francais\/wp-json\/wp\/v2\/media?parent=23138"}],"curies":[{"name":"wp","href":"https:\/\/api.w.org\/{rel}","templated":true}]}}