{"id":81,"date":"2014-01-16T15:36:23","date_gmt":"2014-01-16T15:36:23","guid":{"rendered":"https:\/\/www.bondvigilantes.com\/francais\/?page_id=81"},"modified":"2014-01-16T15:36:23","modified_gmt":"2014-01-16T15:36:23","slug":"les-regles-de-la-maison","status":"publish","type":"page","link":"https:\/\/bondvigilantes.com\/francais\/les-regles-de-la-maison\/","title":{"rendered":"Les r\u00e8gles de la maison"},"content":{"rendered":"<p>Lorsque vous envoyez un commentaire, nous vous invitons \u00e0 utiliser votre vrai nom.<\/p>\n<p>M&#038;G se r\u00e9serve le droit de modifier les commentaires avant leur publication. Nous nous r\u00e9servons le droit de rejeter les commentaires qui :<\/p>\n<ul>\n<li>Contiennent des vulgarit\u00e9s ou d&rsquo;autres termes susceptibles d&rsquo;offenser.<\/li>\n<li>Enfreignent la loi ou tol\u00e8rent ou encouragent des activit\u00e9s ill\u00e9gales. Sont incluses les infractions \u00e0 la l\u00e9gislation sur les droits d&rsquo;auteur, la diffamation et l\u2019outrage \u00e0 magistrat.<\/li>\n<li>Sont consid\u00e9r\u00e9s comme usurpant l&rsquo;identit\u00e9 d&rsquo;une autre personne.<\/li>\n<li>Diffusent \u00e0 plusieurs reprises les m\u00eames messages.<\/li>\n<li>Sont sans rapport avec le sujet.<\/li>\n<li>Incluent des coordonn\u00e9es telles que num\u00e9ros de t\u00e9l\u00e9phone, adresses postales ou email.<\/li>\n<li>Contiennent des liens vers des sites Internet jug\u00e9s inopportuns par l&rsquo;auteur.<\/li>\n<li>Ne sont pas, selon nous, appropri\u00e9s ou adapt\u00e9s au blog.<\/li>\n<\/ul>\n","protected":false},"excerpt":{"rendered":"<p>Lorsque vous envoyez un commentaire, nous vous invitons \u00e0 utiliser votre vrai nom. M&#038;G se r\u00e9serve le droit de modifier les commentaires avant leur publication. Nous nous r\u00e9servons le droit de rejeter les commentaires qui : Contiennent des vulgarit\u00e9s ou d&rsquo;autres termes susceptibles d&rsquo;offenser. Enfreignent la loi ou tol\u00e8rent ou encouragent des activit\u00e9s ill\u00e9gales. Sont incluses les infractions \u00e0 la l\u00e9gislation sur les droits d&rsquo;auteur, la diffamation et l\u2019outrage \u00e0 magistrat. Sont consid\u00e9r\u00e9s comme usurpant l&rsquo;identit\u00e9 d&rsquo;une autre personne. Diffusent \u00e0 plusieurs reprises les m\u00eames&#8230;<\/p>\n","protected":false},"author":1,"featured_media":0,"parent":0,"menu_order":0,"comment_status":"open","ping_status":"open","template":"","meta":{"_acf_changed":false,"footnotes":""},"class_list":["post-81","page","type-page","status-publish","hentry"],"acf":[],"yoast_head":"<!-- This site is optimized with the Yoast SEO Premium plugin v25.8 (Yoast SEO v27.4) - https:\/\/yoast.com\/product\/yoast-seo-premium-wordpress\/ -->\n<title>Les r\u00e8gles de la maison - Francais<\/title>\n<meta name=\"description\" content=\"Lorsque vous envoyez un commentaire, nous vous invitons \u00e0 utiliser votre vrai nom. M&amp;G se r\u00e9serve le droit de modifier les commentaires avant leur\" \/>\n<meta name=\"robots\" content=\"index, follow, max-snippet:-1, max-image-preview:large, max-video-preview:-1\" \/>\n<link rel=\"canonical\" href=\"https:\/\/bondvigilantes.com\/francais\/les-regles-de-la-maison\/\" \/>\n<meta name=\"twitter:label1\" content=\"Est. reading time\" \/>\n\t<meta name=\"twitter:data1\" content=\"1 minute\" \/>\n<script type=\"application\/ld+json\" class=\"yoast-schema-graph\">{\"@context\":\"https:\\\/\\\/schema.org\",\"@graph\":[{\"@type\":\"WebPage\",\"@id\":\"https:\\\/\\\/bondvigilantes.com\\\/francais\\\/les-regles-de-la-maison\\\/\",\"url\":\"https:\\\/\\\/bondvigilantes.com\\\/francais\\\/les-regles-de-la-maison\\\/\",\"name\":\"Les r\u00e8gles de la maison - Francais\",\"isPartOf\":{\"@id\":\"https:\\\/\\\/bondvigilantes.com\\\/francais\\\/#website\"},\"datePublished\":\"2014-01-16T15:36:23+00:00\",\"description\":\"Lorsque vous envoyez un commentaire, nous vous invitons \u00e0 utiliser votre vrai nom. M&G se r\u00e9serve le droit de modifier les commentaires avant leur\",\"breadcrumb\":{\"@id\":\"https:\\\/\\\/bondvigilantes.com\\\/francais\\\/les-regles-de-la-maison\\\/#breadcrumb\"},\"inLanguage\":\"fr-FR\",\"potentialAction\":[{\"@type\":\"ReadAction\",\"target\":[\"https:\\\/\\\/bondvigilantes.com\\\/francais\\\/les-regles-de-la-maison\\\/\"]}]},{\"@type\":\"BreadcrumbList\",\"@id\":\"https:\\\/\\\/bondvigilantes.com\\\/francais\\\/les-regles-de-la-maison\\\/#breadcrumb\",\"itemListElement\":[{\"@type\":\"ListItem\",\"position\":1,\"name\":\"Accueil\",\"item\":\"https:\\\/\\\/bondvigilantes.com\\\/francais\\\/\"},{\"@type\":\"ListItem\",\"position\":2,\"name\":\"Les r\u00e8gles de la maison\"}]},{\"@type\":\"WebSite\",\"@id\":\"https:\\\/\\\/bondvigilantes.com\\\/francais\\\/#website\",\"url\":\"https:\\\/\\\/bondvigilantes.com\\\/francais\\\/\",\"name\":\"Francais\",\"description\":\"M&amp;G\",\"potentialAction\":[{\"@type\":\"SearchAction\",\"target\":{\"@type\":\"EntryPoint\",\"urlTemplate\":\"https:\\\/\\\/bondvigilantes.com\\\/francais\\\/?s={search_term_string}\"},\"query-input\":{\"@type\":\"PropertyValueSpecification\",\"valueRequired\":true,\"valueName\":\"search_term_string\"}}],\"inLanguage\":\"fr-FR\"}]}<\/script>\n<!-- \/ Yoast SEO Premium plugin. -->","yoast_head_json":{"title":"Les r\u00e8gles de la maison - Francais","description":"Lorsque vous envoyez un commentaire, nous vous invitons \u00e0 utiliser votre vrai nom. M&G se r\u00e9serve le droit de modifier les commentaires avant leur","robots":{"index":"index","follow":"follow","max-snippet":"max-snippet:-1","max-image-preview":"max-image-preview:large","max-video-preview":"max-video-preview:-1"},"canonical":"https:\/\/bondvigilantes.com\/francais\/les-regles-de-la-maison\/","twitter_misc":{"Est. reading time":"1 minute"},"schema":{"@context":"https:\/\/schema.org","@graph":[{"@type":"WebPage","@id":"https:\/\/bondvigilantes.com\/francais\/les-regles-de-la-maison\/","url":"https:\/\/bondvigilantes.com\/francais\/les-regles-de-la-maison\/","name":"Les r\u00e8gles de la maison - Francais","isPartOf":{"@id":"https:\/\/bondvigilantes.com\/francais\/#website"},"datePublished":"2014-01-16T15:36:23+00:00","description":"Lorsque vous envoyez un commentaire, nous vous invitons \u00e0 utiliser votre vrai nom. M&G se r\u00e9serve le droit de modifier les commentaires avant leur","breadcrumb":{"@id":"https:\/\/bondvigilantes.com\/francais\/les-regles-de-la-maison\/#breadcrumb"},"inLanguage":"fr-FR","potentialAction":[{"@type":"ReadAction","target":["https:\/\/bondvigilantes.com\/francais\/les-regles-de-la-maison\/"]}]},{"@type":"BreadcrumbList","@id":"https:\/\/bondvigilantes.com\/francais\/les-regles-de-la-maison\/#breadcrumb","itemListElement":[{"@type":"ListItem","position":1,"name":"Accueil","item":"https:\/\/bondvigilantes.com\/francais\/"},{"@type":"ListItem","position":2,"name":"Les r\u00e8gles de la maison"}]},{"@type":"WebSite","@id":"https:\/\/bondvigilantes.com\/francais\/#website","url":"https:\/\/bondvigilantes.com\/francais\/","name":"Francais","description":"M&amp;G","potentialAction":[{"@type":"SearchAction","target":{"@type":"EntryPoint","urlTemplate":"https:\/\/bondvigilantes.com\/francais\/?s={search_term_string}"},"query-input":{"@type":"PropertyValueSpecification","valueRequired":true,"valueName":"search_term_string"}}],"inLanguage":"fr-FR"}]}},"_links":{"self":[{"href":"https:\/\/bondvigilantes.com\/francais\/wp-json\/wp\/v2\/pages\/81","targetHints":{"allow":["GET"]}}],"collection":[{"href":"https:\/\/bondvigilantes.com\/francais\/wp-json\/wp\/v2\/pages"}],"about":[{"href":"https:\/\/bondvigilantes.com\/francais\/wp-json\/wp\/v2\/types\/page"}],"author":[{"embeddable":true,"href":"https:\/\/bondvigilantes.com\/francais\/wp-json\/wp\/v2\/users\/1"}],"replies":[{"embeddable":true,"href":"https:\/\/bondvigilantes.com\/francais\/wp-json\/wp\/v2\/comments?post=81"}],"version-history":[{"count":0,"href":"https:\/\/bondvigilantes.com\/francais\/wp-json\/wp\/v2\/pages\/81\/revisions"}],"wp:attachment":[{"href":"https:\/\/bondvigilantes.com\/francais\/wp-json\/wp\/v2\/media?parent=81"}],"curies":[{"name":"wp","href":"https:\/\/api.w.org\/{rel}","templated":true}]}}