{"id":93,"date":"2014-01-16T15:46:13","date_gmt":"2014-01-16T15:46:13","guid":{"rendered":"https:\/\/www.bondvigilantes.com\/francais\/?page_id=93"},"modified":"2014-01-16T15:46:13","modified_gmt":"2014-01-16T15:46:13","slug":"se-desinscrire","status":"publish","type":"page","link":"https:\/\/bondvigilantes.com\/francais\/se-desinscrire\/","title":{"rendered":"Se d\u00e9sinscrire"},"content":{"rendered":"<p>Pour vous d\u00e9sinscrire de la liste de diffusion de Bond Vigilantes, veuillez vous rendre \u00e0 <a href=\"http:\/\/bondvigilantes.us2.list-manage.com\/unsubscribe?u=eebb26eb3ca3edd0cdb7a0687&#038;id=e3f35c8a46\">cette adresse<\/a>.<\/p>\n","protected":false},"excerpt":{"rendered":"<p>Pour vous d\u00e9sinscrire de la liste de diffusion de Bond Vigilantes, veuillez vous rendre \u00e0 cette adresse.<\/p>\n","protected":false},"author":1,"featured_media":0,"parent":0,"menu_order":0,"comment_status":"open","ping_status":"open","template":"","meta":{"_acf_changed":false,"footnotes":""},"class_list":["post-93","page","type-page","status-publish","hentry"],"acf":[],"yoast_head":"<!-- This site is optimized with the Yoast SEO Premium plugin v25.8 (Yoast SEO v27.4) - https:\/\/yoast.com\/product\/yoast-seo-premium-wordpress\/ -->\n<title>Se d\u00e9sinscrire - Francais<\/title>\n<meta name=\"description\" content=\"Pour vous d\u00e9sinscrire de la liste de diffusion de Bond Vigilantes, veuillez vous rendre \u00e0 cette adresse.\" \/>\n<meta name=\"robots\" content=\"index, follow, max-snippet:-1, max-image-preview:large, max-video-preview:-1\" \/>\n<link rel=\"canonical\" href=\"https:\/\/bondvigilantes.com\/francais\/se-desinscrire\/\" \/>\n<script type=\"application\/ld+json\" class=\"yoast-schema-graph\">{\"@context\":\"https:\\\/\\\/schema.org\",\"@graph\":[{\"@type\":\"WebPage\",\"@id\":\"https:\\\/\\\/bondvigilantes.com\\\/francais\\\/se-desinscrire\\\/\",\"url\":\"https:\\\/\\\/bondvigilantes.com\\\/francais\\\/se-desinscrire\\\/\",\"name\":\"Se d\u00e9sinscrire - Francais\",\"isPartOf\":{\"@id\":\"https:\\\/\\\/bondvigilantes.com\\\/francais\\\/#website\"},\"datePublished\":\"2014-01-16T15:46:13+00:00\",\"description\":\"Pour vous d\u00e9sinscrire de la liste de diffusion de Bond Vigilantes, veuillez vous rendre \u00e0 cette adresse.\",\"breadcrumb\":{\"@id\":\"https:\\\/\\\/bondvigilantes.com\\\/francais\\\/se-desinscrire\\\/#breadcrumb\"},\"inLanguage\":\"fr-FR\",\"potentialAction\":[{\"@type\":\"ReadAction\",\"target\":[\"https:\\\/\\\/bondvigilantes.com\\\/francais\\\/se-desinscrire\\\/\"]}]},{\"@type\":\"BreadcrumbList\",\"@id\":\"https:\\\/\\\/bondvigilantes.com\\\/francais\\\/se-desinscrire\\\/#breadcrumb\",\"itemListElement\":[{\"@type\":\"ListItem\",\"position\":1,\"name\":\"Accueil\",\"item\":\"https:\\\/\\\/bondvigilantes.com\\\/francais\\\/\"},{\"@type\":\"ListItem\",\"position\":2,\"name\":\"Se d\u00e9sinscrire\"}]},{\"@type\":\"WebSite\",\"@id\":\"https:\\\/\\\/bondvigilantes.com\\\/francais\\\/#website\",\"url\":\"https:\\\/\\\/bondvigilantes.com\\\/francais\\\/\",\"name\":\"Francais\",\"description\":\"M&amp;G\",\"potentialAction\":[{\"@type\":\"SearchAction\",\"target\":{\"@type\":\"EntryPoint\",\"urlTemplate\":\"https:\\\/\\\/bondvigilantes.com\\\/francais\\\/?s={search_term_string}\"},\"query-input\":{\"@type\":\"PropertyValueSpecification\",\"valueRequired\":true,\"valueName\":\"search_term_string\"}}],\"inLanguage\":\"fr-FR\"}]}<\/script>\n<!-- \/ Yoast SEO Premium plugin. -->","yoast_head_json":{"title":"Se d\u00e9sinscrire - Francais","description":"Pour vous d\u00e9sinscrire de la liste de diffusion de Bond Vigilantes, veuillez vous rendre \u00e0 cette adresse.","robots":{"index":"index","follow":"follow","max-snippet":"max-snippet:-1","max-image-preview":"max-image-preview:large","max-video-preview":"max-video-preview:-1"},"canonical":"https:\/\/bondvigilantes.com\/francais\/se-desinscrire\/","schema":{"@context":"https:\/\/schema.org","@graph":[{"@type":"WebPage","@id":"https:\/\/bondvigilantes.com\/francais\/se-desinscrire\/","url":"https:\/\/bondvigilantes.com\/francais\/se-desinscrire\/","name":"Se d\u00e9sinscrire - Francais","isPartOf":{"@id":"https:\/\/bondvigilantes.com\/francais\/#website"},"datePublished":"2014-01-16T15:46:13+00:00","description":"Pour vous d\u00e9sinscrire de la liste de diffusion de Bond Vigilantes, veuillez vous rendre \u00e0 cette adresse.","breadcrumb":{"@id":"https:\/\/bondvigilantes.com\/francais\/se-desinscrire\/#breadcrumb"},"inLanguage":"fr-FR","potentialAction":[{"@type":"ReadAction","target":["https:\/\/bondvigilantes.com\/francais\/se-desinscrire\/"]}]},{"@type":"BreadcrumbList","@id":"https:\/\/bondvigilantes.com\/francais\/se-desinscrire\/#breadcrumb","itemListElement":[{"@type":"ListItem","position":1,"name":"Accueil","item":"https:\/\/bondvigilantes.com\/francais\/"},{"@type":"ListItem","position":2,"name":"Se d\u00e9sinscrire"}]},{"@type":"WebSite","@id":"https:\/\/bondvigilantes.com\/francais\/#website","url":"https:\/\/bondvigilantes.com\/francais\/","name":"Francais","description":"M&amp;G","potentialAction":[{"@type":"SearchAction","target":{"@type":"EntryPoint","urlTemplate":"https:\/\/bondvigilantes.com\/francais\/?s={search_term_string}"},"query-input":{"@type":"PropertyValueSpecification","valueRequired":true,"valueName":"search_term_string"}}],"inLanguage":"fr-FR"}]}},"_links":{"self":[{"href":"https:\/\/bondvigilantes.com\/francais\/wp-json\/wp\/v2\/pages\/93","targetHints":{"allow":["GET"]}}],"collection":[{"href":"https:\/\/bondvigilantes.com\/francais\/wp-json\/wp\/v2\/pages"}],"about":[{"href":"https:\/\/bondvigilantes.com\/francais\/wp-json\/wp\/v2\/types\/page"}],"author":[{"embeddable":true,"href":"https:\/\/bondvigilantes.com\/francais\/wp-json\/wp\/v2\/users\/1"}],"replies":[{"embeddable":true,"href":"https:\/\/bondvigilantes.com\/francais\/wp-json\/wp\/v2\/comments?post=93"}],"version-history":[{"count":0,"href":"https:\/\/bondvigilantes.com\/francais\/wp-json\/wp\/v2\/pages\/93\/revisions"}],"wp:attachment":[{"href":"https:\/\/bondvigilantes.com\/francais\/wp-json\/wp\/v2\/media?parent=93"}],"curies":[{"name":"wp","href":"https:\/\/api.w.org\/{rel}","templated":true}]}}