{"id":23163,"date":"2022-08-09T13:45:03","date_gmt":"2022-08-09T13:45:03","guid":{"rendered":"https:\/\/bondvigilantes.com\/italiano\/?page_id=23163"},"modified":"2022-08-09T13:45:04","modified_gmt":"2022-08-09T13:45:04","slug":"disclaimer","status":"publish","type":"page","link":"https:\/\/bondvigilantes.com\/italiano\/disclaimer\/","title":{"rendered":"Disclaimer"},"content":{"rendered":"\n<p><strong>Il presente blog \u00e8 concepito ad uso esclusivo di professionisti dell\u2019investimento ed \u00e8 fornito ad esclusivo uso personale. Le informazioni contenute in questo blog non sono rivolte ad altri utenti.<\/strong><\/p>\n\n\n\n<p>Questo blog fornisce commenti e considerazioni sui mercati obbligazionari. A cura del team obbligazionario di M&amp;G. Le informazioni&nbsp; contenute in questo blog sono rivolte a professionisti dell\u2019investimento che desiderano approfondire la loro conoscenza di questi mercati. Le informazioni presenti nel blog non costituiscono una consulenza o una raccomandazione riguardante l\u2019acquisto o la vendita di strumenti finanziari.<\/p>\n\n\n\n<p>Il presente blog non rappresenta&nbsp; idee, intenzioni, programmi o strategie di M&amp;G plc o di qualsiasi altra impresa associata.&nbsp; Include esclusivamente le opinioni personali dei suoi autori.<\/p>\n\n\n\n<p>I commenti inappropriati saranno cancellati o modificati a discrezione degli autori.<\/p>\n\n\n\n<p>Questo blog pu\u00f2 contenere o essere collegato a forme di consulenza o dichiarazioni di terzi. M&amp;G non si assume alcuna responsabilit\u00e0 in merito all\u2019accuratezza, completezza, attualit\u00e0 o idoneit\u00e0 dei dati o informazioni presenti sul blog n\u00e9 si assume alcun impegno circa la revisione o l\u2019aggiornamento di tali informazioni e avverte pertanto che l\u2019utente gestir\u00e0 queste informazioni a suo rischio e pericolo.&nbsp; \u00c8 inoltre possibile che alcune delle informazioni contenute in questo blog siano state redatte o fornite da terzi e non verificate da noi. M&amp;G con ci\u00f2 esclude qualsiasi responsabilit\u00e0 derivante dalla redazione o fornitura di dette informazioni per questo blog e non rilascia alcuna garanzia circa l\u2019accuratezza, adeguatezza o completezza delle stesse.<\/p>\n\n\n\n<p>Eccezion fatta per iViewtv.com (sito anch\u2019esso operato da M&amp;G), i link forniti da questo sito web ad altri siti hanno valore puramente informativo.&nbsp; Non ci assumiamo alcuna responsabilit\u00e0 in relazione a siti cui gli utenti possano accedere tramite il nostro blog.&nbsp; Non controlliamo o esaminiamo alcun sito web accessibile tramite questi link.<\/p>\n\n\n\n<p>Una volta che un utente abbia usato tali link per uscire dal nostro blog, deve ricordare che non abbiamo alcun controllo su altri siti cui acceda.&nbsp; Non siamo pertanto responsabili della tutela e della riservatezza delle informazioni fornite dagli utenti mentre navigano in tali siti web, che non sono disciplinati dai nostri Termini e condizioni.&nbsp; Ogni utente deve prestare attenzione e leggere l\u2019informativa sulla privacy applicabile al sito web in questione.<\/p>\n\n\n\n<p>La presenza di eventuali messaggi pubblicitari in questo blog non \u00e8 una garanzia dei beni, servizi o siti web cos\u00ec pubblicizzati da parte di M&amp;G.<\/p>\n\n\n\n<p>Non viene assunta alcuna responsabilit\u00e0 in ordine all\u2019uso, ovvero all\u2019uso improprio, delle informazioni presentate in questo blog.<\/p>\n\n\n\n<p>Si ricorda che la corrispondenza tramite posta elettronica non pu\u00f2 essere garantita e non \u00e8 sicura.<br>Sconsigliamo l\u2019invio di informazioni riservate via e-mail.<\/p>\n\n\n\n<p>Chiunque scelga di inviare informazioni riservate, lo fa a proprio rischio.&nbsp; Le istruzioni inviate dagli utenti tramite posta elettronica, e a questo blog, sono elaborate esclusivamente a rischio degli utenti.<\/p>\n\n\n\n<p>M&amp;G non pu\u00f2 garantire la costante disponibilit\u00e0 del blog, pur compiendo ogni ragionevole sforzo in tal senso.&nbsp; Questo blog \u00e8 periodicamente soggetto a modifiche&nbsp; e non possiamo garantire la continuazione dei servizi in esso offerti.<\/p>\n\n\n\n<h2 class=\"wp-block-heading\">Uso di questo blog<\/h2>\n\n\n\n<p>Ogni utente accetta di non:<\/p>\n\n\n\n<ul class=\"wp-block-list\"><li>inserire in questo blog alcuna informazione ingiuriosa, illegale, diffamatoria, pornografica, discriminatoria o altrimenti offensiva;<\/li><li>inserire o inviare alcuna informazione contenente virus o altro contenuto nocivo;<\/li><li>interferire con il funzionamento o contenuto del sito.&nbsp; Ogni tentativo di danneggiare questo sito pu\u00f2 essere considerato illegale e ci riserviamo il diritto di richiedere i danni a chi compia azioni in tal senso.<\/li><\/ul>\n\n\n\n<h3 class=\"wp-block-heading\">Posta elettronica<\/h3>\n\n\n\n<p>Le comunicazioni da noi inviate agli utenti tramite posta elettronica, si riterranno dagli stessi ricevute subito dopo l\u2019invio.<\/p>\n\n\n\n<p>Non siamo obbligati a richiedere al cliente conferma della ricezione di tali comunicazioni tramite posta elettronica.&nbsp; Non siamo inoltre responsabili, nei confronti degli utenti, di eventuali ritardi o mancate consegne (per qualsivoglia ragione) di dette comunicazioni e-mail.&nbsp; Inviando tali comunicazioni all\u2019indirizzo e-mail dell\u2019utente, non violiamo alcun obbligo di riservatezza nei confronti dell\u2019utente stesso, anche qualora a seguito di tale invio dette comunicazioni fossero viste da altri soggetti.<\/p>\n\n\n\n<p>Le comunicazioni inviateci dagli utenti a mezzo di posta elettronica si riterranno da noi ricevute all\u2019effettivo ricevimento da parte di un sistema sotto il nostro controllo.<\/p>\n","protected":false},"excerpt":{"rendered":"<p>Il presente blog \u00e8 concepito ad uso esclusivo di professionisti dell\u2019investimento ed \u00e8 fornito ad esclusivo uso personale. Le informazioni contenute in questo blog non sono rivolte ad altri utenti. Questo blog fornisce commenti e considerazioni sui mercati obbligazionari. A cura del team obbligazionario di M&amp;G. Le informazioni&nbsp; contenute in questo blog sono rivolte a professionisti dell\u2019investimento che desiderano approfondire la loro conoscenza di questi mercati. Le informazioni presenti nel blog non costituiscono una consulenza o una raccomandazione riguardante l\u2019acquisto o la vendita di strumenti&#8230;<\/p>\n","protected":false},"author":169,"featured_media":0,"parent":0,"menu_order":0,"comment_status":"closed","ping_status":"closed","template":"template-page.php","meta":{"_acf_changed":false,"footnotes":""},"class_list":["post-23163","page","type-page","status-publish","hentry"],"acf":[],"yoast_head":"<!-- This site is optimized with the Yoast SEO Premium plugin v25.8 (Yoast SEO v27.4) - https:\/\/yoast.com\/product\/yoast-seo-premium-wordpress\/ -->\n<title>Disclaimer - Italian<\/title>\n<meta name=\"description\" content=\"Il presente blog \u00e8 concepito ad uso esclusivo di professionisti dell\u2019investimento ed \u00e8 fornito ad esclusivo uso personale. Le informazioni contenute in\" \/>\n<meta name=\"robots\" content=\"index, follow, max-snippet:-1, max-image-preview:large, max-video-preview:-1\" \/>\n<link rel=\"canonical\" href=\"https:\/\/bondvigilantes.com\/italiano\/disclaimer\/\" \/>\n<meta name=\"twitter:label1\" content=\"Est. reading time\" \/>\n\t<meta name=\"twitter:data1\" content=\"4 minuti\" \/>\n<script type=\"application\/ld+json\" class=\"yoast-schema-graph\">{\"@context\":\"https:\\\/\\\/schema.org\",\"@graph\":[{\"@type\":\"WebPage\",\"@id\":\"https:\\\/\\\/bondvigilantes.com\\\/italiano\\\/disclaimer\\\/\",\"url\":\"https:\\\/\\\/bondvigilantes.com\\\/italiano\\\/disclaimer\\\/\",\"name\":\"Disclaimer - Italian\",\"isPartOf\":{\"@id\":\"https:\\\/\\\/bondvigilantes.com\\\/italiano\\\/#website\"},\"datePublished\":\"2022-08-09T13:45:03+00:00\",\"dateModified\":\"2022-08-09T13:45:04+00:00\",\"description\":\"Il presente blog \u00e8 concepito ad uso esclusivo di professionisti dell\u2019investimento ed \u00e8 fornito ad esclusivo uso personale. Le informazioni contenute in\",\"breadcrumb\":{\"@id\":\"https:\\\/\\\/bondvigilantes.com\\\/italiano\\\/disclaimer\\\/#breadcrumb\"},\"inLanguage\":\"it-IT\",\"potentialAction\":[{\"@type\":\"ReadAction\",\"target\":[\"https:\\\/\\\/bondvigilantes.com\\\/italiano\\\/disclaimer\\\/\"]}]},{\"@type\":\"BreadcrumbList\",\"@id\":\"https:\\\/\\\/bondvigilantes.com\\\/italiano\\\/disclaimer\\\/#breadcrumb\",\"itemListElement\":[{\"@type\":\"ListItem\",\"position\":1,\"name\":\"Home\",\"item\":\"https:\\\/\\\/bondvigilantes.com\\\/italiano\\\/\"},{\"@type\":\"ListItem\",\"position\":2,\"name\":\"Disclaimer\"}]},{\"@type\":\"WebSite\",\"@id\":\"https:\\\/\\\/bondvigilantes.com\\\/italiano\\\/#website\",\"url\":\"https:\\\/\\\/bondvigilantes.com\\\/italiano\\\/\",\"name\":\"Italian\",\"description\":\"M&amp;G\",\"potentialAction\":[{\"@type\":\"SearchAction\",\"target\":{\"@type\":\"EntryPoint\",\"urlTemplate\":\"https:\\\/\\\/bondvigilantes.com\\\/italiano\\\/?s={search_term_string}\"},\"query-input\":{\"@type\":\"PropertyValueSpecification\",\"valueRequired\":true,\"valueName\":\"search_term_string\"}}],\"inLanguage\":\"it-IT\"}]}<\/script>\n<!-- \/ Yoast SEO Premium plugin. -->","yoast_head_json":{"title":"Disclaimer - Italian","description":"Il presente blog \u00e8 concepito ad uso esclusivo di professionisti dell\u2019investimento ed \u00e8 fornito ad esclusivo uso personale. Le informazioni contenute in","robots":{"index":"index","follow":"follow","max-snippet":"max-snippet:-1","max-image-preview":"max-image-preview:large","max-video-preview":"max-video-preview:-1"},"canonical":"https:\/\/bondvigilantes.com\/italiano\/disclaimer\/","twitter_misc":{"Est. reading time":"4 minuti"},"schema":{"@context":"https:\/\/schema.org","@graph":[{"@type":"WebPage","@id":"https:\/\/bondvigilantes.com\/italiano\/disclaimer\/","url":"https:\/\/bondvigilantes.com\/italiano\/disclaimer\/","name":"Disclaimer - Italian","isPartOf":{"@id":"https:\/\/bondvigilantes.com\/italiano\/#website"},"datePublished":"2022-08-09T13:45:03+00:00","dateModified":"2022-08-09T13:45:04+00:00","description":"Il presente blog \u00e8 concepito ad uso esclusivo di professionisti dell\u2019investimento ed \u00e8 fornito ad esclusivo uso personale. Le informazioni contenute in","breadcrumb":{"@id":"https:\/\/bondvigilantes.com\/italiano\/disclaimer\/#breadcrumb"},"inLanguage":"it-IT","potentialAction":[{"@type":"ReadAction","target":["https:\/\/bondvigilantes.com\/italiano\/disclaimer\/"]}]},{"@type":"BreadcrumbList","@id":"https:\/\/bondvigilantes.com\/italiano\/disclaimer\/#breadcrumb","itemListElement":[{"@type":"ListItem","position":1,"name":"Home","item":"https:\/\/bondvigilantes.com\/italiano\/"},{"@type":"ListItem","position":2,"name":"Disclaimer"}]},{"@type":"WebSite","@id":"https:\/\/bondvigilantes.com\/italiano\/#website","url":"https:\/\/bondvigilantes.com\/italiano\/","name":"Italian","description":"M&amp;G","potentialAction":[{"@type":"SearchAction","target":{"@type":"EntryPoint","urlTemplate":"https:\/\/bondvigilantes.com\/italiano\/?s={search_term_string}"},"query-input":{"@type":"PropertyValueSpecification","valueRequired":true,"valueName":"search_term_string"}}],"inLanguage":"it-IT"}]}},"_links":{"self":[{"href":"https:\/\/bondvigilantes.com\/italiano\/wp-json\/wp\/v2\/pages\/23163","targetHints":{"allow":["GET"]}}],"collection":[{"href":"https:\/\/bondvigilantes.com\/italiano\/wp-json\/wp\/v2\/pages"}],"about":[{"href":"https:\/\/bondvigilantes.com\/italiano\/wp-json\/wp\/v2\/types\/page"}],"author":[{"embeddable":true,"href":"https:\/\/bondvigilantes.com\/italiano\/wp-json\/wp\/v2\/users\/169"}],"replies":[{"embeddable":true,"href":"https:\/\/bondvigilantes.com\/italiano\/wp-json\/wp\/v2\/comments?post=23163"}],"version-history":[{"count":0,"href":"https:\/\/bondvigilantes.com\/italiano\/wp-json\/wp\/v2\/pages\/23163\/revisions"}],"wp:attachment":[{"href":"https:\/\/bondvigilantes.com\/italiano\/wp-json\/wp\/v2\/media?parent=23163"}],"curies":[{"name":"wp","href":"https:\/\/api.w.org\/{rel}","templated":true}]}}