{"id":23166,"date":"2022-08-09T13:47:22","date_gmt":"2022-08-09T13:47:22","guid":{"rendered":"https:\/\/bondvigilantes.com\/italiano\/?page_id=23166"},"modified":"2022-08-09T14:04:19","modified_gmt":"2022-08-09T14:04:19","slug":"accessibilita","status":"publish","type":"page","link":"https:\/\/bondvigilantes.com\/italiano\/accessibilita\/","title":{"rendered":"Accessibilit\u00e0"},"content":{"rendered":"\n<h1 class=\"wp-block-heading\">Ci impegniamo per rendere le nostre esperienze accessibili a tutti<\/h1>\n\n\n\n<p>Acessibilit\u00e0 e fruibilit\u00e0 sono al centro del processo di progettazione delle nostre esperienze digitali. Vogliamo creare degli strumenti alla portata di tutti, a prescindere dalle competenze informatiche.<\/p>\n\n\n\n<p>Adottiamo un approccio di progettazione universale, con la consapevolezza che una corretta accessibilit\u00e0 di base avr\u00e0 un impatto positivo su tutti gli utenti e diventer\u00e0 pertanto parte integrante del nostro processo di progettazione. mandg.com si adatta con flessibilit\u00e0 alle esigenze e preferenze di utenti diversi ed \u00e8 accessibile con vari strumenti, dai dispositivi mobili alle tecnologie di assistenza.<\/p>\n\n\n\n<p>In linea con il nostro impegno per l&#8217;accessibilit\u00e0, ci assicuriamo che il nostro sito web sia compatibile con:<\/p>\n\n\n\n<p>versioni recenti dei lettori di schermo pi\u00f9 usati;<\/p>\n\n\n\n<p>amplificatori di schermo presenti nel sistema operativo;<\/p>\n\n\n\n<p>software di riconoscimento vocale;<\/p>\n\n\n\n<p>pacchetti vocali presenti nel sistema operativo.<br><\/p>\n\n\n\n<p><strong>Linee guida sull&#8217;accessibilit\u00e0 dei contenuti web (WCAG) 2.1 Standard AA<\/strong><br><br>Questo sito \u00e8 stato progettato in modo da risultare conforme al Livello AA delle Linee guida sull&#8217;accessibilit\u00e0 dei contenuti web (WCAG) 2.1,i cui 4 principi base prevedono che sia:<br><br><strong>percepibile<\/strong>&nbsp;&#8211; le informazioni e i componenti dell&#8217;interfaccia utente devono essere presentati agli utenti con modalit\u00e0 che possano essere percepite<\/p>\n\n\n\n<p><strong>utilizzabile<\/strong>&nbsp;&#8211; i componenti e la navigazione dell&#8217;interfaccia utente devono essere utilizzabili<\/p>\n\n\n\n<p><strong>comprensibile<\/strong>&nbsp;&#8211; le informazioni e le funzionalit\u00e0 dell&#8217;interfaccia utente devono essere comprensibili<\/p>\n\n\n\n<p><strong>robusto<\/strong>\u00a0&#8211; i contenuti devono essere sufficientemente solidi da poter essere interpretati in modo affidabile da un&#8217;ampia gamma di programmi dell\u2019utente, incluse le tecnologie di assistenza.<br><br>Siamo costantemente alla ricerca di nuove modalit\u00e0 per migliorare la vostra esperienza in futuro e siamo lieti di ricevere i vostri feedback per individuare possibili aree di\u00a0<a href=\"mailto:mg.website@mandg.com\" target=\"_blank\" rel=\"noreferrer noopener\">miglioramento<\/a>.<\/p>\n","protected":false},"excerpt":{"rendered":"<p>Ci impegniamo per rendere le nostre esperienze accessibili a tutti Acessibilit\u00e0 e fruibilit\u00e0 sono al centro del processo di progettazione delle nostre esperienze digitali. Vogliamo creare degli strumenti alla portata di tutti, a prescindere dalle competenze informatiche. Adottiamo un approccio di progettazione universale, con la consapevolezza che una corretta accessibilit\u00e0 di base avr\u00e0 un impatto positivo su tutti gli utenti e diventer\u00e0 pertanto parte integrante del nostro processo di progettazione. mandg.com si adatta con flessibilit\u00e0 alle esigenze e preferenze di utenti diversi ed \u00e8 accessibile&#8230;<\/p>\n","protected":false},"author":169,"featured_media":0,"parent":0,"menu_order":0,"comment_status":"closed","ping_status":"closed","template":"template-page.php","meta":{"_acf_changed":false,"footnotes":""},"class_list":["post-23166","page","type-page","status-publish","hentry"],"acf":[],"yoast_head":"<!-- This site is optimized with the Yoast SEO Premium plugin v25.8 (Yoast SEO v27.4) - https:\/\/yoast.com\/product\/yoast-seo-premium-wordpress\/ -->\n<title>Accessibilit\u00e0 - Italian<\/title>\n<meta name=\"description\" content=\"Ci impegniamo per rendere le nostre esperienze accessibili a tutti Acessibilit\u00e0 e fruibilit\u00e0 sono al centro del processo di progettazione delle nostre\" \/>\n<meta name=\"robots\" content=\"index, follow, max-snippet:-1, max-image-preview:large, max-video-preview:-1\" \/>\n<link rel=\"canonical\" href=\"https:\/\/bondvigilantes.com\/italiano\/accessibilita\/\" \/>\n<meta name=\"twitter:label1\" content=\"Est. reading time\" \/>\n\t<meta name=\"twitter:data1\" content=\"2 minuti\" \/>\n<script type=\"application\/ld+json\" class=\"yoast-schema-graph\">{\"@context\":\"https:\\\/\\\/schema.org\",\"@graph\":[{\"@type\":\"WebPage\",\"@id\":\"https:\\\/\\\/bondvigilantes.com\\\/italiano\\\/accessibilita\\\/\",\"url\":\"https:\\\/\\\/bondvigilantes.com\\\/italiano\\\/accessibilita\\\/\",\"name\":\"Accessibilit\u00e0 - Italian\",\"isPartOf\":{\"@id\":\"https:\\\/\\\/bondvigilantes.com\\\/italiano\\\/#website\"},\"datePublished\":\"2022-08-09T13:47:22+00:00\",\"dateModified\":\"2022-08-09T14:04:19+00:00\",\"description\":\"Ci impegniamo per rendere le nostre esperienze accessibili a tutti Acessibilit\u00e0 e fruibilit\u00e0 sono al centro del processo di progettazione delle nostre\",\"breadcrumb\":{\"@id\":\"https:\\\/\\\/bondvigilantes.com\\\/italiano\\\/accessibilita\\\/#breadcrumb\"},\"inLanguage\":\"it-IT\",\"potentialAction\":[{\"@type\":\"ReadAction\",\"target\":[\"https:\\\/\\\/bondvigilantes.com\\\/italiano\\\/accessibilita\\\/\"]}]},{\"@type\":\"BreadcrumbList\",\"@id\":\"https:\\\/\\\/bondvigilantes.com\\\/italiano\\\/accessibilita\\\/#breadcrumb\",\"itemListElement\":[{\"@type\":\"ListItem\",\"position\":1,\"name\":\"Home\",\"item\":\"https:\\\/\\\/bondvigilantes.com\\\/italiano\\\/\"},{\"@type\":\"ListItem\",\"position\":2,\"name\":\"Accessibilit\u00e0\"}]},{\"@type\":\"WebSite\",\"@id\":\"https:\\\/\\\/bondvigilantes.com\\\/italiano\\\/#website\",\"url\":\"https:\\\/\\\/bondvigilantes.com\\\/italiano\\\/\",\"name\":\"Italian\",\"description\":\"M&amp;G\",\"potentialAction\":[{\"@type\":\"SearchAction\",\"target\":{\"@type\":\"EntryPoint\",\"urlTemplate\":\"https:\\\/\\\/bondvigilantes.com\\\/italiano\\\/?s={search_term_string}\"},\"query-input\":{\"@type\":\"PropertyValueSpecification\",\"valueRequired\":true,\"valueName\":\"search_term_string\"}}],\"inLanguage\":\"it-IT\"}]}<\/script>\n<!-- \/ Yoast SEO Premium plugin. -->","yoast_head_json":{"title":"Accessibilit\u00e0 - Italian","description":"Ci impegniamo per rendere le nostre esperienze accessibili a tutti Acessibilit\u00e0 e fruibilit\u00e0 sono al centro del processo di progettazione delle nostre","robots":{"index":"index","follow":"follow","max-snippet":"max-snippet:-1","max-image-preview":"max-image-preview:large","max-video-preview":"max-video-preview:-1"},"canonical":"https:\/\/bondvigilantes.com\/italiano\/accessibilita\/","twitter_misc":{"Est. reading time":"2 minuti"},"schema":{"@context":"https:\/\/schema.org","@graph":[{"@type":"WebPage","@id":"https:\/\/bondvigilantes.com\/italiano\/accessibilita\/","url":"https:\/\/bondvigilantes.com\/italiano\/accessibilita\/","name":"Accessibilit\u00e0 - Italian","isPartOf":{"@id":"https:\/\/bondvigilantes.com\/italiano\/#website"},"datePublished":"2022-08-09T13:47:22+00:00","dateModified":"2022-08-09T14:04:19+00:00","description":"Ci impegniamo per rendere le nostre esperienze accessibili a tutti Acessibilit\u00e0 e fruibilit\u00e0 sono al centro del processo di progettazione delle nostre","breadcrumb":{"@id":"https:\/\/bondvigilantes.com\/italiano\/accessibilita\/#breadcrumb"},"inLanguage":"it-IT","potentialAction":[{"@type":"ReadAction","target":["https:\/\/bondvigilantes.com\/italiano\/accessibilita\/"]}]},{"@type":"BreadcrumbList","@id":"https:\/\/bondvigilantes.com\/italiano\/accessibilita\/#breadcrumb","itemListElement":[{"@type":"ListItem","position":1,"name":"Home","item":"https:\/\/bondvigilantes.com\/italiano\/"},{"@type":"ListItem","position":2,"name":"Accessibilit\u00e0"}]},{"@type":"WebSite","@id":"https:\/\/bondvigilantes.com\/italiano\/#website","url":"https:\/\/bondvigilantes.com\/italiano\/","name":"Italian","description":"M&amp;G","potentialAction":[{"@type":"SearchAction","target":{"@type":"EntryPoint","urlTemplate":"https:\/\/bondvigilantes.com\/italiano\/?s={search_term_string}"},"query-input":{"@type":"PropertyValueSpecification","valueRequired":true,"valueName":"search_term_string"}}],"inLanguage":"it-IT"}]}},"_links":{"self":[{"href":"https:\/\/bondvigilantes.com\/italiano\/wp-json\/wp\/v2\/pages\/23166","targetHints":{"allow":["GET"]}}],"collection":[{"href":"https:\/\/bondvigilantes.com\/italiano\/wp-json\/wp\/v2\/pages"}],"about":[{"href":"https:\/\/bondvigilantes.com\/italiano\/wp-json\/wp\/v2\/types\/page"}],"author":[{"embeddable":true,"href":"https:\/\/bondvigilantes.com\/italiano\/wp-json\/wp\/v2\/users\/169"}],"replies":[{"embeddable":true,"href":"https:\/\/bondvigilantes.com\/italiano\/wp-json\/wp\/v2\/comments?post=23166"}],"version-history":[{"count":0,"href":"https:\/\/bondvigilantes.com\/italiano\/wp-json\/wp\/v2\/pages\/23166\/revisions"}],"wp:attachment":[{"href":"https:\/\/bondvigilantes.com\/italiano\/wp-json\/wp\/v2\/media?parent=23166"}],"curies":[{"name":"wp","href":"https:\/\/api.w.org\/{rel}","templated":true}]}}